{"id":2425,"date":"2021-07-05T20:20:36","date_gmt":"2021-07-05T20:20:36","guid":{"rendered":"https:\/\/www.csiportal.com\/contacto-ee-uu\/"},"modified":"2023-04-05T12:29:17","modified_gmt":"2023-04-05T12:29:17","slug":"contacto-ee-uu","status":"publish","type":"page","link":"https:\/\/www.csiportal.com\/es\/contacto-ee-uu\/","title":{"rendered":"Contacto EE.\u00a0UU."},"content":{"rendered":"<div class=\"wpb-content-wrapper\"><p>[vc_row full_width=\u00bbstretch_row_content_no_spaces\u00bb el_class=\u00bbmapnm\u00bb][vc_column]<div class=\"google-map-wrapper no_border\"><div class=\"google-map\" id=\"google-map-area-69df3246b77d2\" style=\"width:100%; height:450px; \">&nbsp;<\/div><\/div>\n[\/vc_column][\/vc_row][vc_row css=\u00bb.vc_custom_1521044141128{margin-top: 50px !important;}\u00bb][vc_column width=\u00bb3\/12&#8243; css=\u00bb.vc_custom_1522247333937{margin-top: -145px !important;}\u00bb el_class=\u00bbcontactside\u00bb][vc_single_image image=\u00bb2428&#8243; img_size=\u00bbfull\u00bb][vc_row_inner css=\u00bb.vc_custom_1604433299948{padding-bottom: 30px !important;}\u00bb el_class=\u00bbgradientbox\u00bb][vc_column_inner][vc_custom_heading text=\u00bbCSi packaging\u00bb font_container=\u00bbtag:h2|font_size:26px|text_align:left|color:%23ffffff|line_height:40px\u00bb use_theme_fonts=\u00bbyes\u00bb][vc_column_text]5360 S. Laburnum Avenue<br \/>\nRichmond, VA 23231<br \/>\nEstados Unidos<\/p>\n<p><i class=\"icon-mail\" style=\"\" aria-hidden=\"true\"><\/i> info@CSipackagingindustry.com<br \/>\n<i class=\"icon-phone\" style=\"\" aria-hidden=\"true\"><\/i>+1 804 918 7145[\/vc_column_text][vc_btn title=\u00bbVer instalaciones realizadas\u00bb style=\u00bbflat\u00bb color=\u00bbblack\u00bb align=\u00bbcenter\u00bb button_block=\u00bbtrue\u00bb link=\u00bburl:https%3A%2F%2Fwww.csipackagingindustry.com%2Fabout-us%2F%23installation-base|\u00bb][\/vc_column_inner][\/vc_row_inner][\/vc_column][vc_column width=\u00bb1\/12&#8243;][\/vc_column][vc_column width=\u00bb8\/12&#8243;][vc_custom_heading text=\u00bbCSi palletising USA\u00bb font_container=\u00bbtag:h2|font_size:40px|text_align:left|line_height:40px\u00bb use_theme_fonts=\u00bbyes\u00bb el_class=\u00bbpuntend\u00bb]\n<div class=\"wpcf7 no-js\" id=\"wpcf7-f4219-o1\" lang=\"es-ES\" dir=\"ltr\" data-wpcf7-id=\"4219\">\n<div class=\"screen-reader-response\"><p role=\"status\" aria-live=\"polite\" aria-atomic=\"true\"><\/p> <ul><\/ul><\/div>\n<form action=\"\/es\/wp-json\/wp\/v2\/pages\/2425#wpcf7-f4219-o1\" method=\"post\" class=\"wpcf7-form init\" aria-label=\"Formulario de contacto\" novalidate=\"novalidate\" data-status=\"init\">\n<fieldset class=\"hidden-fields-container\"><input type=\"hidden\" name=\"_wpcf7\" value=\"4219\" \/><input type=\"hidden\" name=\"_wpcf7_version\" value=\"6.1.4\" \/><input type=\"hidden\" name=\"_wpcf7_locale\" value=\"es_ES\" \/><input type=\"hidden\" name=\"_wpcf7_unit_tag\" value=\"wpcf7-f4219-o1\" \/><input type=\"hidden\" name=\"_wpcf7_container_post\" value=\"0\" \/><input type=\"hidden\" name=\"_wpcf7_posted_data_hash\" value=\"\" \/><input type=\"hidden\" name=\"_wpcf7_recaptcha_response\" value=\"\" \/>\n<\/fieldset>\n<p><span class=\"wpcf7-form-control-wrap\" data-name=\"your-name\"><input size=\"40\" maxlength=\"400\" class=\"wpcf7-form-control wpcf7-text wpcf7-validates-as-required\" aria-required=\"true\" aria-invalid=\"false\" placeholder=\"Su nombre\" value=\"\" type=\"text\" name=\"your-name\" \/><\/span>\n<\/p>\n<p><span class=\"wpcf7-form-control-wrap\" data-name=\"your-email\"><input size=\"40\" maxlength=\"400\" class=\"wpcf7-form-control wpcf7-email wpcf7-validates-as-required wpcf7-text wpcf7-validates-as-email\" aria-required=\"true\" aria-invalid=\"false\" placeholder=\"Email\" value=\"\" type=\"email\" name=\"your-email\" \/><\/span>\n<\/p>\n<p><span class=\"wpcf7-form-control-wrap\" data-name=\"your-subject\"><input size=\"40\" maxlength=\"400\" class=\"wpcf7-form-control wpcf7-text\" aria-invalid=\"false\" placeholder=\"Tema\" value=\"\" type=\"text\" name=\"your-subject\" \/><\/span>\n<\/p>\n<p><span class=\"wpcf7-form-control-wrap\" data-name=\"your-message\"><textarea cols=\"40\" rows=\"10\" maxlength=\"2000\" class=\"wpcf7-form-control wpcf7-textarea\" aria-invalid=\"false\" placeholder=\"Mensaje\" name=\"your-message\"><\/textarea><\/span>\n<\/p>\n<p><input class=\"wpcf7-form-control wpcf7-submit has-spinner\" type=\"submit\" value=\"Enviar\" \/>\n<\/p><div class=\"wpcf7-response-output\" aria-hidden=\"true\"><\/div>\n<\/form>\n<\/div>\n[\/vc_column][\/vc_row][vc_row full_width=\u00bbstretch_row\u00bb el_class=\u00bbfooterslogan\u00bb css=\u00bb.vc_custom_1521044612966{background-color: #919dab !important;}\u00bb][vc_column][vc_column_text]<\/p>\n<p style=\"text-align: center;\">\u00bfDesea m\u00e1s informaci\u00f3n? <strong>\u00a1Ll\u00e1menos!<\/strong><\/p>\n<p>[\/vc_column_text][\/vc_column][\/vc_row]<\/p>\n<\/div>","protected":false},"excerpt":{"rendered":"<p>[vc_row full_width=\u00bbstretch_row_content_no_spaces\u00bb el_class=\u00bbmapnm\u00bb][vc_column][\/vc_column][\/vc_row][vc_row css=\u00bb.vc_custom_1521044141128{margin-top: 50px !important;}\u00bb][vc_column width=\u00bb3\/12&#8243; css=\u00bb.vc_custom_1522247333937{margin-top: -145px !important;}\u00bb el_class=\u00bbcontactside\u00bb][vc_single_image image=\u00bb2428&#8243; img_size=\u00bbfull\u00bb][vc_row_inner css=\u00bb.vc_custom_1604433299948{padding-bottom: 30px !important;}\u00bb el_class=\u00bbgradientbox\u00bb][vc_column_inner][vc_custom_heading text=\u00bbCSi packaging\u00bb font_container=\u00bbtag:h2|font_size:26px|text_align:left|color:%23ffffff|line_height:40px\u00bb use_theme_fonts=\u00bbyes\u00bb][vc_column_text]5360 S. Laburnum Avenue Richmond, VA<span class=\"excerpt-hellip\"> [\u2026]<\/span><\/p>\n","protected":false},"author":1,"featured_media":0,"parent":0,"menu_order":0,"comment_status":"closed","ping_status":"closed","template":"","meta":{"om_disable_all_campaigns":false,"footnotes":""},"class_list":["post-2425","page","type-page","status-publish","hentry"],"yoast_head":"<!-- This site is optimized with the Yoast SEO plugin v26.6 - https:\/\/yoast.com\/wordpress\/plugins\/seo\/ -->\n<title>Contacto EE.\u00a0UU | CSi palletising | Automatizaci\u00f3n postprensa y rob\u00f3tica<\/title>\n<meta name=\"description\" content=\"R\u00e9tenos con su pregunta o situaci\u00f3n y le sorprenderemos con la mejor soluci\u00f3n. D\u00e9jenos demostrarle nuestros conocimientos y cont\u00e1ctenos.\" \/>\n<meta name=\"robots\" content=\"index, follow, max-snippet:-1, max-image-preview:large, max-video-preview:-1\" \/>\n<link rel=\"canonical\" href=\"https:\/\/www.csiportal.com\/es\/contacto-ee-uu\/\" \/>\n<meta property=\"og:locale\" content=\"es_ES\" \/>\n<meta property=\"og:type\" content=\"article\" \/>\n<meta property=\"og:title\" content=\"Contacto EE.\u00a0UU | CSi palletising | Automatizaci\u00f3n postprensa y rob\u00f3tica\" \/>\n<meta property=\"og:description\" content=\"R\u00e9tenos con su pregunta o situaci\u00f3n y le sorprenderemos con la mejor soluci\u00f3n. D\u00e9jenos demostrarle nuestros conocimientos y cont\u00e1ctenos.\" \/>\n<meta property=\"og:url\" content=\"https:\/\/www.csiportal.com\/es\/contacto-ee-uu\/\" \/>\n<meta property=\"og:site_name\" content=\"CSi palletising\" \/>\n<meta property=\"article:modified_time\" content=\"2023-04-05T12:29:17+00:00\" \/>\n<meta name=\"twitter:card\" content=\"summary_large_image\" \/>\n<meta name=\"twitter:label1\" content=\"Tiempo de lectura\" \/>\n\t<meta name=\"twitter:data1\" content=\"1 minuto\" \/>\n<script type=\"application\/ld+json\" class=\"yoast-schema-graph\">{\"@context\":\"https:\/\/schema.org\",\"@graph\":[{\"@type\":\"WebPage\",\"@id\":\"https:\/\/www.csiportal.com\/es\/contacto-ee-uu\/\",\"url\":\"https:\/\/www.csiportal.com\/es\/contacto-ee-uu\/\",\"name\":\"Contacto EE.\u00a0UU | CSi palletising | Automatizaci\u00f3n postprensa y rob\u00f3tica\",\"isPartOf\":{\"@id\":\"https:\/\/www.csiportal.com\/es\/#website\"},\"datePublished\":\"2021-07-05T20:20:36+00:00\",\"dateModified\":\"2023-04-05T12:29:17+00:00\",\"description\":\"R\u00e9tenos con su pregunta o situaci\u00f3n y le sorprenderemos con la mejor soluci\u00f3n. D\u00e9jenos demostrarle nuestros conocimientos y cont\u00e1ctenos.\",\"breadcrumb\":{\"@id\":\"https:\/\/www.csiportal.com\/es\/contacto-ee-uu\/#breadcrumb\"},\"inLanguage\":\"es\",\"potentialAction\":[{\"@type\":\"ReadAction\",\"target\":[\"https:\/\/www.csiportal.com\/es\/contacto-ee-uu\/\"]}]},{\"@type\":\"BreadcrumbList\",\"@id\":\"https:\/\/www.csiportal.com\/es\/contacto-ee-uu\/#breadcrumb\",\"itemListElement\":[{\"@type\":\"ListItem\",\"position\":1,\"name\":\"Home\",\"item\":\"https:\/\/www.csiportal.com\/es\/\"},{\"@type\":\"ListItem\",\"position\":2,\"name\":\"Contacto EE.\u00a0UU.\"}]},{\"@type\":\"WebSite\",\"@id\":\"https:\/\/www.csiportal.com\/es\/#website\",\"url\":\"https:\/\/www.csiportal.com\/es\/\",\"name\":\"CSi palletising\",\"description\":\"\",\"potentialAction\":[{\"@type\":\"SearchAction\",\"target\":{\"@type\":\"EntryPoint\",\"urlTemplate\":\"https:\/\/www.csiportal.com\/es\/?s={search_term_string}\"},\"query-input\":{\"@type\":\"PropertyValueSpecification\",\"valueRequired\":true,\"valueName\":\"search_term_string\"}}],\"inLanguage\":\"es\"}]}<\/script>\n<!-- \/ Yoast SEO plugin. -->","yoast_head_json":{"title":"Contacto EE.\u00a0UU | CSi palletising | Automatizaci\u00f3n postprensa y rob\u00f3tica","description":"R\u00e9tenos con su pregunta o situaci\u00f3n y le sorprenderemos con la mejor soluci\u00f3n. D\u00e9jenos demostrarle nuestros conocimientos y cont\u00e1ctenos.","robots":{"index":"index","follow":"follow","max-snippet":"max-snippet:-1","max-image-preview":"max-image-preview:large","max-video-preview":"max-video-preview:-1"},"canonical":"https:\/\/www.csiportal.com\/es\/contacto-ee-uu\/","og_locale":"es_ES","og_type":"article","og_title":"Contacto EE.\u00a0UU | CSi palletising | Automatizaci\u00f3n postprensa y rob\u00f3tica","og_description":"R\u00e9tenos con su pregunta o situaci\u00f3n y le sorprenderemos con la mejor soluci\u00f3n. D\u00e9jenos demostrarle nuestros conocimientos y cont\u00e1ctenos.","og_url":"https:\/\/www.csiportal.com\/es\/contacto-ee-uu\/","og_site_name":"CSi palletising","article_modified_time":"2023-04-05T12:29:17+00:00","twitter_card":"summary_large_image","twitter_misc":{"Tiempo de lectura":"1 minuto"},"schema":{"@context":"https:\/\/schema.org","@graph":[{"@type":"WebPage","@id":"https:\/\/www.csiportal.com\/es\/contacto-ee-uu\/","url":"https:\/\/www.csiportal.com\/es\/contacto-ee-uu\/","name":"Contacto EE.\u00a0UU | CSi palletising | Automatizaci\u00f3n postprensa y rob\u00f3tica","isPartOf":{"@id":"https:\/\/www.csiportal.com\/es\/#website"},"datePublished":"2021-07-05T20:20:36+00:00","dateModified":"2023-04-05T12:29:17+00:00","description":"R\u00e9tenos con su pregunta o situaci\u00f3n y le sorprenderemos con la mejor soluci\u00f3n. D\u00e9jenos demostrarle nuestros conocimientos y cont\u00e1ctenos.","breadcrumb":{"@id":"https:\/\/www.csiportal.com\/es\/contacto-ee-uu\/#breadcrumb"},"inLanguage":"es","potentialAction":[{"@type":"ReadAction","target":["https:\/\/www.csiportal.com\/es\/contacto-ee-uu\/"]}]},{"@type":"BreadcrumbList","@id":"https:\/\/www.csiportal.com\/es\/contacto-ee-uu\/#breadcrumb","itemListElement":[{"@type":"ListItem","position":1,"name":"Home","item":"https:\/\/www.csiportal.com\/es\/"},{"@type":"ListItem","position":2,"name":"Contacto EE.\u00a0UU."}]},{"@type":"WebSite","@id":"https:\/\/www.csiportal.com\/es\/#website","url":"https:\/\/www.csiportal.com\/es\/","name":"CSi palletising","description":"","potentialAction":[{"@type":"SearchAction","target":{"@type":"EntryPoint","urlTemplate":"https:\/\/www.csiportal.com\/es\/?s={search_term_string}"},"query-input":{"@type":"PropertyValueSpecification","valueRequired":true,"valueName":"search_term_string"}}],"inLanguage":"es"}]}},"_links":{"self":[{"href":"https:\/\/www.csiportal.com\/es\/wp-json\/wp\/v2\/pages\/2425","targetHints":{"allow":["GET"]}}],"collection":[{"href":"https:\/\/www.csiportal.com\/es\/wp-json\/wp\/v2\/pages"}],"about":[{"href":"https:\/\/www.csiportal.com\/es\/wp-json\/wp\/v2\/types\/page"}],"author":[{"embeddable":true,"href":"https:\/\/www.csiportal.com\/es\/wp-json\/wp\/v2\/users\/1"}],"replies":[{"embeddable":true,"href":"https:\/\/www.csiportal.com\/es\/wp-json\/wp\/v2\/comments?post=2425"}],"version-history":[{"count":11,"href":"https:\/\/www.csiportal.com\/es\/wp-json\/wp\/v2\/pages\/2425\/revisions"}],"predecessor-version":[{"id":4484,"href":"https:\/\/www.csiportal.com\/es\/wp-json\/wp\/v2\/pages\/2425\/revisions\/4484"}],"wp:attachment":[{"href":"https:\/\/www.csiportal.com\/es\/wp-json\/wp\/v2\/media?parent=2425"}],"curies":[{"name":"wp","href":"https:\/\/api.w.org\/{rel}","templated":true}]}}