{"id":2714,"date":"2021-07-06T02:04:22","date_gmt":"2021-07-06T02:04:22","guid":{"rendered":"https:\/\/www.csiportal.com\/servicio\/piezas-de-repuesto\/"},"modified":"2025-12-04T16:37:45","modified_gmt":"2025-12-04T15:37:45","slug":"piezas-de-repuesto","status":"publish","type":"page","link":"https:\/\/www.csiportal.com\/es\/servicio\/piezas-de-repuesto\/","title":{"rendered":"Piezas de repuesto"},"content":{"rendered":"<div class=\"wpb-content-wrapper\"><p>[vc_row css=\u00bb.vc_custom_1521044141128{margin-top: 50px !important;}\u00bb][vc_column width=\u00bb1\/2&#8243;][vc_custom_heading text=\u00bbPiezas de repuesto\u00bb font_container=\u00bbtag:h2|font_size:40px|text_align:left|line_height:40px\u00bb use_theme_fonts=\u00bbyes\u00bb el_class=\u00bbpuntend\u00bb][vc_custom_heading text=\u00bbEl suministro de piezas de repuesto y consumibles es una parte integral de la oferta de servicios de CSi. Incluye piezas de repuesto para sus existencias as\u00ed como la r\u00e1pida entrega de piezas para las tareas de mantenimiento y las aver\u00edas. Durante la ejecuci\u00f3n de un proyecto, CSi preparar\u00e1 ya la lista inicial de piezas con usted para que tenga las piezas relevantes disponibles durante las fases de arranque.\u00bb font_container=\u00bbtag:h3|font_size:18px|text_align:left|line_height:22px\u00bb google_fonts=\u00bbfont_family:Open%20Sans%3A300%2C300italic%2Cregular%2Citalic%2C600%2C600italic%2C700%2C700italic%2C800%2C800italic|font_style:400%20italic%3A400%3Aitalic\u00bb el_class=\u00bbpuntend\u00bb][vc_column_text]Las unidades premontadas permiten reducir el tiempo de inactividad del equipo. Los t\u00e9cnicos de mantenimiento de CSi le asistir\u00e1n a la hora de reunir el stock m\u00e1s adecuado de piezas premontadas. Como proveedor de soluciones llave en mano, CSi ofrece soporte para todo el equipo suministrado en su \u00e1mbito. Para usted, como cliente, solo habr\u00e1 un solo punto de contacto. Para pedir piezas, rellene el formulario de solicitud. Tambi\u00e9n puede llamarnos al +31 162 575 180 en horario de oficina o escribirnos a <a href=\"mailto:spareparts.CSi@Mpac-Group.com\">spareparts.CSi@Mpac-Group.com<\/a>[\/vc_column_text][vc_btn title=\u00bbEscr\u00edbanos\u00bb style=\u00bbflat\u00bb color=\u00bbdanger\u00bb align=\u00bbleft\u00bb el_class=\u00bbleftbutton\u00bb link=\u00bburl:mailto%3Aspareparts.CSi%40Mpac-Group.com\u00bb][\/vc_column][vc_column width=\u00bb1\/2&#8243;][vc_single_image image=\u00bb2721&#8243; img_size=\u00bbfull\u00bb][\/vc_column][\/vc_row][vc_row el_class=\u00bbbordertoplicht\u00bb][vc_column][vc_custom_heading text=\u00bbDescubra todos nuestros servicios integrales\u00bb font_container=\u00bbtag:h4|text_align:left|color:%23575a71&#8243; use_theme_fonts=\u00bbyes\u00bb el_class=\u00bbpuntend\u00bb][\/vc_column][\/vc_row][vc_row el_class=\u00bbnomargin iconrow lifeserv\u00bb][vc_column width=\u00bb1\/4&#8243; el_class=\u00bbicon3regels\u00bb]<div class=\"icon_box icon_position_left no_border\"><a class=\"\" href=\"https:\/\/www.csiportal.com\/es\/servicio\/mantenimiento-reparacion-reacondicionamiento\/\"   title=\"\"><div class=\"image_wrapper\"><img loading=\"lazy\" decoding=\"async\" class=\"scale-with-grid\" src=\"https:\/\/www.csiportal.com\/wp-content\/uploads\/2020\/11\/icon-maintenance.png\" alt=\"icon-maintenance\" width=\"74\" height=\"82\"\/><\/div><div class=\"desc_wrapper\"><h4 class=\"title \">Mantenimiento, reparaci\u00f3n, reacondicionamiento<\/h4><\/div><\/a><\/div>\n[\/vc_column][vc_column width=\u00bb1\/4&#8243;]<div class=\"icon_box icon_position_left no_border\"><a class=\"\" href=\"https:\/\/www.csiportal.com\/es\/servicio\/piezas-de-repuesto\/\"   title=\"\"><div class=\"image_wrapper\"><img loading=\"lazy\" decoding=\"async\" class=\"scale-with-grid\" src=\"https:\/\/www.csiportal.com\/wp-content\/uploads\/2020\/11\/apre-new.png\" alt=\"apre-new\" width=\"74\" height=\"82\"\/><\/div><div class=\"desc_wrapper\"><h4 class=\"title \">Piezas de repuesto<\/h4><\/div><\/a><\/div>\n[\/vc_column][vc_column width=\u00bb1\/4&#8243;]<div class=\"icon_box icon_position_left no_border\"><a class=\"\" href=\"https:\/\/www.csiportal.com\/es\/servicio\/formacion\/\"   title=\"\"><div class=\"image_wrapper\"><img loading=\"lazy\" decoding=\"async\" class=\"scale-with-grid\" src=\"https:\/\/www.csiportal.com\/wp-content\/uploads\/2020\/11\/icon-training.png\" alt=\"icon-training\" width=\"74\" height=\"82\"\/><\/div><div class=\"desc_wrapper\"><h4 class=\"title \">Formaci\u00f3n<\/h4><\/div><\/a><\/div>\n[\/vc_column][vc_column width=\u00bb1\/4&#8243;]<div class=\"icon_box icon_position_left no_border\"><a class=\"\" href=\"https:\/\/www.csiportal.com\/es\/servicio\/asesoramiento\/\"   title=\"\"><div class=\"image_wrapper\"><img loading=\"lazy\" decoding=\"async\" class=\"scale-with-grid\" src=\"https:\/\/www.csiportal.com\/wp-content\/uploads\/2020\/11\/icon-consultancy.png\" alt=\"icon-consultancy\" width=\"74\" height=\"82\"\/><\/div><div class=\"desc_wrapper\"><h4 class=\"title \">Asesoramiento<\/h4><\/div><\/a><\/div>\n[\/vc_column][\/vc_row][vc_row el_class=\u00bbnomargin iconrow lifeserv\u00bb][vc_column width=\u00bb1\/4&#8243;]<div class=\"icon_box icon_position_left no_border\"><a class=\"\" href=\"https:\/\/www.csiportal.com\/es\/servicio\/servicios-remotos\/\"   title=\"\"><div class=\"image_wrapper\"><img loading=\"lazy\" decoding=\"async\" class=\"scale-with-grid\" src=\"https:\/\/www.csiportal.com\/wp-content\/uploads\/2020\/11\/icon-remoteservices.png\" alt=\"icon-remoteservices\" width=\"74\" height=\"82\"\/><\/div><div class=\"desc_wrapper\"><h4 class=\"title \">Servicios remotos<\/h4><\/div><\/a><\/div>\n[\/vc_column][vc_column width=\u00bb1\/4&#8243; el_class=\u00bbicon2regels\u00bb]<div class=\"icon_box icon_position_left no_border\"><a class=\"\" href=\"https:\/\/www.csiportal.com\/es\/servicio\/asistencia-para-la-puesta-en-marcha\/\"   title=\"\"><div class=\"image_wrapper\"><img loading=\"lazy\" decoding=\"async\" class=\"scale-with-grid\" src=\"https:\/\/www.csiportal.com\/wp-content\/uploads\/2021\/04\/icon-wit-verticalstartup.png\" alt=\"icon-wit-verticalstartup\" width=\"74\" height=\"82\"\/><\/div><div class=\"desc_wrapper\"><h4 class=\"title \">Asistencia para la puesta en marcha<\/h4><\/div><\/a><\/div>\n[\/vc_column][vc_column width=\u00bb1\/4&#8243;]<div class=\"icon_box icon_position_left no_border\"><a class=\"\" href=\"https:\/\/www.csiportal.com\/es\/servicio\/asistencia-24-7\/\"   title=\"\"><div class=\"image_wrapper\"><img loading=\"lazy\" decoding=\"async\" class=\"scale-with-grid\" src=\"https:\/\/www.csiportal.com\/wp-content\/uploads\/2020\/11\/icon-support.png\" alt=\"icon-support\" width=\"74\" height=\"82\"\/><\/div><div class=\"desc_wrapper\"><h4 class=\"title \">Asistencia 24\/7<\/h4><\/div><\/a><\/div>\n[\/vc_column][vc_column width=\u00bb1\/4&#8243;]<div class=\"icon_box icon_position_left no_border\"><a class=\"\" href=\"https:\/\/www.csiportal.com\/es\/servicio\/ubicaciones\/\"   title=\"\"><div class=\"image_wrapper\"><img loading=\"lazy\" decoding=\"async\" class=\"scale-with-grid\" src=\"https:\/\/www.csiportal.com\/wp-content\/uploads\/2020\/11\/icon-locations.png\" alt=\"icon-locations\" width=\"74\" height=\"82\"\/><\/div><div class=\"desc_wrapper\"><h4 class=\"title \">Ubicaciones<\/h4><\/div><\/a><\/div>\n[\/vc_column][\/vc_row][vc_row full_width=\u00bbstretch_row\u00bb el_class=\u00bbfooterslogan\u00bb css=\u00bb.vc_custom_1521044612966{background-color: #919dab !important;}\u00bb][vc_column][vc_column_text]<\/p>\n<p style=\"text-align: center;\">\u00bfDesea m\u00e1s informaci\u00f3n? <strong>\u00a1Ll\u00e1menos!<\/strong><\/p>\n<p>[\/vc_column_text][\/vc_column][\/vc_row]<\/p>\n<\/div>","protected":false},"excerpt":{"rendered":"<p>[vc_row css=\u00bb.vc_custom_1521044141128{margin-top: 50px !important;}\u00bb][vc_column width=\u00bb1\/2&#8243;][vc_custom_heading text=\u00bbPiezas de repuesto\u00bb font_container=\u00bbtag:h2|font_size:40px|text_align:left|line_height:40px\u00bb use_theme_fonts=\u00bbyes\u00bb el_class=\u00bbpuntend\u00bb][vc_custom_heading text=\u00bbEl suministro de piezas de repuesto y consumibles es una parte integral de la oferta<span class=\"excerpt-hellip\"> [\u2026]<\/span><\/p>\n","protected":false},"author":1,"featured_media":0,"parent":2540,"menu_order":0,"comment_status":"closed","ping_status":"closed","template":"","meta":{"om_disable_all_campaigns":false,"footnotes":""},"class_list":["post-2714","page","type-page","status-publish","hentry"],"yoast_head":"<!-- This site is optimized with the Yoast SEO plugin v26.6 - https:\/\/yoast.com\/wordpress\/plugins\/seo\/ -->\n<title>Piezas de repuesto | Una parte integral de la oferta de servicios y mantenimiento de CSi.<\/title>\n<meta name=\"description\" content=\"Los t\u00e9cnicos de mantenimiento le asistir\u00e1n a la hora de reunir el stock m\u00e1s adecuado de piezas de repuesto. Ofrecemos soporte para todo el equipo suministrado.\" \/>\n<meta name=\"robots\" content=\"index, follow, max-snippet:-1, max-image-preview:large, max-video-preview:-1\" \/>\n<link rel=\"canonical\" href=\"https:\/\/www.csiportal.com\/es\/servicio\/piezas-de-repuesto\/\" \/>\n<meta property=\"og:locale\" content=\"es_ES\" \/>\n<meta property=\"og:type\" content=\"article\" \/>\n<meta property=\"og:title\" content=\"Piezas de repuesto | Una parte integral de la oferta de servicios y mantenimiento de CSi.\" \/>\n<meta property=\"og:description\" content=\"Los t\u00e9cnicos de mantenimiento le asistir\u00e1n a la hora de reunir el stock m\u00e1s adecuado de piezas de repuesto. Ofrecemos soporte para todo el equipo suministrado.\" \/>\n<meta property=\"og:url\" content=\"https:\/\/www.csiportal.com\/es\/servicio\/piezas-de-repuesto\/\" \/>\n<meta property=\"og:site_name\" content=\"CSi palletising\" \/>\n<meta property=\"article:modified_time\" content=\"2025-12-04T15:37:45+00:00\" \/>\n<meta name=\"twitter:card\" content=\"summary_large_image\" \/>\n<meta name=\"twitter:label1\" content=\"Tiempo de lectura\" \/>\n\t<meta name=\"twitter:data1\" content=\"3 minutos\" \/>\n<script type=\"application\/ld+json\" class=\"yoast-schema-graph\">{\"@context\":\"https:\/\/schema.org\",\"@graph\":[{\"@type\":\"WebPage\",\"@id\":\"https:\/\/www.csiportal.com\/es\/servicio\/piezas-de-repuesto\/\",\"url\":\"https:\/\/www.csiportal.com\/es\/servicio\/piezas-de-repuesto\/\",\"name\":\"Piezas de repuesto | Una parte integral de la oferta de servicios y mantenimiento de CSi.\",\"isPartOf\":{\"@id\":\"https:\/\/www.csiportal.com\/es\/#website\"},\"datePublished\":\"2021-07-06T02:04:22+00:00\",\"dateModified\":\"2025-12-04T15:37:45+00:00\",\"description\":\"Los t\u00e9cnicos de mantenimiento le asistir\u00e1n a la hora de reunir el stock m\u00e1s adecuado de piezas de repuesto. Ofrecemos soporte para todo el equipo suministrado.\",\"breadcrumb\":{\"@id\":\"https:\/\/www.csiportal.com\/es\/servicio\/piezas-de-repuesto\/#breadcrumb\"},\"inLanguage\":\"es\",\"potentialAction\":[{\"@type\":\"ReadAction\",\"target\":[\"https:\/\/www.csiportal.com\/es\/servicio\/piezas-de-repuesto\/\"]}]},{\"@type\":\"BreadcrumbList\",\"@id\":\"https:\/\/www.csiportal.com\/es\/servicio\/piezas-de-repuesto\/#breadcrumb\",\"itemListElement\":[{\"@type\":\"ListItem\",\"position\":1,\"name\":\"Home\",\"item\":\"https:\/\/www.csiportal.com\/es\/\"},{\"@type\":\"ListItem\",\"position\":2,\"name\":\"Servicio\",\"item\":\"https:\/\/www.csiportal.com\/es\/servicio\/\"},{\"@type\":\"ListItem\",\"position\":3,\"name\":\"Piezas de repuesto\"}]},{\"@type\":\"WebSite\",\"@id\":\"https:\/\/www.csiportal.com\/es\/#website\",\"url\":\"https:\/\/www.csiportal.com\/es\/\",\"name\":\"CSi palletising\",\"description\":\"\",\"potentialAction\":[{\"@type\":\"SearchAction\",\"target\":{\"@type\":\"EntryPoint\",\"urlTemplate\":\"https:\/\/www.csiportal.com\/es\/?s={search_term_string}\"},\"query-input\":{\"@type\":\"PropertyValueSpecification\",\"valueRequired\":true,\"valueName\":\"search_term_string\"}}],\"inLanguage\":\"es\"}]}<\/script>\n<!-- \/ Yoast SEO plugin. -->","yoast_head_json":{"title":"Piezas de repuesto | Una parte integral de la oferta de servicios y mantenimiento de CSi.","description":"Los t\u00e9cnicos de mantenimiento le asistir\u00e1n a la hora de reunir el stock m\u00e1s adecuado de piezas de repuesto. Ofrecemos soporte para todo el equipo suministrado.","robots":{"index":"index","follow":"follow","max-snippet":"max-snippet:-1","max-image-preview":"max-image-preview:large","max-video-preview":"max-video-preview:-1"},"canonical":"https:\/\/www.csiportal.com\/es\/servicio\/piezas-de-repuesto\/","og_locale":"es_ES","og_type":"article","og_title":"Piezas de repuesto | Una parte integral de la oferta de servicios y mantenimiento de CSi.","og_description":"Los t\u00e9cnicos de mantenimiento le asistir\u00e1n a la hora de reunir el stock m\u00e1s adecuado de piezas de repuesto. Ofrecemos soporte para todo el equipo suministrado.","og_url":"https:\/\/www.csiportal.com\/es\/servicio\/piezas-de-repuesto\/","og_site_name":"CSi palletising","article_modified_time":"2025-12-04T15:37:45+00:00","twitter_card":"summary_large_image","twitter_misc":{"Tiempo de lectura":"3 minutos"},"schema":{"@context":"https:\/\/schema.org","@graph":[{"@type":"WebPage","@id":"https:\/\/www.csiportal.com\/es\/servicio\/piezas-de-repuesto\/","url":"https:\/\/www.csiportal.com\/es\/servicio\/piezas-de-repuesto\/","name":"Piezas de repuesto | Una parte integral de la oferta de servicios y mantenimiento de CSi.","isPartOf":{"@id":"https:\/\/www.csiportal.com\/es\/#website"},"datePublished":"2021-07-06T02:04:22+00:00","dateModified":"2025-12-04T15:37:45+00:00","description":"Los t\u00e9cnicos de mantenimiento le asistir\u00e1n a la hora de reunir el stock m\u00e1s adecuado de piezas de repuesto. Ofrecemos soporte para todo el equipo suministrado.","breadcrumb":{"@id":"https:\/\/www.csiportal.com\/es\/servicio\/piezas-de-repuesto\/#breadcrumb"},"inLanguage":"es","potentialAction":[{"@type":"ReadAction","target":["https:\/\/www.csiportal.com\/es\/servicio\/piezas-de-repuesto\/"]}]},{"@type":"BreadcrumbList","@id":"https:\/\/www.csiportal.com\/es\/servicio\/piezas-de-repuesto\/#breadcrumb","itemListElement":[{"@type":"ListItem","position":1,"name":"Home","item":"https:\/\/www.csiportal.com\/es\/"},{"@type":"ListItem","position":2,"name":"Servicio","item":"https:\/\/www.csiportal.com\/es\/servicio\/"},{"@type":"ListItem","position":3,"name":"Piezas de repuesto"}]},{"@type":"WebSite","@id":"https:\/\/www.csiportal.com\/es\/#website","url":"https:\/\/www.csiportal.com\/es\/","name":"CSi palletising","description":"","potentialAction":[{"@type":"SearchAction","target":{"@type":"EntryPoint","urlTemplate":"https:\/\/www.csiportal.com\/es\/?s={search_term_string}"},"query-input":{"@type":"PropertyValueSpecification","valueRequired":true,"valueName":"search_term_string"}}],"inLanguage":"es"}]}},"_links":{"self":[{"href":"https:\/\/www.csiportal.com\/es\/wp-json\/wp\/v2\/pages\/2714","targetHints":{"allow":["GET"]}}],"collection":[{"href":"https:\/\/www.csiportal.com\/es\/wp-json\/wp\/v2\/pages"}],"about":[{"href":"https:\/\/www.csiportal.com\/es\/wp-json\/wp\/v2\/types\/page"}],"author":[{"embeddable":true,"href":"https:\/\/www.csiportal.com\/es\/wp-json\/wp\/v2\/users\/1"}],"replies":[{"embeddable":true,"href":"https:\/\/www.csiportal.com\/es\/wp-json\/wp\/v2\/comments?post=2714"}],"version-history":[{"count":18,"href":"https:\/\/www.csiportal.com\/es\/wp-json\/wp\/v2\/pages\/2714\/revisions"}],"predecessor-version":[{"id":9034,"href":"https:\/\/www.csiportal.com\/es\/wp-json\/wp\/v2\/pages\/2714\/revisions\/9034"}],"up":[{"embeddable":true,"href":"https:\/\/www.csiportal.com\/es\/wp-json\/wp\/v2\/pages\/2540"}],"wp:attachment":[{"href":"https:\/\/www.csiportal.com\/es\/wp-json\/wp\/v2\/media?parent=2714"}],"curies":[{"name":"wp","href":"https:\/\/api.w.org\/{rel}","templated":true}]}}