{"id":3081,"date":"2021-07-09T15:41:07","date_gmt":"2021-07-09T15:41:07","guid":{"rendered":"https:\/\/www.csiportal.com\/soluciones\/soluciones-de-paletizado\/paletizado-multilinea-multicarga\/"},"modified":"2023-06-06T09:15:23","modified_gmt":"2023-06-06T09:15:23","slug":"paletizado-multilinea-multicarga","status":"publish","type":"page","link":"https:\/\/www.csiportal.com\/es\/soluciones\/soluciones-de-paletizado\/paletizado-multilinea-multicarga\/","title":{"rendered":"Paletizado multil\u00ednea\/multicarga"},"content":{"rendered":"<div class=\"wpb-content-wrapper\"><p>[vc_row css=\u00bb.vc_custom_1521044141128{margin-top: 50px !important;}\u00bb][vc_column width=\u00bb1\/4&#8243; el_class=\u00bbsolsidebar\u00bb][vc_widget_sidebar sidebar_id=\u00bbsidebar-palletising-solutions\u00bb][\/vc_column][vc_column width=\u00bb3\/4&#8243; el_class=\u00bbsoldetailtext\u00bb][vc_row_inner][vc_column_inner width=\u00bb4\/6&#8243;][vc_custom_heading text=\u00bbPaletizado multil\u00ednea \/ multicarga\u00bb use_theme_fonts=\u00bbyes\u00bb el_class=\u00bbpuntend\u00bb][vc_custom_heading text=\u00bbEste tipo de disposici\u00f3n es id\u00f3neo para grandes instalaciones de producci\u00f3n.\u00bb font_container=\u00bbtag:h3|font_size:18|text_align:left|line_height:22px\u00bb google_fonts=\u00bbfont_family:Open%20Sans%3A300%2C300italic%2Cregular%2Citalic%2C600%2C600italic%2C700%2C700italic%2C800%2C800italic|font_style:400%20italic%3A400%3Aitalic\u00bb el_class=\u00bbpuntend\u00bb][\/vc_column_inner][vc_column_inner width=\u00bb2\/6&#8243;][vc_btn title=\u00bbCont\u00e1ctenos\u00bb style=\u00bbflat\u00bb color=\u00bbdanger\u00bb align=\u00bbright\u00bb link=\u00bburl:https%3A%2F%2Fwww.csiportal.com%2Fes%2Fcontactenos-mexico%2F|title:Cont%C3%A1ctenos-Mexico\u00bb][\/vc_column_inner][\/vc_row_inner][vc_row_inner equal_height=\u00bbyes\u00bb gap=\u00bb15&#8243; el_class=\u00bbnomargindiv soldetail2col\u00bb][vc_column_inner el_class=\u00bbimgcol\u00bb width=\u00bb1\/2&#8243;][vc_single_image image=\u00bb3086&#8243; img_size=\u00bbfull\u00bb style=\u00bbvc_box_rounded\u00bb][\/vc_column_inner][vc_column_inner width=\u00bb1\/2&#8243;][vc_single_image image=\u00bb3084&#8243; img_size=\u00bbfull\u00bb style=\u00bbvc_box_rounded\u00bb][\/vc_column_inner][\/vc_row_inner][vc_custom_heading text=\u00bbEs la opci\u00f3n ideal para casos en los que simplemente no hay espacio en la nave de producci\u00f3n para paletizadoras dedicadas o en los que hay demasiadas l\u00edneas de producci\u00f3n que paletizar a la vez y el uso de m\u00e1quinas dedicadas ocupar\u00eda una cantidad desproporcionada de espacio en el suelo.\u00bb font_container=\u00bbtag:div|font_size:18px|text_align:left|color:%23cd2e32&#8243; google_fonts=\u00bbfont_family:Open%20Sans%3A300%2C300italic%2Cregular%2Citalic%2C600%2C600italic%2C700%2C700italic%2C800%2C800italic|font_style:400%20italic%3A400%3Aitalic\u00bb el_class=\u00bbpuntend\u00bb][vc_column_text]Los sistemas multicarga est\u00e1n dise\u00f1ados para acumular y paletizar varios productos de distintas l\u00edneas de producci\u00f3n y est\u00e1n formados por carriles de acumulaci\u00f3n dedicados \u2014siendo cada uno de estos al menos tan largo como una carga de palet completa\u2014 y una serie de paletizadoras de alta velocidad. La longitud de los carriles de acumulaci\u00f3n est\u00e1 dise\u00f1ada para acumular el producto que crea la longitud continua m\u00e1s larga al tocarse una caja con otra. Entonces, las paletizadoras de alta velocidad paletizan cada carril de productos, uno tras otro, cuando cada carril de acumulaci\u00f3n alcanza el n\u00famero necesario de cajas para formar una carga de palet completa.[\/vc_column_text][vc_custom_heading text=\u00bbSepa m\u00e1s sobre nuestro producto\u00bb font_container=\u00bbtag:div|font_size:16px|text_align:left|color:%23cd2e32&#8243; google_fonts=\u00bbfont_family:Open%20Sans%3A300%2C300italic%2Cregular%2Citalic%2C600%2C600italic%2C700%2C700italic%2C800%2C800italic|font_style:600%20bold%20regular%3A600%3Anormal\u00bb el_class=\u00bbpuntend\u00bb css=\u00bb.vc_custom_1604410102393{margin-bottom: 15px !important;}\u00bb][vc_row_inner el_class=\u00bbnomargin iconrow\u00bb][vc_column_inner width=\u00bb1\/3&#8243;]<div class=\"icon_box icon_position_left no_border\"><a class=\"\" href=\"https:\/\/www.csiportal.com\/es\/soluciones\/soluciones-de-paletizado\/paletizado-multilinea-multicarga\/linex\/\"   title=\"\"><div class=\"icon_wrapper\"><div class=\"icon\"><i class=\"icon-dot-3\" aria-hidden=\"true\"><\/i><\/div><\/div><div class=\"desc_wrapper\"><h4 class=\"title \">LINEx<\/h4><\/div><\/a><\/div>\n[\/vc_column_inner][vc_column_inner width=\u00bb1\/3&#8243;]<div class=\"icon_box icon_position_left no_border\"><a class=\"\" href=\"https:\/\/www.csiportal.com\/es\/soluciones\/soluciones-de-paletizado\/paletizado-multilinea-multicarga\/taros\/\"   title=\"\"><div class=\"icon_wrapper\"><div class=\"icon\"><i class=\"icon-dot-3\" aria-hidden=\"true\"><\/i><\/div><\/div><div class=\"desc_wrapper\"><h4 class=\"title \">Taros<\/h4><\/div><\/a><\/div>\n[\/vc_column_inner][vc_column_inner width=\u00bb1\/3&#8243;]<div class=\"icon_box icon_position_left no_border\"><a class=\"\" href=\"https:\/\/www.csiportal.com\/es\/soluciones\/soluciones-de-paletizado\/paletizado-multilinea-multicarga\/c5000\/\"   title=\"\"><div class=\"icon_wrapper\"><div class=\"icon\"><i class=\"icon-dot-3\" aria-hidden=\"true\"><\/i><\/div><\/div><div class=\"desc_wrapper\"><h4 class=\"title \">C5000<\/h4><\/div><\/a><\/div>\n[\/vc_column_inner][\/vc_row_inner][vc_row_inner el_class=\u00bbnomargin iconrow ipadp3n2&#8243;][vc_column_inner width=\u00bb1\/3&#8243;]<div class=\"icon_box icon_position_left no_border\"><a class=\"\" href=\"https:\/\/www.csiportal.com\/es\/soluciones\/soluciones-de-paletizado\/paletizado-multilinea-multicarga\/grua-portico\/\"   title=\"\"><div class=\"icon_wrapper\"><div class=\"icon\"><i class=\"icon-dot-3\" aria-hidden=\"true\"><\/i><\/div><\/div><div class=\"desc_wrapper\"><h4 class=\"title \">Gr\u00faa p\u00f3rtico<\/h4><\/div><\/a><\/div>\n[\/vc_column_inner][vc_column_inner el_class=\u00bbicon2regels\u00bb width=\u00bb1\/3&#8243;]<div class=\"icon_box icon_position_left no_border\"><a class=\"\" href=\"https:\/\/www.csiportal.com\/es\/soluciones\/soluciones-de-paletizado\/paletizado-multilinea-multicarga\/paletizadora-multi-load-bag\/\"   title=\"\"><div class=\"icon_wrapper\"><div class=\"icon\"><i class=\"icon-dot-3\" aria-hidden=\"true\"><\/i><\/div><\/div><div class=\"desc_wrapper\"><h4 class=\"title \">Paletizadora Multi Load Bag<\/h4><\/div><\/a><\/div>\n[\/vc_column_inner][vc_column_inner width=\u00bb1\/3&#8243;][\/vc_column_inner][\/vc_row_inner][vc_btn title=\u00bbCont\u00e1ctenos\u00bb style=\u00bbflat\u00bb color=\u00bbdanger\u00bb align=\u00bbleft\u00bb el_class=\u00bbleftbutton\u00bb link=\u00bburl:https%3A%2F%2Fwww.csiportal.com%2Fes%2Fcontactenos-mexico%2F|title:Cont%C3%A1ctenos-Mexico\u00bb css=\u00bb.vc_custom_1686042921123{margin-bottom: 50px !important;}\u00bb][\/vc_column][\/vc_row][vc_row full_width=\u00bbstretch_row\u00bb el_class=\u00bbfooterslogan\u00bb css=\u00bb.vc_custom_1521044612966{background-color: #919dab !important;}\u00bb][vc_column][vc_column_text]<\/p>\n<p style=\"text-align: center;\">\u00bfDesea m\u00e1s informaci\u00f3n? <strong>\u00a1Ll\u00e1menos!<\/strong><\/p>\n<p>[\/vc_column_text][\/vc_column][\/vc_row]<\/p>\n<\/div>","protected":false},"excerpt":{"rendered":"<p>[vc_row css=\u00bb.vc_custom_1521044141128{margin-top: 50px !important;}\u00bb][vc_column width=\u00bb1\/4&#8243; el_class=\u00bbsolsidebar\u00bb][vc_widget_sidebar sidebar_id=\u00bbsidebar-palletising-solutions\u00bb][\/vc_column][vc_column width=\u00bb3\/4&#8243; el_class=\u00bbsoldetailtext\u00bb][vc_row_inner][vc_column_inner width=\u00bb4\/6&#8243;][vc_custom_heading text=\u00bbPaletizado multil\u00ednea \/ multicarga\u00bb use_theme_fonts=\u00bbyes\u00bb el_class=\u00bbpuntend\u00bb][vc_custom_heading text=\u00bbEste tipo de disposici\u00f3n es id\u00f3neo para grandes instalaciones de<span class=\"excerpt-hellip\"> [\u2026]<\/span><\/p>\n","protected":false},"author":1,"featured_media":0,"parent":3014,"menu_order":0,"comment_status":"closed","ping_status":"closed","template":"","meta":{"om_disable_all_campaigns":false,"footnotes":""},"class_list":["post-3081","page","type-page","status-publish","hentry"],"yoast_head":"<!-- This site is optimized with the Yoast SEO plugin v26.6 - https:\/\/yoast.com\/wordpress\/plugins\/seo\/ -->\n<title>Paletizado multil\u00ednea\/multicarga | Sistemas multicarga de CSi<\/title>\n<meta name=\"description\" content=\"Los sistemas multicarga est\u00e1n dise\u00f1ados para acumular y paletizar productos de distintas l\u00edneas de producci\u00f3n y est\u00e1n formados por carriles de acumulaci\u00f3n dedicados.\" \/>\n<meta name=\"robots\" content=\"index, follow, max-snippet:-1, max-image-preview:large, max-video-preview:-1\" \/>\n<link rel=\"canonical\" href=\"https:\/\/www.csiportal.com\/es\/soluciones\/soluciones-de-paletizado\/paletizado-multilinea-multicarga\/\" \/>\n<meta property=\"og:locale\" content=\"es_ES\" \/>\n<meta property=\"og:type\" content=\"article\" \/>\n<meta property=\"og:title\" content=\"Paletizado multil\u00ednea\/multicarga | Sistemas multicarga de CSi\" \/>\n<meta property=\"og:description\" content=\"Los sistemas multicarga est\u00e1n dise\u00f1ados para acumular y paletizar productos de distintas l\u00edneas de producci\u00f3n y est\u00e1n formados por carriles de acumulaci\u00f3n dedicados.\" \/>\n<meta property=\"og:url\" content=\"https:\/\/www.csiportal.com\/es\/soluciones\/soluciones-de-paletizado\/paletizado-multilinea-multicarga\/\" \/>\n<meta property=\"og:site_name\" content=\"CSi palletising\" \/>\n<meta property=\"article:modified_time\" content=\"2023-06-06T09:15:23+00:00\" \/>\n<meta name=\"twitter:card\" content=\"summary_large_image\" \/>\n<meta name=\"twitter:label1\" content=\"Tiempo de lectura\" \/>\n\t<meta name=\"twitter:data1\" content=\"2 minutos\" \/>\n<script type=\"application\/ld+json\" class=\"yoast-schema-graph\">{\"@context\":\"https:\/\/schema.org\",\"@graph\":[{\"@type\":\"WebPage\",\"@id\":\"https:\/\/www.csiportal.com\/es\/soluciones\/soluciones-de-paletizado\/paletizado-multilinea-multicarga\/\",\"url\":\"https:\/\/www.csiportal.com\/es\/soluciones\/soluciones-de-paletizado\/paletizado-multilinea-multicarga\/\",\"name\":\"Paletizado multil\u00ednea\/multicarga | Sistemas multicarga de CSi\",\"isPartOf\":{\"@id\":\"https:\/\/www.csiportal.com\/es\/#website\"},\"datePublished\":\"2021-07-09T15:41:07+00:00\",\"dateModified\":\"2023-06-06T09:15:23+00:00\",\"description\":\"Los sistemas multicarga est\u00e1n dise\u00f1ados para acumular y paletizar productos de distintas l\u00edneas de producci\u00f3n y est\u00e1n formados por carriles de acumulaci\u00f3n dedicados.\",\"breadcrumb\":{\"@id\":\"https:\/\/www.csiportal.com\/es\/soluciones\/soluciones-de-paletizado\/paletizado-multilinea-multicarga\/#breadcrumb\"},\"inLanguage\":\"es\",\"potentialAction\":[{\"@type\":\"ReadAction\",\"target\":[\"https:\/\/www.csiportal.com\/es\/soluciones\/soluciones-de-paletizado\/paletizado-multilinea-multicarga\/\"]}]},{\"@type\":\"BreadcrumbList\",\"@id\":\"https:\/\/www.csiportal.com\/es\/soluciones\/soluciones-de-paletizado\/paletizado-multilinea-multicarga\/#breadcrumb\",\"itemListElement\":[{\"@type\":\"ListItem\",\"position\":1,\"name\":\"Home\",\"item\":\"https:\/\/www.csiportal.com\/es\/\"},{\"@type\":\"ListItem\",\"position\":2,\"name\":\"Soluciones\",\"item\":\"https:\/\/www.csiportal.com\/es\/soluciones\/\"},{\"@type\":\"ListItem\",\"position\":3,\"name\":\"Soluciones de paletizado\",\"item\":\"https:\/\/www.csiportal.com\/es\/soluciones\/soluciones-de-paletizado\/\"},{\"@type\":\"ListItem\",\"position\":4,\"name\":\"Paletizado multil\u00ednea\/multicarga\"}]},{\"@type\":\"WebSite\",\"@id\":\"https:\/\/www.csiportal.com\/es\/#website\",\"url\":\"https:\/\/www.csiportal.com\/es\/\",\"name\":\"CSi palletising\",\"description\":\"\",\"potentialAction\":[{\"@type\":\"SearchAction\",\"target\":{\"@type\":\"EntryPoint\",\"urlTemplate\":\"https:\/\/www.csiportal.com\/es\/?s={search_term_string}\"},\"query-input\":{\"@type\":\"PropertyValueSpecification\",\"valueRequired\":true,\"valueName\":\"search_term_string\"}}],\"inLanguage\":\"es\"}]}<\/script>\n<!-- \/ Yoast SEO plugin. -->","yoast_head_json":{"title":"Paletizado multil\u00ednea\/multicarga | Sistemas multicarga de CSi","description":"Los sistemas multicarga est\u00e1n dise\u00f1ados para acumular y paletizar productos de distintas l\u00edneas de producci\u00f3n y est\u00e1n formados por carriles de acumulaci\u00f3n dedicados.","robots":{"index":"index","follow":"follow","max-snippet":"max-snippet:-1","max-image-preview":"max-image-preview:large","max-video-preview":"max-video-preview:-1"},"canonical":"https:\/\/www.csiportal.com\/es\/soluciones\/soluciones-de-paletizado\/paletizado-multilinea-multicarga\/","og_locale":"es_ES","og_type":"article","og_title":"Paletizado multil\u00ednea\/multicarga | Sistemas multicarga de CSi","og_description":"Los sistemas multicarga est\u00e1n dise\u00f1ados para acumular y paletizar productos de distintas l\u00edneas de producci\u00f3n y est\u00e1n formados por carriles de acumulaci\u00f3n dedicados.","og_url":"https:\/\/www.csiportal.com\/es\/soluciones\/soluciones-de-paletizado\/paletizado-multilinea-multicarga\/","og_site_name":"CSi palletising","article_modified_time":"2023-06-06T09:15:23+00:00","twitter_card":"summary_large_image","twitter_misc":{"Tiempo de lectura":"2 minutos"},"schema":{"@context":"https:\/\/schema.org","@graph":[{"@type":"WebPage","@id":"https:\/\/www.csiportal.com\/es\/soluciones\/soluciones-de-paletizado\/paletizado-multilinea-multicarga\/","url":"https:\/\/www.csiportal.com\/es\/soluciones\/soluciones-de-paletizado\/paletizado-multilinea-multicarga\/","name":"Paletizado multil\u00ednea\/multicarga | Sistemas multicarga de CSi","isPartOf":{"@id":"https:\/\/www.csiportal.com\/es\/#website"},"datePublished":"2021-07-09T15:41:07+00:00","dateModified":"2023-06-06T09:15:23+00:00","description":"Los sistemas multicarga est\u00e1n dise\u00f1ados para acumular y paletizar productos de distintas l\u00edneas de producci\u00f3n y est\u00e1n formados por carriles de acumulaci\u00f3n dedicados.","breadcrumb":{"@id":"https:\/\/www.csiportal.com\/es\/soluciones\/soluciones-de-paletizado\/paletizado-multilinea-multicarga\/#breadcrumb"},"inLanguage":"es","potentialAction":[{"@type":"ReadAction","target":["https:\/\/www.csiportal.com\/es\/soluciones\/soluciones-de-paletizado\/paletizado-multilinea-multicarga\/"]}]},{"@type":"BreadcrumbList","@id":"https:\/\/www.csiportal.com\/es\/soluciones\/soluciones-de-paletizado\/paletizado-multilinea-multicarga\/#breadcrumb","itemListElement":[{"@type":"ListItem","position":1,"name":"Home","item":"https:\/\/www.csiportal.com\/es\/"},{"@type":"ListItem","position":2,"name":"Soluciones","item":"https:\/\/www.csiportal.com\/es\/soluciones\/"},{"@type":"ListItem","position":3,"name":"Soluciones de paletizado","item":"https:\/\/www.csiportal.com\/es\/soluciones\/soluciones-de-paletizado\/"},{"@type":"ListItem","position":4,"name":"Paletizado multil\u00ednea\/multicarga"}]},{"@type":"WebSite","@id":"https:\/\/www.csiportal.com\/es\/#website","url":"https:\/\/www.csiportal.com\/es\/","name":"CSi palletising","description":"","potentialAction":[{"@type":"SearchAction","target":{"@type":"EntryPoint","urlTemplate":"https:\/\/www.csiportal.com\/es\/?s={search_term_string}"},"query-input":{"@type":"PropertyValueSpecification","valueRequired":true,"valueName":"search_term_string"}}],"inLanguage":"es"}]}},"_links":{"self":[{"href":"https:\/\/www.csiportal.com\/es\/wp-json\/wp\/v2\/pages\/3081","targetHints":{"allow":["GET"]}}],"collection":[{"href":"https:\/\/www.csiportal.com\/es\/wp-json\/wp\/v2\/pages"}],"about":[{"href":"https:\/\/www.csiportal.com\/es\/wp-json\/wp\/v2\/types\/page"}],"author":[{"embeddable":true,"href":"https:\/\/www.csiportal.com\/es\/wp-json\/wp\/v2\/users\/1"}],"replies":[{"embeddable":true,"href":"https:\/\/www.csiportal.com\/es\/wp-json\/wp\/v2\/comments?post=3081"}],"version-history":[{"count":12,"href":"https:\/\/www.csiportal.com\/es\/wp-json\/wp\/v2\/pages\/3081\/revisions"}],"predecessor-version":[{"id":4581,"href":"https:\/\/www.csiportal.com\/es\/wp-json\/wp\/v2\/pages\/3081\/revisions\/4581"}],"up":[{"embeddable":true,"href":"https:\/\/www.csiportal.com\/es\/wp-json\/wp\/v2\/pages\/3014"}],"wp:attachment":[{"href":"https:\/\/www.csiportal.com\/es\/wp-json\/wp\/v2\/media?parent=3081"}],"curies":[{"name":"wp","href":"https:\/\/api.w.org\/{rel}","templated":true}]}}