{"id":3088,"date":"2021-07-09T15:45:16","date_gmt":"2021-07-09T15:45:16","guid":{"rendered":"https:\/\/www.csiportal.com\/soluciones\/soluciones-de-paletizado\/paletizado-multilinea-multicarga\/c5000\/"},"modified":"2023-06-06T09:09:48","modified_gmt":"2023-06-06T09:09:48","slug":"c5000","status":"publish","type":"page","link":"https:\/\/www.csiportal.com\/es\/soluciones\/soluciones-de-paletizado\/paletizado-multilinea-multicarga\/c5000\/","title":{"rendered":"C5000"},"content":{"rendered":"<div class=\"wpb-content-wrapper\"><p>[vc_row css=\u00bb.vc_custom_1521044141128{margin-top: 50px !important;}\u00bb][vc_column width=\u00bb1\/4&#8243; el_class=\u00bbsolsidebar\u00bb][vc_widget_sidebar sidebar_id=\u00bbsidebar-palletising-solutions\u00bb][\/vc_column][vc_column width=\u00bb3\/4&#8243; el_class=\u00bbsoldetailtext\u00bb][vc_row_inner][vc_column_inner width=\u00bb4\/6&#8243;][vc_custom_heading text=\u00bbC5000&#8243; use_theme_fonts=\u00bbyes\u00bb el_class=\u00bbpuntend\u00bb][vc_custom_heading text=\u00bbCon su elevada velocidad, esta paletizadora por capas de entrada elevada es ideal para aplicaciones multicarga centralizadas y de fin de l\u00ednea.\u00bb font_container=\u00bbtag:h3|font_size:18|text_align:left|line_height:22px\u00bb google_fonts=\u00bbfont_family:Open%20Sans%3A300%2C300italic%2Cregular%2Citalic%2C600%2C600italic%2C700%2C700italic%2C800%2C800italic|font_style:400%20italic%3A400%3Aitalic\u00bb el_class=\u00bbpuntend\u00bb][\/vc_column_inner][vc_column_inner width=\u00bb2\/6&#8243;][vc_btn title=\u00bbCont\u00e1ctenos\u00bb style=\u00bbflat\u00bb color=\u00bbdanger\u00bb align=\u00bbright\u00bb link=\u00bburl:https%3A%2F%2Fwww.csiportal.com%2Fes%2Fcontactenos-mexico%2F|title:Cont%C3%A1ctenos-Mexico\u00bb][\/vc_column_inner][\/vc_row_inner][vc_row_inner equal_height=\u00bbyes\u00bb gap=\u00bb15&#8243; el_class=\u00bbnomargindiv soldetail2col\u00bb][vc_column_inner el_class=\u00bbimgcol\u00bb width=\u00bb1\/2&#8243; css=\u00bb.vc_custom_1604585092006{background-image: url(https:\/\/www.csiportal.com\/wp-content\/uploads\/2020\/11\/CSi-palletising-ll-C5000-4.jpg?id=1573) !important;background-position: center !important;background-repeat: no-repeat !important;background-size: cover !important;}\u00bb][\/vc_column_inner][vc_column_inner width=\u00bb1\/2&#8243;][vc_video link=\u00bbhttps:\/\/youtu.be\/jY6qgCEAdcA\u00bb el_aspect=\u00bb43&#8243;][\/vc_column_inner][\/vc_row_inner][vc_row_inner equal_height=\u00bbyes\u00bb gap=\u00bb15&#8243; el_class=\u00bbnomargindiv soldetail2col\u00bb][vc_column_inner el_class=\u00bbimgcol\u00bb width=\u00bb1\/2&#8243;][vc_single_image image=\u00bb3048&#8243; img_size=\u00bbfull\u00bb style=\u00bbvc_box_rounded\u00bb][\/vc_column_inner][vc_column_inner width=\u00bb1\/2&#8243;][vc_single_image image=\u00bb3091&#8243; img_size=\u00bbfull\u00bb style=\u00bbvc_box_rounded\u00bb][\/vc_column_inner][\/vc_row_inner][vc_column_text]<\/p>\n<ul>\n<li>Paletizadora por capas de alto rendimiento, capaz de manipular hasta 140 cajas por minuto.<\/li>\n<li>La mayor\u00eda de funciones se controlan mediante servomotores.<\/li>\n<li>Bajo consumo de energ\u00eda y uso de hasta 3 veces menos piezas de repuesto que otros sistemas del mismo tipo.<\/li>\n<li>Capas preformadas mediante el uso de servomotores, lo que permite alcanzar altas velocidades y paletizar casi cualquier tipo\/forma de producto siguiendo cualquier patr\u00f3n.<\/li>\n<li>Se puede suministrar con aplicador de hojas intermedias, desapiladora de palets vac\u00edos, orientaci\u00f3n de etiquetas, dispositivo de centrado de capas y diagn\u00f3stico remoto, entre otras muchas posibilidades.<\/li>\n<li>La m\u00e1quina y el producto se pueden supervisar en tiempo real mediante el sistema SCADA de CSi.<\/li>\n<li>Con Patternware puede crear y cargar f\u00e1cilmente nuevos patrones de palets.<\/li>\n<\/ul>\n<p>[\/vc_column_text][vc_btn title=\u00bbCont\u00e1ctenos\u00bb style=\u00bbflat\u00bb color=\u00bbdanger\u00bb align=\u00bbleft\u00bb el_class=\u00bbleftbutton\u00bb link=\u00bburl:https%3A%2F%2Fwww.csiportal.com%2Fes%2Fcontactenos-mexico%2F|title:Cont%C3%A1ctenos-Mexico\u00bb][\/vc_column][\/vc_row][vc_row full_width=\u00bbstretch_row\u00bb el_class=\u00bbfooterslogan\u00bb css=\u00bb.vc_custom_1521044612966{background-color: #919dab !important;}\u00bb][vc_column][vc_column_text]<\/p>\n<p style=\"text-align: center;\">\u00bfDesea m\u00e1s informaci\u00f3n? <strong>\u00a1Ll\u00e1menos!<\/strong><\/p>\n<p>[\/vc_column_text][\/vc_column][\/vc_row]<\/p>\n<\/div>","protected":false},"excerpt":{"rendered":"<p>[vc_row css=\u00bb.vc_custom_1521044141128{margin-top: 50px !important;}\u00bb][vc_column width=\u00bb1\/4&#8243; el_class=\u00bbsolsidebar\u00bb][vc_widget_sidebar sidebar_id=\u00bbsidebar-palletising-solutions\u00bb][\/vc_column][vc_column width=\u00bb3\/4&#8243; el_class=\u00bbsoldetailtext\u00bb][vc_row_inner][vc_column_inner width=\u00bb4\/6&#8243;][vc_custom_heading text=\u00bbC5000&#8243; use_theme_fonts=\u00bbyes\u00bb el_class=\u00bbpuntend\u00bb][vc_custom_heading text=\u00bbCon su elevada velocidad, esta paletizadora por capas de entrada elevada es ideal<span class=\"excerpt-hellip\"> [\u2026]<\/span><\/p>\n","protected":false},"author":1,"featured_media":0,"parent":3081,"menu_order":0,"comment_status":"closed","ping_status":"closed","template":"","meta":{"om_disable_all_campaigns":false,"footnotes":""},"class_list":["post-3088","page","type-page","status-publish","hentry"],"yoast_head":"<!-- This site is optimized with the Yoast SEO plugin v26.6 - https:\/\/yoast.com\/wordpress\/plugins\/seo\/ -->\n<title>Paletizadora por capas C5000 | Paletizado por capas de entrada elevada de CSi<\/title>\n<meta name=\"description\" content=\"Paletizadora de alto rendimiento, capaz de manipular hasta 140 cajas por minuto. Su elevada velocidad es ideal para aplicaciones multicarga centralizadas y de fin de l\u00ednea.\" \/>\n<meta name=\"robots\" content=\"index, follow, max-snippet:-1, max-image-preview:large, max-video-preview:-1\" \/>\n<link rel=\"canonical\" href=\"https:\/\/www.csiportal.com\/es\/soluciones\/soluciones-de-paletizado\/paletizado-multilinea-multicarga\/c5000\/\" \/>\n<meta property=\"og:locale\" content=\"es_ES\" \/>\n<meta property=\"og:type\" content=\"article\" \/>\n<meta property=\"og:title\" content=\"Paletizadora por capas C5000 | Paletizado por capas de entrada elevada de CSi\" \/>\n<meta property=\"og:description\" content=\"Paletizadora de alto rendimiento, capaz de manipular hasta 140 cajas por minuto. Su elevada velocidad es ideal para aplicaciones multicarga centralizadas y de fin de l\u00ednea.\" \/>\n<meta property=\"og:url\" content=\"https:\/\/www.csiportal.com\/es\/soluciones\/soluciones-de-paletizado\/paletizado-multilinea-multicarga\/c5000\/\" \/>\n<meta property=\"og:site_name\" content=\"CSi palletising\" \/>\n<meta property=\"article:modified_time\" content=\"2023-06-06T09:09:48+00:00\" \/>\n<meta name=\"twitter:card\" content=\"summary_large_image\" \/>\n<meta name=\"twitter:label1\" content=\"Tiempo de lectura\" \/>\n\t<meta name=\"twitter:data1\" content=\"1 minuto\" \/>\n<script type=\"application\/ld+json\" class=\"yoast-schema-graph\">{\"@context\":\"https:\/\/schema.org\",\"@graph\":[{\"@type\":\"WebPage\",\"@id\":\"https:\/\/www.csiportal.com\/es\/soluciones\/soluciones-de-paletizado\/paletizado-multilinea-multicarga\/c5000\/\",\"url\":\"https:\/\/www.csiportal.com\/es\/soluciones\/soluciones-de-paletizado\/paletizado-multilinea-multicarga\/c5000\/\",\"name\":\"Paletizadora por capas C5000 | Paletizado por capas de entrada elevada de CSi\",\"isPartOf\":{\"@id\":\"https:\/\/www.csiportal.com\/es\/#website\"},\"datePublished\":\"2021-07-09T15:45:16+00:00\",\"dateModified\":\"2023-06-06T09:09:48+00:00\",\"description\":\"Paletizadora de alto rendimiento, capaz de manipular hasta 140 cajas por minuto. Su elevada velocidad es ideal para aplicaciones multicarga centralizadas y de fin de l\u00ednea.\",\"breadcrumb\":{\"@id\":\"https:\/\/www.csiportal.com\/es\/soluciones\/soluciones-de-paletizado\/paletizado-multilinea-multicarga\/c5000\/#breadcrumb\"},\"inLanguage\":\"es\",\"potentialAction\":[{\"@type\":\"ReadAction\",\"target\":[\"https:\/\/www.csiportal.com\/es\/soluciones\/soluciones-de-paletizado\/paletizado-multilinea-multicarga\/c5000\/\"]}]},{\"@type\":\"BreadcrumbList\",\"@id\":\"https:\/\/www.csiportal.com\/es\/soluciones\/soluciones-de-paletizado\/paletizado-multilinea-multicarga\/c5000\/#breadcrumb\",\"itemListElement\":[{\"@type\":\"ListItem\",\"position\":1,\"name\":\"Home\",\"item\":\"https:\/\/www.csiportal.com\/es\/\"},{\"@type\":\"ListItem\",\"position\":2,\"name\":\"Soluciones\",\"item\":\"https:\/\/www.csiportal.com\/es\/soluciones\/\"},{\"@type\":\"ListItem\",\"position\":3,\"name\":\"Soluciones de paletizado\",\"item\":\"https:\/\/www.csiportal.com\/es\/soluciones\/soluciones-de-paletizado\/\"},{\"@type\":\"ListItem\",\"position\":4,\"name\":\"Paletizado multil\u00ednea\/multicarga\",\"item\":\"https:\/\/www.csiportal.com\/es\/soluciones\/soluciones-de-paletizado\/paletizado-multilinea-multicarga\/\"},{\"@type\":\"ListItem\",\"position\":5,\"name\":\"C5000\"}]},{\"@type\":\"WebSite\",\"@id\":\"https:\/\/www.csiportal.com\/es\/#website\",\"url\":\"https:\/\/www.csiportal.com\/es\/\",\"name\":\"CSi palletising\",\"description\":\"\",\"potentialAction\":[{\"@type\":\"SearchAction\",\"target\":{\"@type\":\"EntryPoint\",\"urlTemplate\":\"https:\/\/www.csiportal.com\/es\/?s={search_term_string}\"},\"query-input\":{\"@type\":\"PropertyValueSpecification\",\"valueRequired\":true,\"valueName\":\"search_term_string\"}}],\"inLanguage\":\"es\"}]}<\/script>\n<!-- \/ Yoast SEO plugin. -->","yoast_head_json":{"title":"Paletizadora por capas C5000 | Paletizado por capas de entrada elevada de CSi","description":"Paletizadora de alto rendimiento, capaz de manipular hasta 140 cajas por minuto. Su elevada velocidad es ideal para aplicaciones multicarga centralizadas y de fin de l\u00ednea.","robots":{"index":"index","follow":"follow","max-snippet":"max-snippet:-1","max-image-preview":"max-image-preview:large","max-video-preview":"max-video-preview:-1"},"canonical":"https:\/\/www.csiportal.com\/es\/soluciones\/soluciones-de-paletizado\/paletizado-multilinea-multicarga\/c5000\/","og_locale":"es_ES","og_type":"article","og_title":"Paletizadora por capas C5000 | Paletizado por capas de entrada elevada de CSi","og_description":"Paletizadora de alto rendimiento, capaz de manipular hasta 140 cajas por minuto. Su elevada velocidad es ideal para aplicaciones multicarga centralizadas y de fin de l\u00ednea.","og_url":"https:\/\/www.csiportal.com\/es\/soluciones\/soluciones-de-paletizado\/paletizado-multilinea-multicarga\/c5000\/","og_site_name":"CSi palletising","article_modified_time":"2023-06-06T09:09:48+00:00","twitter_card":"summary_large_image","twitter_misc":{"Tiempo de lectura":"1 minuto"},"schema":{"@context":"https:\/\/schema.org","@graph":[{"@type":"WebPage","@id":"https:\/\/www.csiportal.com\/es\/soluciones\/soluciones-de-paletizado\/paletizado-multilinea-multicarga\/c5000\/","url":"https:\/\/www.csiportal.com\/es\/soluciones\/soluciones-de-paletizado\/paletizado-multilinea-multicarga\/c5000\/","name":"Paletizadora por capas C5000 | Paletizado por capas de entrada elevada de CSi","isPartOf":{"@id":"https:\/\/www.csiportal.com\/es\/#website"},"datePublished":"2021-07-09T15:45:16+00:00","dateModified":"2023-06-06T09:09:48+00:00","description":"Paletizadora de alto rendimiento, capaz de manipular hasta 140 cajas por minuto. Su elevada velocidad es ideal para aplicaciones multicarga centralizadas y de fin de l\u00ednea.","breadcrumb":{"@id":"https:\/\/www.csiportal.com\/es\/soluciones\/soluciones-de-paletizado\/paletizado-multilinea-multicarga\/c5000\/#breadcrumb"},"inLanguage":"es","potentialAction":[{"@type":"ReadAction","target":["https:\/\/www.csiportal.com\/es\/soluciones\/soluciones-de-paletizado\/paletizado-multilinea-multicarga\/c5000\/"]}]},{"@type":"BreadcrumbList","@id":"https:\/\/www.csiportal.com\/es\/soluciones\/soluciones-de-paletizado\/paletizado-multilinea-multicarga\/c5000\/#breadcrumb","itemListElement":[{"@type":"ListItem","position":1,"name":"Home","item":"https:\/\/www.csiportal.com\/es\/"},{"@type":"ListItem","position":2,"name":"Soluciones","item":"https:\/\/www.csiportal.com\/es\/soluciones\/"},{"@type":"ListItem","position":3,"name":"Soluciones de paletizado","item":"https:\/\/www.csiportal.com\/es\/soluciones\/soluciones-de-paletizado\/"},{"@type":"ListItem","position":4,"name":"Paletizado multil\u00ednea\/multicarga","item":"https:\/\/www.csiportal.com\/es\/soluciones\/soluciones-de-paletizado\/paletizado-multilinea-multicarga\/"},{"@type":"ListItem","position":5,"name":"C5000"}]},{"@type":"WebSite","@id":"https:\/\/www.csiportal.com\/es\/#website","url":"https:\/\/www.csiportal.com\/es\/","name":"CSi palletising","description":"","potentialAction":[{"@type":"SearchAction","target":{"@type":"EntryPoint","urlTemplate":"https:\/\/www.csiportal.com\/es\/?s={search_term_string}"},"query-input":{"@type":"PropertyValueSpecification","valueRequired":true,"valueName":"search_term_string"}}],"inLanguage":"es"}]}},"_links":{"self":[{"href":"https:\/\/www.csiportal.com\/es\/wp-json\/wp\/v2\/pages\/3088","targetHints":{"allow":["GET"]}}],"collection":[{"href":"https:\/\/www.csiportal.com\/es\/wp-json\/wp\/v2\/pages"}],"about":[{"href":"https:\/\/www.csiportal.com\/es\/wp-json\/wp\/v2\/types\/page"}],"author":[{"embeddable":true,"href":"https:\/\/www.csiportal.com\/es\/wp-json\/wp\/v2\/users\/1"}],"replies":[{"embeddable":true,"href":"https:\/\/www.csiportal.com\/es\/wp-json\/wp\/v2\/comments?post=3088"}],"version-history":[{"count":6,"href":"https:\/\/www.csiportal.com\/es\/wp-json\/wp\/v2\/pages\/3088\/revisions"}],"predecessor-version":[{"id":4572,"href":"https:\/\/www.csiportal.com\/es\/wp-json\/wp\/v2\/pages\/3088\/revisions\/4572"}],"up":[{"embeddable":true,"href":"https:\/\/www.csiportal.com\/es\/wp-json\/wp\/v2\/pages\/3081"}],"wp:attachment":[{"href":"https:\/\/www.csiportal.com\/es\/wp-json\/wp\/v2\/media?parent=3088"}],"curies":[{"name":"wp","href":"https:\/\/api.w.org\/{rel}","templated":true}]}}