{"id":3186,"date":"2021-07-10T03:37:00","date_gmt":"2021-07-10T03:37:00","guid":{"rendered":"https:\/\/www.csiportal.com\/soluciones\/soluciones-de-paletizado\/paletizado-multilinea-multicarga\/paletizadora-multi-load-bag\/"},"modified":"2023-06-06T09:08:17","modified_gmt":"2023-06-06T09:08:17","slug":"paletizadora-multi-load-bag","status":"publish","type":"page","link":"https:\/\/www.csiportal.com\/es\/soluciones\/soluciones-de-paletizado\/paletizado-multilinea-multicarga\/paletizadora-multi-load-bag\/","title":{"rendered":"Paletizadora Multi Load Bag"},"content":{"rendered":"<div class=\"wpb-content-wrapper\"><p>[vc_row css=\u00bb.vc_custom_1521044141128{margin-top: 50px !important;}\u00bb][vc_column width=\u00bb1\/4&#8243; el_class=\u00bbsolsidebar\u00bb][vc_widget_sidebar sidebar_id=\u00bbsidebar-palletising-solutions\u00bb][\/vc_column][vc_column width=\u00bb3\/4&#8243; el_class=\u00bbsoldetailtext\u00bb][vc_row_inner][vc_column_inner width=\u00bb4\/6&#8243;][vc_custom_heading text=\u00bbPaletizadora Multi Load Bag\u00bb use_theme_fonts=\u00bbyes\u00bb el_class=\u00bbpuntend\u00bb][vc_custom_heading text=\u00bbLas paletizadoras Multi Load Bag ofrecen una amplia variedad de opciones de paletizado de sacos, con apilado de m\u00faltiples productos a muy altas capacidades si es necesario.\u00bb font_container=\u00bbtag:h3|font_size:18|text_align:left|line_height:22px\u00bb google_fonts=\u00bbfont_family:Open%20Sans%3A300%2C300italic%2Cregular%2Citalic%2C600%2C600italic%2C700%2C700italic%2C800%2C800italic|font_style:400%20italic%3A400%3Aitalic\u00bb el_class=\u00bbpuntend\u00bb][\/vc_column_inner][vc_column_inner width=\u00bb2\/6&#8243;][vc_btn title=\u00bbCont\u00e1ctenos\u00bb style=\u00bbflat\u00bb color=\u00bbdanger\u00bb align=\u00bbright\u00bb link=\u00bburl:https%3A%2F%2Fwww.csiportal.com%2Fes%2Fcontactenos-mexico%2F|title:Cont%C3%A1ctenos-Mexico\u00bb][\/vc_column_inner][\/vc_row_inner][vc_row_inner equal_height=\u00bbyes\u00bb gap=\u00bb15&#8243; el_class=\u00bbnomargindiv soldetail2col\u00bb][vc_column_inner el_class=\u00bbimgcol\u00bb width=\u00bb1\/2&#8243; css=\u00bb.vc_custom_1604666811271{background-position: center !important;background-repeat: no-repeat !important;background-size: cover !important;}\u00bb][vc_single_image image=\u00bb3189&#8243; img_size=\u00bbfull\u00bb style=\u00bbvc_box_rounded\u00bb][\/vc_column_inner][vc_column_inner width=\u00bb1\/2&#8243;][vc_single_image image=\u00bb3191&#8243; img_size=\u00bbfull\u00bb style=\u00bbvc_box_rounded\u00bb][\/vc_column_inner][\/vc_row_inner][vc_column_text]La paletizadora Multi Load Bag se puede ampliar con una entrada autom\u00e1tica de palets vac\u00edos, transporte autom\u00e1tico de palets apilados o una envolvedora con red\/pel\u00edcula, todo lo cual permite un funcionamiento plenamente autom\u00e1tico. \u00bfLe interesa paletizar tanto sacos como cajas con una sola m\u00e1quina? Cada m\u00e1quina puede equiparse con nuestro Combi-Manipulator especial, con el que podr\u00e1 seleccionar sacos o cajas mediante pantalla t\u00e1ctil.[\/vc_column_text][vc_btn title=\u00bbCont\u00e1ctenos\u00bb style=\u00bbflat\u00bb color=\u00bbdanger\u00bb align=\u00bbleft\u00bb el_class=\u00bbleftbutton\u00bb link=\u00bburl:https%3A%2F%2Fwww.csiportal.com%2Fes%2Fcontactenos-mexico%2F|title:Cont%C3%A1ctenos-Mexico\u00bb css=\u00bb.vc_custom_1686042493542{margin-bottom: 50px !important;}\u00bb][\/vc_column][\/vc_row][vc_row full_width=\u00bbstretch_row\u00bb el_class=\u00bbfooterslogan\u00bb css=\u00bb.vc_custom_1521044612966{background-color: #919dab !important;}\u00bb][vc_column][vc_column_text]<\/p>\n<p style=\"text-align: center;\">\u00bfDesea m\u00e1s informaci\u00f3n? <strong>\u00a1Ll\u00e1menos!<\/strong><\/p>\n<p>[\/vc_column_text][\/vc_column][\/vc_row]<\/p>\n<\/div>","protected":false},"excerpt":{"rendered":"<p>[vc_row css=\u00bb.vc_custom_1521044141128{margin-top: 50px !important;}\u00bb][vc_column width=\u00bb1\/4&#8243; el_class=\u00bbsolsidebar\u00bb][vc_widget_sidebar sidebar_id=\u00bbsidebar-palletising-solutions\u00bb][\/vc_column][vc_column width=\u00bb3\/4&#8243; el_class=\u00bbsoldetailtext\u00bb][vc_row_inner][vc_column_inner width=\u00bb4\/6&#8243;][vc_custom_heading text=\u00bbPaletizadora Multi Load Bag\u00bb use_theme_fonts=\u00bbyes\u00bb el_class=\u00bbpuntend\u00bb][vc_custom_heading text=\u00bbLas paletizadoras Multi Load Bag ofrecen una amplia variedad de<span class=\"excerpt-hellip\"> [\u2026]<\/span><\/p>\n","protected":false},"author":1,"featured_media":0,"parent":3081,"menu_order":0,"comment_status":"closed","ping_status":"closed","template":"","meta":{"om_disable_all_campaigns":false,"footnotes":""},"class_list":["post-3186","page","type-page","status-publish","hentry"],"yoast_head":"<!-- This site is optimized with the Yoast SEO plugin v26.6 - https:\/\/yoast.com\/wordpress\/plugins\/seo\/ -->\n<title>Paletizadora Multi Load Bag | Sistema de paletizado de sacos de CSi palletising<\/title>\n<meta name=\"description\" content=\"La paletizadora Multi Load Bag ofrece una amplia variedad de opciones de paletizado de sacos, con apilado de productos a muy altas capacidades.\" \/>\n<meta name=\"robots\" content=\"index, follow, max-snippet:-1, max-image-preview:large, max-video-preview:-1\" \/>\n<link rel=\"canonical\" href=\"https:\/\/www.csiportal.com\/es\/soluciones\/soluciones-de-paletizado\/paletizado-multilinea-multicarga\/paletizadora-multi-load-bag\/\" \/>\n<meta property=\"og:locale\" content=\"es_ES\" \/>\n<meta property=\"og:type\" content=\"article\" \/>\n<meta property=\"og:title\" content=\"Paletizadora Multi Load Bag | Sistema de paletizado de sacos de CSi palletising\" \/>\n<meta property=\"og:description\" content=\"La paletizadora Multi Load Bag ofrece una amplia variedad de opciones de paletizado de sacos, con apilado de productos a muy altas capacidades.\" \/>\n<meta property=\"og:url\" content=\"https:\/\/www.csiportal.com\/es\/soluciones\/soluciones-de-paletizado\/paletizado-multilinea-multicarga\/paletizadora-multi-load-bag\/\" \/>\n<meta property=\"og:site_name\" content=\"CSi palletising\" \/>\n<meta property=\"article:modified_time\" content=\"2023-06-06T09:08:17+00:00\" \/>\n<meta name=\"twitter:card\" content=\"summary_large_image\" \/>\n<meta name=\"twitter:label1\" content=\"Tiempo de lectura\" \/>\n\t<meta name=\"twitter:data1\" content=\"1 minuto\" \/>\n<script type=\"application\/ld+json\" class=\"yoast-schema-graph\">{\"@context\":\"https:\/\/schema.org\",\"@graph\":[{\"@type\":\"WebPage\",\"@id\":\"https:\/\/www.csiportal.com\/es\/soluciones\/soluciones-de-paletizado\/paletizado-multilinea-multicarga\/paletizadora-multi-load-bag\/\",\"url\":\"https:\/\/www.csiportal.com\/es\/soluciones\/soluciones-de-paletizado\/paletizado-multilinea-multicarga\/paletizadora-multi-load-bag\/\",\"name\":\"Paletizadora Multi Load Bag | Sistema de paletizado de sacos de CSi palletising\",\"isPartOf\":{\"@id\":\"https:\/\/www.csiportal.com\/es\/#website\"},\"datePublished\":\"2021-07-10T03:37:00+00:00\",\"dateModified\":\"2023-06-06T09:08:17+00:00\",\"description\":\"La paletizadora Multi Load Bag ofrece una amplia variedad de opciones de paletizado de sacos, con apilado de productos a muy altas capacidades.\",\"breadcrumb\":{\"@id\":\"https:\/\/www.csiportal.com\/es\/soluciones\/soluciones-de-paletizado\/paletizado-multilinea-multicarga\/paletizadora-multi-load-bag\/#breadcrumb\"},\"inLanguage\":\"es\",\"potentialAction\":[{\"@type\":\"ReadAction\",\"target\":[\"https:\/\/www.csiportal.com\/es\/soluciones\/soluciones-de-paletizado\/paletizado-multilinea-multicarga\/paletizadora-multi-load-bag\/\"]}]},{\"@type\":\"BreadcrumbList\",\"@id\":\"https:\/\/www.csiportal.com\/es\/soluciones\/soluciones-de-paletizado\/paletizado-multilinea-multicarga\/paletizadora-multi-load-bag\/#breadcrumb\",\"itemListElement\":[{\"@type\":\"ListItem\",\"position\":1,\"name\":\"Home\",\"item\":\"https:\/\/www.csiportal.com\/es\/\"},{\"@type\":\"ListItem\",\"position\":2,\"name\":\"Soluciones\",\"item\":\"https:\/\/www.csiportal.com\/es\/soluciones\/\"},{\"@type\":\"ListItem\",\"position\":3,\"name\":\"Soluciones de paletizado\",\"item\":\"https:\/\/www.csiportal.com\/es\/soluciones\/soluciones-de-paletizado\/\"},{\"@type\":\"ListItem\",\"position\":4,\"name\":\"Paletizado multil\u00ednea\/multicarga\",\"item\":\"https:\/\/www.csiportal.com\/es\/soluciones\/soluciones-de-paletizado\/paletizado-multilinea-multicarga\/\"},{\"@type\":\"ListItem\",\"position\":5,\"name\":\"Paletizadora Multi Load Bag\"}]},{\"@type\":\"WebSite\",\"@id\":\"https:\/\/www.csiportal.com\/es\/#website\",\"url\":\"https:\/\/www.csiportal.com\/es\/\",\"name\":\"CSi palletising\",\"description\":\"\",\"potentialAction\":[{\"@type\":\"SearchAction\",\"target\":{\"@type\":\"EntryPoint\",\"urlTemplate\":\"https:\/\/www.csiportal.com\/es\/?s={search_term_string}\"},\"query-input\":{\"@type\":\"PropertyValueSpecification\",\"valueRequired\":true,\"valueName\":\"search_term_string\"}}],\"inLanguage\":\"es\"}]}<\/script>\n<!-- \/ Yoast SEO plugin. -->","yoast_head_json":{"title":"Paletizadora Multi Load Bag | Sistema de paletizado de sacos de CSi palletising","description":"La paletizadora Multi Load Bag ofrece una amplia variedad de opciones de paletizado de sacos, con apilado de productos a muy altas capacidades.","robots":{"index":"index","follow":"follow","max-snippet":"max-snippet:-1","max-image-preview":"max-image-preview:large","max-video-preview":"max-video-preview:-1"},"canonical":"https:\/\/www.csiportal.com\/es\/soluciones\/soluciones-de-paletizado\/paletizado-multilinea-multicarga\/paletizadora-multi-load-bag\/","og_locale":"es_ES","og_type":"article","og_title":"Paletizadora Multi Load Bag | Sistema de paletizado de sacos de CSi palletising","og_description":"La paletizadora Multi Load Bag ofrece una amplia variedad de opciones de paletizado de sacos, con apilado de productos a muy altas capacidades.","og_url":"https:\/\/www.csiportal.com\/es\/soluciones\/soluciones-de-paletizado\/paletizado-multilinea-multicarga\/paletizadora-multi-load-bag\/","og_site_name":"CSi palletising","article_modified_time":"2023-06-06T09:08:17+00:00","twitter_card":"summary_large_image","twitter_misc":{"Tiempo de lectura":"1 minuto"},"schema":{"@context":"https:\/\/schema.org","@graph":[{"@type":"WebPage","@id":"https:\/\/www.csiportal.com\/es\/soluciones\/soluciones-de-paletizado\/paletizado-multilinea-multicarga\/paletizadora-multi-load-bag\/","url":"https:\/\/www.csiportal.com\/es\/soluciones\/soluciones-de-paletizado\/paletizado-multilinea-multicarga\/paletizadora-multi-load-bag\/","name":"Paletizadora Multi Load Bag | Sistema de paletizado de sacos de CSi palletising","isPartOf":{"@id":"https:\/\/www.csiportal.com\/es\/#website"},"datePublished":"2021-07-10T03:37:00+00:00","dateModified":"2023-06-06T09:08:17+00:00","description":"La paletizadora Multi Load Bag ofrece una amplia variedad de opciones de paletizado de sacos, con apilado de productos a muy altas capacidades.","breadcrumb":{"@id":"https:\/\/www.csiportal.com\/es\/soluciones\/soluciones-de-paletizado\/paletizado-multilinea-multicarga\/paletizadora-multi-load-bag\/#breadcrumb"},"inLanguage":"es","potentialAction":[{"@type":"ReadAction","target":["https:\/\/www.csiportal.com\/es\/soluciones\/soluciones-de-paletizado\/paletizado-multilinea-multicarga\/paletizadora-multi-load-bag\/"]}]},{"@type":"BreadcrumbList","@id":"https:\/\/www.csiportal.com\/es\/soluciones\/soluciones-de-paletizado\/paletizado-multilinea-multicarga\/paletizadora-multi-load-bag\/#breadcrumb","itemListElement":[{"@type":"ListItem","position":1,"name":"Home","item":"https:\/\/www.csiportal.com\/es\/"},{"@type":"ListItem","position":2,"name":"Soluciones","item":"https:\/\/www.csiportal.com\/es\/soluciones\/"},{"@type":"ListItem","position":3,"name":"Soluciones de paletizado","item":"https:\/\/www.csiportal.com\/es\/soluciones\/soluciones-de-paletizado\/"},{"@type":"ListItem","position":4,"name":"Paletizado multil\u00ednea\/multicarga","item":"https:\/\/www.csiportal.com\/es\/soluciones\/soluciones-de-paletizado\/paletizado-multilinea-multicarga\/"},{"@type":"ListItem","position":5,"name":"Paletizadora Multi Load Bag"}]},{"@type":"WebSite","@id":"https:\/\/www.csiportal.com\/es\/#website","url":"https:\/\/www.csiportal.com\/es\/","name":"CSi palletising","description":"","potentialAction":[{"@type":"SearchAction","target":{"@type":"EntryPoint","urlTemplate":"https:\/\/www.csiportal.com\/es\/?s={search_term_string}"},"query-input":{"@type":"PropertyValueSpecification","valueRequired":true,"valueName":"search_term_string"}}],"inLanguage":"es"}]}},"_links":{"self":[{"href":"https:\/\/www.csiportal.com\/es\/wp-json\/wp\/v2\/pages\/3186","targetHints":{"allow":["GET"]}}],"collection":[{"href":"https:\/\/www.csiportal.com\/es\/wp-json\/wp\/v2\/pages"}],"about":[{"href":"https:\/\/www.csiportal.com\/es\/wp-json\/wp\/v2\/types\/page"}],"author":[{"embeddable":true,"href":"https:\/\/www.csiportal.com\/es\/wp-json\/wp\/v2\/users\/1"}],"replies":[{"embeddable":true,"href":"https:\/\/www.csiportal.com\/es\/wp-json\/wp\/v2\/comments?post=3186"}],"version-history":[{"count":5,"href":"https:\/\/www.csiportal.com\/es\/wp-json\/wp\/v2\/pages\/3186\/revisions"}],"predecessor-version":[{"id":4570,"href":"https:\/\/www.csiportal.com\/es\/wp-json\/wp\/v2\/pages\/3186\/revisions\/4570"}],"up":[{"embeddable":true,"href":"https:\/\/www.csiportal.com\/es\/wp-json\/wp\/v2\/pages\/3081"}],"wp:attachment":[{"href":"https:\/\/www.csiportal.com\/es\/wp-json\/wp\/v2\/media?parent=3186"}],"curies":[{"name":"wp","href":"https:\/\/api.w.org\/{rel}","templated":true}]}}