{"id":3231,"date":"2021-07-10T04:29:29","date_gmt":"2021-07-10T04:29:29","guid":{"rendered":"https:\/\/www.csiportal.com\/soluciones\/distribuidor-desviador\/"},"modified":"2021-07-14T10:11:21","modified_gmt":"2021-07-14T10:11:21","slug":"distribuidor-desviador","status":"publish","type":"page","link":"https:\/\/www.csiportal.com\/es\/soluciones\/distribuidor-desviador\/","title":{"rendered":"Distribuidor\/desviador"},"content":{"rendered":"<div class=\"wpb-content-wrapper\"><p>[vc_row css=\u00bb.vc_custom_1521044141128{margin-top: 50px !important;}\u00bb][vc_column width=\u00bb1\/4&#8243; el_class=\u00bbsolsidebar\u00bb][vc_widget_sidebar sidebar_id=\u00bbmfn-search\u00bb][\/vc_column][vc_column width=\u00bb3\/4&#8243;][vc_custom_heading text=\u00bbDistribuidor\/desviador\u00bb font_container=\u00bbtag:h2|font_size:40px|text_align:left|line_height:40px\u00bb use_theme_fonts=\u00bbyes\u00bb el_class=\u00bbpuntend\u00bb][vc_custom_heading text=\u00bbSeparaci\u00f3n autom\u00e1tica de piezas troqueladas en direcci\u00f3n transversal y rechazo de desechos a hasta 500 m\/min (1600 ft\/min)\u00bb font_container=\u00bbtag:div|font_size:18px|text_align:left|color:%23ee444d|line_height:18px\u00bb google_fonts=\u00bbfont_family:Open%20Sans%3A300%2C300italic%2Cregular%2Citalic%2C600%2C600italic%2C700%2C700italic%2C800%2C800italic|font_style:400%20italic%3A400%3Aitalic\u00bb el_class=\u00bbpuntend\u00bb][vc_row_inner el_class=\u00bbnomargindiv\u00bb][vc_column_inner width=\u00bb1\/2&#8243;][vc_images_carousel images=\u00bb3234,3242,3240,3238,3236&#8243; img_size=\u00bbfull\u00bb autoplay=\u00bbyes\u00bb hide_prev_next_buttons=\u00bbyes\u00bb][\/vc_column_inner][vc_column_inner width=\u00bb1\/2&#8243;][vc_column_text]<iframe style=\"width: 100%; height: 300px;\" src=\"https:\/\/www.youtube.com\/embed\/gCiFIEl1Z5o?rel=0&amp;autostart=1&amp;loop=1\" frameborder=\"0\"><span data-mce-type=\"bookmark\" style=\"display: inline-block; width: 0px; overflow: hidden; line-height: 0;\" class=\"mce_SELRES_start\">\ufeff<\/span><\/iframe>[\/vc_column_text][\/vc_column_inner][\/vc_row_inner][vc_column_text]Dise\u00f1o innovador y probado, capaz de funcionar con hasta 10 v\u00edas. La opci\u00f3n de rechazo de piezas troqueladas es capaz de expulsar una sola pieza troquelada o una ristra de ellas sin que tenga que intervenir el operario. La configuraci\u00f3n entre trabajos puede automatizarse completamente con configuraciones medidas en segundos.<\/p>\n<ul>\n<li>De 2 a 10 en total<\/li>\n<li>Con una velocidad de hasta 500 m\/min (1600 ft\/min)<\/li>\n<li>Apto para manejar una amplia variedad de tipos de piezas troqueladas<\/li>\n<li>Rechazo individual de piezas troqueladas por v\u00eda<\/li>\n<li>Mantenimiento incre\u00edblemente sencillo: las correas pueden cambiarse en menos de 2 minutos<\/li>\n<li>Cada v\u00eda se puede ajustar manualmente en direcci\u00f3n de la m\u00e1quina)<\/li>\n<\/ul>\n<p>[\/vc_column_text][vc_btn title=\u00bbContacto\u00bb style=\u00bbflat\u00bb color=\u00bbdanger\u00bb align=\u00bbleft\u00bb el_class=\u00bbleftbutton\u00bb link=\u00bburl:https%3A%2F%2Fwww.csiportal.com%2Fes%2Fcontacto%2F|\u00bb][\/vc_column][\/vc_row][vc_row full_width=\u00bbstretch_row\u00bb el_class=\u00bbfooterslogan\u00bb css=\u00bb.vc_custom_1521044612966{background-color: #919dab !important;}\u00bb][vc_column][vc_column_text]<\/p>\n<p style=\"text-align: center;\">\u00bfDesea m\u00e1s informaci\u00f3n? <strong>\u00a1Ll\u00e1menos!<\/strong><\/p>\n<p>[\/vc_column_text][\/vc_column][\/vc_row]<\/p>\n<\/div>","protected":false},"excerpt":{"rendered":"<p>[vc_row css=\u00bb.vc_custom_1521044141128{margin-top: 50px !important;}\u00bb][vc_column width=\u00bb1\/4&#8243; el_class=\u00bbsolsidebar\u00bb][vc_widget_sidebar sidebar_id=\u00bbmfn-search\u00bb][\/vc_column][vc_column width=\u00bb3\/4&#8243;][vc_custom_heading text=\u00bbDistribuidor\/desviador\u00bb font_container=\u00bbtag:h2|font_size:40px|text_align:left|line_height:40px\u00bb use_theme_fonts=\u00bbyes\u00bb el_class=\u00bbpuntend\u00bb][vc_custom_heading text=\u00bbSeparaci\u00f3n autom\u00e1tica de piezas troqueladas en direcci\u00f3n transversal y rechazo de desechos a hasta<span class=\"excerpt-hellip\"> [\u2026]<\/span><\/p>\n","protected":false},"author":1,"featured_media":0,"parent":2750,"menu_order":0,"comment_status":"closed","ping_status":"closed","template":"","meta":{"om_disable_all_campaigns":false,"footnotes":""},"class_list":["post-3231","page","type-page","status-publish","hentry"],"yoast_head":"<!-- This site is optimized with the Yoast SEO plugin v26.6 - https:\/\/yoast.com\/wordpress\/plugins\/seo\/ -->\n<title>Distribuidor\/desviador | Separaci\u00f3n autom\u00e1tica de piezas troqueladas en direcci\u00f3n transversal y rechazo de desechos<\/title>\n<meta name=\"description\" content=\"El distribuidor\/desviador de embalaje de CSi puede manejar velocidades de troqueladora de hasta 500m\/min (1600 ft\/min). Nuestro distribuidor puede distribuir las piezas troqueladas en 2 a 10 v\u00edas.\" \/>\n<meta name=\"robots\" content=\"index, follow, max-snippet:-1, max-image-preview:large, max-video-preview:-1\" \/>\n<link rel=\"canonical\" href=\"https:\/\/www.csiportal.com\/es\/soluciones\/distribuidor-desviador\/\" \/>\n<meta property=\"og:locale\" content=\"es_ES\" \/>\n<meta property=\"og:type\" content=\"article\" \/>\n<meta property=\"og:title\" content=\"Distribuidor\/desviador | Separaci\u00f3n autom\u00e1tica de piezas troqueladas en direcci\u00f3n transversal y rechazo de desechos\" \/>\n<meta property=\"og:description\" content=\"El distribuidor\/desviador de embalaje de CSi puede manejar velocidades de troqueladora de hasta 500m\/min (1600 ft\/min). Nuestro distribuidor puede distribuir las piezas troqueladas en 2 a 10 v\u00edas.\" \/>\n<meta property=\"og:url\" content=\"https:\/\/www.csiportal.com\/es\/soluciones\/distribuidor-desviador\/\" \/>\n<meta property=\"og:site_name\" content=\"CSi palletising\" \/>\n<meta property=\"article:modified_time\" content=\"2021-07-14T10:11:21+00:00\" \/>\n<meta name=\"twitter:card\" content=\"summary_large_image\" \/>\n<meta name=\"twitter:label1\" content=\"Tiempo de lectura\" \/>\n\t<meta name=\"twitter:data1\" content=\"2 minutos\" \/>\n<script type=\"application\/ld+json\" class=\"yoast-schema-graph\">{\"@context\":\"https:\/\/schema.org\",\"@graph\":[{\"@type\":\"WebPage\",\"@id\":\"https:\/\/www.csiportal.com\/es\/soluciones\/distribuidor-desviador\/\",\"url\":\"https:\/\/www.csiportal.com\/es\/soluciones\/distribuidor-desviador\/\",\"name\":\"Distribuidor\/desviador | Separaci\u00f3n autom\u00e1tica de piezas troqueladas en direcci\u00f3n transversal y rechazo de desechos\",\"isPartOf\":{\"@id\":\"https:\/\/www.csiportal.com\/es\/#website\"},\"datePublished\":\"2021-07-10T04:29:29+00:00\",\"dateModified\":\"2021-07-14T10:11:21+00:00\",\"description\":\"El distribuidor\/desviador de embalaje de CSi puede manejar velocidades de troqueladora de hasta 500m\/min (1600 ft\/min). Nuestro distribuidor puede distribuir las piezas troqueladas en 2 a 10 v\u00edas.\",\"breadcrumb\":{\"@id\":\"https:\/\/www.csiportal.com\/es\/soluciones\/distribuidor-desviador\/#breadcrumb\"},\"inLanguage\":\"es\",\"potentialAction\":[{\"@type\":\"ReadAction\",\"target\":[\"https:\/\/www.csiportal.com\/es\/soluciones\/distribuidor-desviador\/\"]}]},{\"@type\":\"BreadcrumbList\",\"@id\":\"https:\/\/www.csiportal.com\/es\/soluciones\/distribuidor-desviador\/#breadcrumb\",\"itemListElement\":[{\"@type\":\"ListItem\",\"position\":1,\"name\":\"Home\",\"item\":\"https:\/\/www.csiportal.com\/es\/\"},{\"@type\":\"ListItem\",\"position\":2,\"name\":\"Soluciones\",\"item\":\"https:\/\/www.csiportal.com\/es\/soluciones\/\"},{\"@type\":\"ListItem\",\"position\":3,\"name\":\"Distribuidor\/desviador\"}]},{\"@type\":\"WebSite\",\"@id\":\"https:\/\/www.csiportal.com\/es\/#website\",\"url\":\"https:\/\/www.csiportal.com\/es\/\",\"name\":\"CSi palletising\",\"description\":\"\",\"potentialAction\":[{\"@type\":\"SearchAction\",\"target\":{\"@type\":\"EntryPoint\",\"urlTemplate\":\"https:\/\/www.csiportal.com\/es\/?s={search_term_string}\"},\"query-input\":{\"@type\":\"PropertyValueSpecification\",\"valueRequired\":true,\"valueName\":\"search_term_string\"}}],\"inLanguage\":\"es\"}]}<\/script>\n<!-- \/ Yoast SEO plugin. -->","yoast_head_json":{"title":"Distribuidor\/desviador | Separaci\u00f3n autom\u00e1tica de piezas troqueladas en direcci\u00f3n transversal y rechazo de desechos","description":"El distribuidor\/desviador de embalaje de CSi puede manejar velocidades de troqueladora de hasta 500m\/min (1600 ft\/min). Nuestro distribuidor puede distribuir las piezas troqueladas en 2 a 10 v\u00edas.","robots":{"index":"index","follow":"follow","max-snippet":"max-snippet:-1","max-image-preview":"max-image-preview:large","max-video-preview":"max-video-preview:-1"},"canonical":"https:\/\/www.csiportal.com\/es\/soluciones\/distribuidor-desviador\/","og_locale":"es_ES","og_type":"article","og_title":"Distribuidor\/desviador | Separaci\u00f3n autom\u00e1tica de piezas troqueladas en direcci\u00f3n transversal y rechazo de desechos","og_description":"El distribuidor\/desviador de embalaje de CSi puede manejar velocidades de troqueladora de hasta 500m\/min (1600 ft\/min). Nuestro distribuidor puede distribuir las piezas troqueladas en 2 a 10 v\u00edas.","og_url":"https:\/\/www.csiportal.com\/es\/soluciones\/distribuidor-desviador\/","og_site_name":"CSi palletising","article_modified_time":"2021-07-14T10:11:21+00:00","twitter_card":"summary_large_image","twitter_misc":{"Tiempo de lectura":"2 minutos"},"schema":{"@context":"https:\/\/schema.org","@graph":[{"@type":"WebPage","@id":"https:\/\/www.csiportal.com\/es\/soluciones\/distribuidor-desviador\/","url":"https:\/\/www.csiportal.com\/es\/soluciones\/distribuidor-desviador\/","name":"Distribuidor\/desviador | Separaci\u00f3n autom\u00e1tica de piezas troqueladas en direcci\u00f3n transversal y rechazo de desechos","isPartOf":{"@id":"https:\/\/www.csiportal.com\/es\/#website"},"datePublished":"2021-07-10T04:29:29+00:00","dateModified":"2021-07-14T10:11:21+00:00","description":"El distribuidor\/desviador de embalaje de CSi puede manejar velocidades de troqueladora de hasta 500m\/min (1600 ft\/min). Nuestro distribuidor puede distribuir las piezas troqueladas en 2 a 10 v\u00edas.","breadcrumb":{"@id":"https:\/\/www.csiportal.com\/es\/soluciones\/distribuidor-desviador\/#breadcrumb"},"inLanguage":"es","potentialAction":[{"@type":"ReadAction","target":["https:\/\/www.csiportal.com\/es\/soluciones\/distribuidor-desviador\/"]}]},{"@type":"BreadcrumbList","@id":"https:\/\/www.csiportal.com\/es\/soluciones\/distribuidor-desviador\/#breadcrumb","itemListElement":[{"@type":"ListItem","position":1,"name":"Home","item":"https:\/\/www.csiportal.com\/es\/"},{"@type":"ListItem","position":2,"name":"Soluciones","item":"https:\/\/www.csiportal.com\/es\/soluciones\/"},{"@type":"ListItem","position":3,"name":"Distribuidor\/desviador"}]},{"@type":"WebSite","@id":"https:\/\/www.csiportal.com\/es\/#website","url":"https:\/\/www.csiportal.com\/es\/","name":"CSi palletising","description":"","potentialAction":[{"@type":"SearchAction","target":{"@type":"EntryPoint","urlTemplate":"https:\/\/www.csiportal.com\/es\/?s={search_term_string}"},"query-input":{"@type":"PropertyValueSpecification","valueRequired":true,"valueName":"search_term_string"}}],"inLanguage":"es"}]}},"_links":{"self":[{"href":"https:\/\/www.csiportal.com\/es\/wp-json\/wp\/v2\/pages\/3231","targetHints":{"allow":["GET"]}}],"collection":[{"href":"https:\/\/www.csiportal.com\/es\/wp-json\/wp\/v2\/pages"}],"about":[{"href":"https:\/\/www.csiportal.com\/es\/wp-json\/wp\/v2\/types\/page"}],"author":[{"embeddable":true,"href":"https:\/\/www.csiportal.com\/es\/wp-json\/wp\/v2\/users\/1"}],"replies":[{"embeddable":true,"href":"https:\/\/www.csiportal.com\/es\/wp-json\/wp\/v2\/comments?post=3231"}],"version-history":[{"count":10,"href":"https:\/\/www.csiportal.com\/es\/wp-json\/wp\/v2\/pages\/3231\/revisions"}],"predecessor-version":[{"id":3679,"href":"https:\/\/www.csiportal.com\/es\/wp-json\/wp\/v2\/pages\/3231\/revisions\/3679"}],"up":[{"embeddable":true,"href":"https:\/\/www.csiportal.com\/es\/wp-json\/wp\/v2\/pages\/2750"}],"wp:attachment":[{"href":"https:\/\/www.csiportal.com\/es\/wp-json\/wp\/v2\/media?parent=3231"}],"curies":[{"name":"wp","href":"https:\/\/api.w.org\/{rel}","templated":true}]}}