{"id":3520,"date":"2021-07-12T17:09:56","date_gmt":"2021-07-12T17:09:56","guid":{"rendered":"https:\/\/www.csiportal.com\/su-sector\/bebidas\/"},"modified":"2021-07-12T17:10:11","modified_gmt":"2021-07-12T17:10:11","slug":"bebidas","status":"publish","type":"page","link":"https:\/\/www.csiportal.com\/es\/su-sector-old\/bebidas\/","title":{"rendered":"Bebidas"},"content":{"rendered":"<div class=\"wpb-content-wrapper\"><p>[vc_row css=\u00bb.vc_custom_1521044141128{margin-top: 50px !important;}\u00bb][vc_column width=\u00bb1\/6&#8243;][\/vc_column][vc_column width=\u00bb2\/3&#8243;][vc_custom_heading text=\u00bbBebidas\u00bb font_container=\u00bbtag:h2|font_size:40px|text_align:center|line_height:40px\u00bb use_theme_fonts=\u00bbyes\u00bb el_class=\u00bbpuntend\u00bb][vc_custom_heading text=\u00bbEste mercado se centra principalmente en la impresi\u00f3n de cartones y la conversi\u00f3n de cartones como segundo embalaje para latas, botellas y otros contenedores de bebidas.\u00bb font_container=\u00bbtag:div|font_size:18px|text_align:center|color:%236a7b8f|line_height:22px\u00bb google_fonts=\u00bbfont_family:Open%20Sans%3A300%2C300italic%2Cregular%2Citalic%2C600%2C600italic%2C700%2C700italic%2C800%2C800italic|font_style:400%20italic%3A400%3Aitalic\u00bb el_class=\u00bbpuntend\u00bb][vc_column_text]<\/p>\n<p style=\"text-align: center;\">Los tipos de embalaje m\u00e1s t\u00edpicos son los paquetes, soportes y cestas para la nevera. CSi packaging ofrece m\u00e1quinas de alimentaci\u00f3n continua a alta velocidad para manejar tetrabriks de leche, cerveza, bebidas con gas, soportes de agua embotellada y tetrabriks de zumo. CSi ofrece soluciones completamente automatizadas en este sector, que permiten eliminar la mano de obra en las tareas de apilado, manipulaci\u00f3n y alimentaci\u00f3n de pilas, as\u00ed como llenado y paletizado de cajas. \u00a1Automat\u00edcelo todo!<\/p>\n<p>[\/vc_column_text][\/vc_column][vc_column width=\u00bb1\/6&#8243;][\/vc_column][\/vc_row][vc_row el_class=\u00bbbuttonregel\u00bb][vc_column width=\u00bb1\/3&#8243;][vc_btn title=\u00bbDistribuidor\/desviador\u00bb color=\u00bbdefault\u00bb align=\u00bbleft\u00bb button_block=\u00bbtrue\u00bb link=\u00bburl:https%3A%2F%2Fwww.csiportal.com%2Fes%2Fsoluciones%2Fdistribuidor-desviador%2F|\u00bb][vc_btn title=\u00bbApilado\u00bb color=\u00bbdefault\u00bb align=\u00bbleft\u00bb button_block=\u00bbtrue\u00bb link=\u00bburl:https%3A%2F%2Fwww.csiportal.com%2Fes%2Fsoluciones%2Fapilado%2F|\u00bb][vc_btn title=\u00bbManipulaci\u00f3n de pilas\u00bb color=\u00bbdefault\u00bb align=\u00bbleft\u00bb button_block=\u00bbtrue\u00bb link=\u00bburl:https%3A%2F%2Fwww.csiportal.com%2Fes%2Fsoluciones%2Fmanipulacion-de-pilas%2F|\u00bb][vc_btn title=\u00bbPaletizado de pilas\u00bb color=\u00bbdefault\u00bb align=\u00bbleft\u00bb button_block=\u00bbtrue\u00bb link=\u00bburl:https%3A%2F%2Fwww.csiportal.com%2Fes%2Fsoluciones%2Fpaletizado-de-pilas%2F|\u00bb][\/vc_column][vc_column width=\u00bb1\/3&#8243;][vc_btn title=\u00bbi-Loader Sorter\u00bb color=\u00bbdefault\u00bb align=\u00bbleft\u00bb button_block=\u00bbtrue\u00bb link=\u00bburl:https%3A%2F%2Fwww.csiportal.com%2Fes%2Fsoluciones%2Fi-loader-sorter-2%2F|\u00bb][vc_btn title=\u00bbi-Loader Feeder\u00bb color=\u00bbdefault\u00bb align=\u00bbleft\u00bb button_block=\u00bbtrue\u00bb link=\u00bburl:https%3A%2F%2Fwww.csiportal.com%2Fes%2Fsoluciones%2Fi-loader-feeder%2F|\u00bb][vc_btn title=\u00bbi-Feeder\u00bb color=\u00bbdefault\u00bb align=\u00bbleft\u00bb button_block=\u00bbtrue\u00bb link=\u00bburl:https%3A%2F%2Fwww.csiportal.com%2Fes%2Fsoluciones%2Fi-feeder%2F|\u00bb][vc_btn title=\u00bbi-Pack\u00bb color=\u00bbdefault\u00bb align=\u00bbleft\u00bb button_block=\u00bbtrue\u00bb link=\u00bburl:https%3A%2F%2Fwww.csiportal.com%2Fes%2Fsoluciones%2Fi-pack%2F|\u00bb][vc_btn title=\u00bbCiM\u00bb color=\u00bbdefault\u00bb align=\u00bbleft\u00bb button_block=\u00bbtrue\u00bb link=\u00bburl:https%3A%2F%2Fwww.csiportal.com%2Fes%2Fsoluciones%2Fcim%2F|\u00bb][\/vc_column][vc_column width=\u00bb1\/3&#8243;][vc_btn title=\u00bbLog\u00edstica de cajas\u00bb color=\u00bbdefault\u00bb align=\u00bbleft\u00bb button_block=\u00bbtrue\u00bb link=\u00bburl:https%3A%2F%2Fwww.csiportal.com%2Fes%2Fsoluciones%2Flogistica-de-cajas%2F|\u00bb][vc_btn title=\u00bbPaletizado de cajas\u00bb color=\u00bbdefault\u00bb align=\u00bbleft\u00bb button_block=\u00bbtrue\u00bb link=\u00bburl:https%3A%2F%2Fwww.csiportal.com%2Fes%2Fsoluciones%2Fpaletizado-de-cajas%2F|\u00bb][vc_btn title=\u00bbLog\u00edstica de palets\u00bb color=\u00bbdefault\u00bb align=\u00bbleft\u00bb button_block=\u00bbtrue\u00bb link=\u00bburl:https%3A%2F%2Fwww.csiportal.com%2Fes%2Fsoluciones%2Flogistica-de-palets%2F|\u00bb][\/vc_column][\/vc_row][vc_row css=\u00bb.vc_custom_1521045342817{margin-top: 40px !important;margin-bottom: 40px !important;border-top-width: 1px !important;padding-top: 40px !important;border-top-color: #ececec !important;border-top-style: solid !important;}\u00bb][vc_column][vc_custom_heading text=\u00bbPiezas troqueladas\u00bb font_container=\u00bbtag:h2|font_size:40px|text_align:center|line_height:40px\u00bb use_theme_fonts=\u00bbyes\u00bb el_class=\u00bbpuntend\u00bb css=\u00bb.vc_custom_1533740942266{margin-bottom: 40px !important;}\u00bb][vc_row_inner][vc_column_inner width=\u00bb1\/3&#8243;]<div class=\"hover_box\"><div class=\"hover_box_wrapper\"><img loading=\"lazy\" decoding=\"async\" class=\"scale-with-grid visible_photo\" src=\"https:\/\/www.csiportal.com\/wp-content\/uploads\/2018\/07\/Beverage1-grijs.png\" alt=\"Beverage1-grijs\" width=\"3572\" height=\"2526\"\/><img loading=\"lazy\" decoding=\"async\" class=\"scale-with-grid hidden_photo\" src=\"https:\/\/www.csiportal.com\/wp-content\/uploads\/2018\/07\/Beverage1.png\" alt=\"Beverage1\" width=\"3572\" height=\"2526\"\/><\/div><\/div>\n[vc_custom_heading text=\u00bbBebida 1&#8243; font_container=\u00bbtag:h4|font_size:20px|text_align:center|line_height:20px\u00bb use_theme_fonts=\u00bbyes\u00bb css=\u00bb.vc_custom_1532006649219{margin-bottom: 40px !important;}\u00bb][\/vc_column_inner][vc_column_inner width=\u00bb1\/3&#8243;]<div class=\"hover_box\"><div class=\"hover_box_wrapper\"><img loading=\"lazy\" decoding=\"async\" class=\"scale-with-grid visible_photo\" src=\"https:\/\/www.csiportal.com\/wp-content\/uploads\/2018\/07\/Beverage2-grijs.png\" alt=\"Beverage2-grijs\" width=\"3573\" height=\"2526\"\/><img loading=\"lazy\" decoding=\"async\" class=\"scale-with-grid hidden_photo\" src=\"https:\/\/www.csiportal.com\/wp-content\/uploads\/2018\/07\/Beverage2.png\" alt=\"Beverage2\" width=\"3573\" height=\"2526\"\/><\/div><\/div>\n[vc_custom_heading text=\u00bbBebida 2&#8243; font_container=\u00bbtag:h4|font_size:20px|text_align:center|line_height:20px\u00bb use_theme_fonts=\u00bbyes\u00bb css=\u00bb.vc_custom_1532006654521{margin-bottom: 40px !important;}\u00bb][\/vc_column_inner][vc_column_inner width=\u00bb1\/3&#8243;]<div class=\"hover_box\"><div class=\"hover_box_wrapper\"><img loading=\"lazy\" decoding=\"async\" class=\"scale-with-grid visible_photo\" src=\"https:\/\/www.csiportal.com\/wp-content\/uploads\/2018\/07\/Beverage3-grijs.png\" alt=\"Beverage3-grijs\" width=\"3573\" height=\"2526\"\/><img loading=\"lazy\" decoding=\"async\" class=\"scale-with-grid hidden_photo\" src=\"https:\/\/www.csiportal.com\/wp-content\/uploads\/2018\/07\/Beverage3.png\" alt=\"Beverage3\" width=\"3573\" height=\"2526\"\/><\/div><\/div>\n[vc_custom_heading text=\u00bbBebida 3&#8243; font_container=\u00bbtag:h4|font_size:20px|text_align:center|line_height:20px\u00bb use_theme_fonts=\u00bbyes\u00bb css=\u00bb.vc_custom_1532006660952{margin-bottom: 40px !important;}\u00bb][\/vc_column_inner][\/vc_row_inner][vc_row_inner][vc_column_inner width=\u00bb1\/3&#8243;]<div class=\"hover_box\"><div class=\"hover_box_wrapper\"><img loading=\"lazy\" decoding=\"async\" class=\"scale-with-grid visible_photo\" src=\"https:\/\/www.csiportal.com\/wp-content\/uploads\/2018\/07\/Beverage4-grijs.png\" alt=\"Beverage4-grijs\" width=\"3572\" height=\"2526\"\/><img loading=\"lazy\" decoding=\"async\" class=\"scale-with-grid hidden_photo\" src=\"https:\/\/www.csiportal.com\/wp-content\/uploads\/2018\/07\/Beverage4.png\" alt=\"Beverage4\" width=\"3572\" height=\"2526\"\/><\/div><\/div>\n[vc_custom_heading text=\u00bbBebida 4&#8243; font_container=\u00bbtag:h4|font_size:20px|text_align:center|line_height:20px\u00bb use_theme_fonts=\u00bbyes\u00bb css=\u00bb.vc_custom_1532006666016{margin-bottom: 40px !important;}\u00bb][\/vc_column_inner][vc_column_inner width=\u00bb1\/3&#8243;]<div class=\"hover_box\"><div class=\"hover_box_wrapper\"><img loading=\"lazy\" decoding=\"async\" class=\"scale-with-grid visible_photo\" src=\"https:\/\/www.csiportal.com\/wp-content\/uploads\/2018\/07\/Beverage5-grijs.png\" alt=\"Beverage5-grijs\" width=\"3573\" height=\"2526\"\/><img loading=\"lazy\" decoding=\"async\" class=\"scale-with-grid hidden_photo\" src=\"https:\/\/www.csiportal.com\/wp-content\/uploads\/2018\/07\/Beverage5.png\" alt=\"Beverage5\" width=\"3573\" height=\"2526\"\/><\/div><\/div>\n[vc_custom_heading text=\u00bbBebida 5&#8243; font_container=\u00bbtag:h4|font_size:20px|text_align:center|line_height:20px\u00bb use_theme_fonts=\u00bbyes\u00bb css=\u00bb.vc_custom_1532006671630{margin-bottom: 40px !important;}\u00bb][\/vc_column_inner][\/vc_row_inner][vc_btn title=\u00bbVolver a: su sector\u00bb style=\u00bbflat\u00bb color=\u00bbdanger\u00bb align=\u00bbcenter\u00bb link=\u00bburl:https%3A%2F%2Fwww.csiportal.com%2Fes%2Fsu-sector%2F|\u00bb][\/vc_column][\/vc_row][vc_row full_width=\u00bbstretch_row\u00bb el_class=\u00bbfooterslogan\u00bb css=\u00bb.vc_custom_1521044620595{background-color: #919dab !important;}\u00bb][vc_column][vc_column_text]<\/p>\n<p style=\"text-align: center;\">\u00bfDesea m\u00e1s informaci\u00f3n? <strong>\u00a1Ll\u00e1menos!<\/strong><\/p>\n<p>[\/vc_column_text][\/vc_column][\/vc_row]<\/p>\n<\/div>","protected":false},"excerpt":{"rendered":"<p>[vc_row css=\u00bb.vc_custom_1521044141128{margin-top: 50px !important;}\u00bb][vc_column width=\u00bb1\/6&#8243;][\/vc_column][vc_column width=\u00bb2\/3&#8243;][vc_custom_heading text=\u00bbBebidas\u00bb font_container=\u00bbtag:h2|font_size:40px|text_align:center|line_height:40px\u00bb use_theme_fonts=\u00bbyes\u00bb el_class=\u00bbpuntend\u00bb][vc_custom_heading text=\u00bbEste mercado se centra principalmente en la impresi\u00f3n de cartones y la conversi\u00f3n de cartones como<span class=\"excerpt-hellip\"> [\u2026]<\/span><\/p>\n","protected":false},"author":1,"featured_media":0,"parent":3451,"menu_order":0,"comment_status":"closed","ping_status":"closed","template":"","meta":{"om_disable_all_campaigns":false,"footnotes":""},"class_list":["post-3520","page","type-page","status-publish","hentry"],"yoast_head":"<!-- This site is optimized with the Yoast SEO plugin v26.6 - https:\/\/yoast.com\/wordpress\/plugins\/seo\/ -->\n<title>Embalaje de bebidas | Envases de cart\u00f3n para l\u00edquidos | Sector de CSi packaging<\/title>\n<meta name=\"description\" content=\"CSi packaging ha desarrollado m\u00e1quinas especiales de embalaje para manipular el doblado de envases y el embalaje de bebidas. Nuestras soluciones robotizadas son flexibles, fiables y personalizables.\" \/>\n<meta name=\"robots\" content=\"index, follow, max-snippet:-1, max-image-preview:large, max-video-preview:-1\" \/>\n<link rel=\"canonical\" href=\"https:\/\/www.csiportal.com\/es\/su-sector-old\/bebidas\/\" \/>\n<meta property=\"og:locale\" content=\"es_ES\" \/>\n<meta property=\"og:type\" content=\"article\" \/>\n<meta property=\"og:title\" content=\"Embalaje de bebidas | Envases de cart\u00f3n para l\u00edquidos | Sector de CSi packaging\" \/>\n<meta property=\"og:description\" content=\"CSi packaging ha desarrollado m\u00e1quinas especiales de embalaje para manipular el doblado de envases y el embalaje de bebidas. Nuestras soluciones robotizadas son flexibles, fiables y personalizables.\" \/>\n<meta property=\"og:url\" content=\"https:\/\/www.csiportal.com\/es\/su-sector-old\/bebidas\/\" \/>\n<meta property=\"og:site_name\" content=\"CSi palletising\" \/>\n<meta property=\"article:modified_time\" content=\"2021-07-12T17:10:11+00:00\" \/>\n<meta name=\"twitter:card\" content=\"summary_large_image\" \/>\n<meta name=\"twitter:label1\" content=\"Tiempo de lectura\" \/>\n\t<meta name=\"twitter:data1\" content=\"4 minutos\" \/>\n<script type=\"application\/ld+json\" class=\"yoast-schema-graph\">{\"@context\":\"https:\/\/schema.org\",\"@graph\":[{\"@type\":\"WebPage\",\"@id\":\"https:\/\/www.csiportal.com\/es\/su-sector-old\/bebidas\/\",\"url\":\"https:\/\/www.csiportal.com\/es\/su-sector-old\/bebidas\/\",\"name\":\"Embalaje de bebidas | Envases de cart\u00f3n para l\u00edquidos | Sector de CSi packaging\",\"isPartOf\":{\"@id\":\"https:\/\/www.csiportal.com\/es\/#website\"},\"datePublished\":\"2021-07-12T17:09:56+00:00\",\"dateModified\":\"2021-07-12T17:10:11+00:00\",\"description\":\"CSi packaging ha desarrollado m\u00e1quinas especiales de embalaje para manipular el doblado de envases y el embalaje de bebidas. Nuestras soluciones robotizadas son flexibles, fiables y personalizables.\",\"breadcrumb\":{\"@id\":\"https:\/\/www.csiportal.com\/es\/su-sector-old\/bebidas\/#breadcrumb\"},\"inLanguage\":\"es\",\"potentialAction\":[{\"@type\":\"ReadAction\",\"target\":[\"https:\/\/www.csiportal.com\/es\/su-sector-old\/bebidas\/\"]}]},{\"@type\":\"BreadcrumbList\",\"@id\":\"https:\/\/www.csiportal.com\/es\/su-sector-old\/bebidas\/#breadcrumb\",\"itemListElement\":[{\"@type\":\"ListItem\",\"position\":1,\"name\":\"Home\",\"item\":\"https:\/\/www.csiportal.com\/es\/\"},{\"@type\":\"ListItem\",\"position\":2,\"name\":\"Su sector old\",\"item\":\"https:\/\/www.csiportal.com\/es\/?page_id=3451\"},{\"@type\":\"ListItem\",\"position\":3,\"name\":\"Bebidas\"}]},{\"@type\":\"WebSite\",\"@id\":\"https:\/\/www.csiportal.com\/es\/#website\",\"url\":\"https:\/\/www.csiportal.com\/es\/\",\"name\":\"CSi palletising\",\"description\":\"\",\"potentialAction\":[{\"@type\":\"SearchAction\",\"target\":{\"@type\":\"EntryPoint\",\"urlTemplate\":\"https:\/\/www.csiportal.com\/es\/?s={search_term_string}\"},\"query-input\":{\"@type\":\"PropertyValueSpecification\",\"valueRequired\":true,\"valueName\":\"search_term_string\"}}],\"inLanguage\":\"es\"}]}<\/script>\n<!-- \/ Yoast SEO plugin. -->","yoast_head_json":{"title":"Embalaje de bebidas | Envases de cart\u00f3n para l\u00edquidos | Sector de CSi packaging","description":"CSi packaging ha desarrollado m\u00e1quinas especiales de embalaje para manipular el doblado de envases y el embalaje de bebidas. Nuestras soluciones robotizadas son flexibles, fiables y personalizables.","robots":{"index":"index","follow":"follow","max-snippet":"max-snippet:-1","max-image-preview":"max-image-preview:large","max-video-preview":"max-video-preview:-1"},"canonical":"https:\/\/www.csiportal.com\/es\/su-sector-old\/bebidas\/","og_locale":"es_ES","og_type":"article","og_title":"Embalaje de bebidas | Envases de cart\u00f3n para l\u00edquidos | Sector de CSi packaging","og_description":"CSi packaging ha desarrollado m\u00e1quinas especiales de embalaje para manipular el doblado de envases y el embalaje de bebidas. Nuestras soluciones robotizadas son flexibles, fiables y personalizables.","og_url":"https:\/\/www.csiportal.com\/es\/su-sector-old\/bebidas\/","og_site_name":"CSi palletising","article_modified_time":"2021-07-12T17:10:11+00:00","twitter_card":"summary_large_image","twitter_misc":{"Tiempo de lectura":"4 minutos"},"schema":{"@context":"https:\/\/schema.org","@graph":[{"@type":"WebPage","@id":"https:\/\/www.csiportal.com\/es\/su-sector-old\/bebidas\/","url":"https:\/\/www.csiportal.com\/es\/su-sector-old\/bebidas\/","name":"Embalaje de bebidas | Envases de cart\u00f3n para l\u00edquidos | Sector de CSi packaging","isPartOf":{"@id":"https:\/\/www.csiportal.com\/es\/#website"},"datePublished":"2021-07-12T17:09:56+00:00","dateModified":"2021-07-12T17:10:11+00:00","description":"CSi packaging ha desarrollado m\u00e1quinas especiales de embalaje para manipular el doblado de envases y el embalaje de bebidas. Nuestras soluciones robotizadas son flexibles, fiables y personalizables.","breadcrumb":{"@id":"https:\/\/www.csiportal.com\/es\/su-sector-old\/bebidas\/#breadcrumb"},"inLanguage":"es","potentialAction":[{"@type":"ReadAction","target":["https:\/\/www.csiportal.com\/es\/su-sector-old\/bebidas\/"]}]},{"@type":"BreadcrumbList","@id":"https:\/\/www.csiportal.com\/es\/su-sector-old\/bebidas\/#breadcrumb","itemListElement":[{"@type":"ListItem","position":1,"name":"Home","item":"https:\/\/www.csiportal.com\/es\/"},{"@type":"ListItem","position":2,"name":"Su sector old","item":"https:\/\/www.csiportal.com\/es\/?page_id=3451"},{"@type":"ListItem","position":3,"name":"Bebidas"}]},{"@type":"WebSite","@id":"https:\/\/www.csiportal.com\/es\/#website","url":"https:\/\/www.csiportal.com\/es\/","name":"CSi palletising","description":"","potentialAction":[{"@type":"SearchAction","target":{"@type":"EntryPoint","urlTemplate":"https:\/\/www.csiportal.com\/es\/?s={search_term_string}"},"query-input":{"@type":"PropertyValueSpecification","valueRequired":true,"valueName":"search_term_string"}}],"inLanguage":"es"}]}},"_links":{"self":[{"href":"https:\/\/www.csiportal.com\/es\/wp-json\/wp\/v2\/pages\/3520","targetHints":{"allow":["GET"]}}],"collection":[{"href":"https:\/\/www.csiportal.com\/es\/wp-json\/wp\/v2\/pages"}],"about":[{"href":"https:\/\/www.csiportal.com\/es\/wp-json\/wp\/v2\/types\/page"}],"author":[{"embeddable":true,"href":"https:\/\/www.csiportal.com\/es\/wp-json\/wp\/v2\/users\/1"}],"replies":[{"embeddable":true,"href":"https:\/\/www.csiportal.com\/es\/wp-json\/wp\/v2\/comments?post=3520"}],"version-history":[{"count":2,"href":"https:\/\/www.csiportal.com\/es\/wp-json\/wp\/v2\/pages\/3520\/revisions"}],"predecessor-version":[{"id":3522,"href":"https:\/\/www.csiportal.com\/es\/wp-json\/wp\/v2\/pages\/3520\/revisions\/3522"}],"up":[{"embeddable":true,"href":"https:\/\/www.csiportal.com\/es\/wp-json\/wp\/v2\/pages\/3451"}],"wp:attachment":[{"href":"https:\/\/www.csiportal.com\/es\/wp-json\/wp\/v2\/media?parent=3520"}],"curies":[{"name":"wp","href":"https:\/\/api.w.org\/{rel}","templated":true}]}}