{"id":3547,"date":"2021-07-13T03:16:12","date_gmt":"2021-07-13T03:16:12","guid":{"rendered":"https:\/\/www.csiportal.com\/su-sector\/dulces-y-golosinas\/"},"modified":"2023-06-06T09:29:52","modified_gmt":"2023-06-06T09:29:52","slug":"dulces-y-golosinas","status":"publish","type":"page","link":"https:\/\/www.csiportal.com\/es\/su-sector-old\/dulces-y-golosinas\/","title":{"rendered":"Dulces y golosinas"},"content":{"rendered":"<div class=\"wpb-content-wrapper\"><p>[vc_row css=\u00bb.vc_custom_1521044141128{margin-top: 50px !important;}\u00bb][vc_column width=\u00bb1\/4&#8243; el_class=\u00bbsolsidebar\u00bb][vc_widget_sidebar sidebar_id=\u00bbsidebar-your-industry\u00bb][\/vc_column][vc_column width=\u00bb3\/4&#8243; el_class=\u00bbsoldetailtext yourindus\u00bb][vc_row_inner][vc_column_inner width=\u00bb4\/6&#8243;][vc_custom_heading text=\u00bbDulces y golosinas\u00bb use_theme_fonts=\u00bbyes\u00bb el_class=\u00bbpuntend\u00bb][vc_custom_heading text=\u00bbConocemos de primera mano las dimensiones de los productos, los vol\u00famenes, la variedad y los requisitos de manipulaci\u00f3n (cuidadosa).\u00bb font_container=\u00bbtag:h3|font_size:18|text_align:left|line_height:22px\u00bb google_fonts=\u00bbfont_family:Open%20Sans%3A300%2C300italic%2Cregular%2Citalic%2C600%2C600italic%2C700%2C700italic%2C800%2C800italic|font_style:400%20italic%3A400%3Aitalic\u00bb el_class=\u00bbpuntend\u00bb][\/vc_column_inner][vc_column_inner width=\u00bb2\/6&#8243;][vc_btn title=\u00bbCont\u00e1ctenos\u00bb style=\u00bbflat\u00bb color=\u00bbdanger\u00bb align=\u00bbright\u00bb link=\u00bburl:https%3A%2F%2Fwww.csiportal.com%2Fes%2Fcontactenos-mexico%2F|title:Cont%C3%A1ctenos-Mexico\u00bb][\/vc_column_inner][\/vc_row_inner][vc_single_image image=\u00bb3464&#8243; img_size=\u00bbfull\u00bb style=\u00bbvc_box_rounded\u00bb][vc_custom_heading text=\u00bbLa vasta experiencia de CSi en el sector ha servido como base de las soluciones integradas que CSi desarrolla y suministra.\u00bb font_container=\u00bbtag:div|font_size:18px|text_align:left|color:%23cd2e32&#8243; google_fonts=\u00bbfont_family:Open%20Sans%3A300%2C300italic%2Cregular%2Citalic%2C600%2C600italic%2C700%2C700italic%2C800%2C800italic|font_style:400%20italic%3A400%3Aitalic\u00bb el_class=\u00bbpuntend\u00bb][vc_column_text css=\u00bb.vc_custom_1604612868910{padding-bottom: 50px !important;}\u00bb]<\/p>\n<p class=\"p1\">Esto incluye, entre otros, chocolate, barritas dulces, dulce de leche, pudin, caramelos de goma, caramelos duros, caramelos blandos, caramelos de ma\u00edz, gominolas, regaliz, piruletas, chicles, caramelos de cacahuete, trufas, tarros de manteca de cacahuete, nubes, tofes, golosinas de arroz crujiente&#8230;<\/p>\n<p class=\"p1\">CSi conoce muy bien los requisitos concretos de los productores de dulces y golosinas. Ya llevamos muchos a\u00f1os efectuando muchos proyectos y ofreciendo servicios en distintas plantas de todo el mundo. CSi ha hecho negocios con los mayores productores de dulces y golosinas.<\/p>\n<p class=\"p1\">Gracias a esta experiencia, CSi es capaz de ofrecer soluciones adecuadas para este sector. Conocemos de primera mano las dimensiones de los productos, los vol\u00famenes, la variedad y los requisitos de manipulaci\u00f3n (cuidadosa). La vasta experiencia de CSi en el sector ha servido como base de las soluciones integradas que CSi desarrolla y suministra. En la mayor\u00eda de casos, CSi es capaz de ofrecer soluciones que aumenten la productividad con un r\u00e1pido retorno de la inversi\u00f3n.<\/p>\n<p>[\/vc_column_text][vc_row_inner disable_element=\u00bbyes\u00bb el_class=\u00bbbordertopdonker\u00bb][vc_column_inner width=\u00bb1\/2&#8243;][vc_custom_heading text=\u00bbUSP\u00bb use_theme_fonts=\u00bbyes\u00bb el_class=\u00bbpuntend\u00bb][vc_custom_heading text=\u00bbMauris rhoncus orci in imperdiet placerat. Vestibulum euismod nisl suscipit ligula volutpat, a feugiat urna maximus. Cras massa nibh, tincidunt ut eros a, vulputate consequat odio.\u00bb font_container=\u00bbtag:h3|font_size:18|text_align:left|line_height:22px\u00bb google_fonts=\u00bbfont_family:Open%20Sans%3A300%2C300italic%2Cregular%2Citalic%2C600%2C600italic%2C700%2C700italic%2C800%2C800italic|font_style:400%20italic%3A400%3Aitalic\u00bb el_class=\u00bbpuntend\u00bb][vc_column_text el_class=\u00bbvinkjeshome\u00bb]<i class=\"icon-check\" style=\"\" aria-hidden=\"true\"><\/i> \u00bfDesea incrementar la producci\u00f3n de su f\u00e1brica?<br \/>\n<i class=\"icon-check\" style=\"\" aria-hidden=\"true\"><\/i> \u00bfDesea reducir sus costes?<br \/>\n<i class=\"icon-check\" style=\"\" aria-hidden=\"true\"><\/i> \u00bfDesea m\u00e1s eficiencia y una velocidad \u00f3ptima de la m\u00e1quina?[\/vc_column_text][\/vc_column_inner][vc_column_inner width=\u00bb1\/2&#8243;][vc_column_text]Lorem ipsum dolor sit amet, consectetur adipisicing elit, sed do eiusmod tempor incididunt ut labore et dolore magna aliqua. Ut enim ad minim veniam, quis nostrud exercitation ullamco laboris nisi ut aliquip ex ea commodo consequat. Duis aute irure dolor in reprehenderit in voluptate velit esse cillum dolore eu fugiat nulla pariatur. Excepteur sint occaecat cupidatat non proident, sunt in culpa qui officia deserunt mollit anim id est laborum. Sed ut perspiciatis unde omnis iste natus error sit voluptatem accusantium doloremque laudantium, totam rem aperiam, eaque ipsa quae ab illo inventore veritatis et quasi architecto beatae vitae dicta sunt explicabo. Nemo enim ipsam voluptatem quia voluptas sit aspernatur aut odit aut fugit, sed quia consequuntur magni dolores eos qui ratione voluptatem sequi nesciunt. Neque porro quisqua[\/vc_column_text][\/vc_column_inner][\/vc_row_inner][vc_row_inner disable_element=\u00bbyes\u00bb el_class=\u00bbbordertopdonker\u00bb][vc_column_inner width=\u00bb1\/2&#8243;][vc_single_image image=\u00bb3622&#8243; img_size=\u00bbfull\u00bb style=\u00bbvc_box_rounded\u00bb][\/vc_column_inner][vc_column_inner width=\u00bb1\/2&#8243;][vc_custom_heading text=\u00bbCaja\u00bb use_theme_fonts=\u00bbyes\u00bb el_class=\u00bbpuntend\u00bb][vc_column_text]Lorem ipsum dolor sit amet, consectetur adipisicing elit, sed do eiusmod tempor incididunt ut labore et dolore magna aliqua. Ut enim ad minim veniam, quis nostrud exercitation ullamco laboris nisi ut aliquip ex ea commodo consequat. Duis aute irure dolor in reprehenderit in voluptate velit esse cillum dolore eu fugiat nulla pariatur. Excepteur sint occaecat cupidatat non proident, sunt in culpa qui officia deserunt mollit anim id est laborum. Sed ut perspiciatis unde omnis iste natus error sit voluptatem accusantium doloremque laudantium, totam rem aperiam, eaque ipsa quae ab illo inventore veritat[\/vc_column_text][vc_btn title=\u00bbLlamada a la acci\u00f3n\u00bb style=\u00bbflat\u00bb color=\u00bbdanger\u00bb align=\u00bbleft\u00bb el_class=\u00bbleftbutton\u00bb link=\u00bburl:https%3A%2F%2Fwww.csiportal.com%2Fes%2Fcontacto%2F|\u00bb][\/vc_column_inner][\/vc_row_inner][\/vc_column][\/vc_row][vc_row full_width=\u00bbstretch_row\u00bb el_class=\u00bbfooterslogan\u00bb css=\u00bb.vc_custom_1521044612966{background-color: #919dab !important;}\u00bb][vc_column][vc_column_text]<\/p>\n<p style=\"text-align: center;\">\u00bfDesea m\u00e1s informaci\u00f3n? <strong>\u00a1Ll\u00e1menos!<\/strong><\/p>\n<p>[\/vc_column_text][\/vc_column][\/vc_row]<\/p>\n<\/div>","protected":false},"excerpt":{"rendered":"<p>[vc_row css=\u00bb.vc_custom_1521044141128{margin-top: 50px !important;}\u00bb][vc_column width=\u00bb1\/4&#8243; el_class=\u00bbsolsidebar\u00bb][vc_widget_sidebar sidebar_id=\u00bbsidebar-your-industry\u00bb][\/vc_column][vc_column width=\u00bb3\/4&#8243; el_class=\u00bbsoldetailtext yourindus\u00bb][vc_row_inner][vc_column_inner width=\u00bb4\/6&#8243;][vc_custom_heading text=\u00bbDulces y golosinas\u00bb use_theme_fonts=\u00bbyes\u00bb el_class=\u00bbpuntend\u00bb][vc_custom_heading text=\u00bbConocemos de primera mano las dimensiones de los productos, los<span class=\"excerpt-hellip\"> [\u2026]<\/span><\/p>\n","protected":false},"author":1,"featured_media":0,"parent":3451,"menu_order":0,"comment_status":"closed","ping_status":"closed","template":"","meta":{"om_disable_all_campaigns":false,"footnotes":""},"class_list":["post-3547","page","type-page","status-publish","hentry"],"yoast_head":"<!-- This site is optimized with the Yoast SEO plugin v26.6 - https:\/\/yoast.com\/wordpress\/plugins\/seo\/ -->\n<title>Dulces y golosinas | Su sector | CSi palletising y packaging<\/title>\n<meta name=\"description\" content=\"CSi conoce muy bien los requisitos concretos del sector de los dulces y las golosinas. Hemos llevado a cabo muchos proyectos en plantas de todo el mundo.\" \/>\n<meta name=\"robots\" content=\"index, follow, max-snippet:-1, max-image-preview:large, max-video-preview:-1\" \/>\n<link rel=\"canonical\" href=\"https:\/\/www.csiportal.com\/es\/su-sector-old\/dulces-y-golosinas\/\" \/>\n<meta property=\"og:locale\" content=\"es_ES\" \/>\n<meta property=\"og:type\" content=\"article\" \/>\n<meta property=\"og:title\" content=\"Dulces y golosinas | Su sector | CSi palletising y packaging\" \/>\n<meta property=\"og:description\" content=\"CSi conoce muy bien los requisitos concretos del sector de los dulces y las golosinas. Hemos llevado a cabo muchos proyectos en plantas de todo el mundo.\" \/>\n<meta property=\"og:url\" content=\"https:\/\/www.csiportal.com\/es\/su-sector-old\/dulces-y-golosinas\/\" \/>\n<meta property=\"og:site_name\" content=\"CSi palletising\" \/>\n<meta property=\"article:modified_time\" content=\"2023-06-06T09:29:52+00:00\" \/>\n<meta name=\"twitter:card\" content=\"summary_large_image\" \/>\n<meta name=\"twitter:label1\" content=\"Tiempo de lectura\" \/>\n\t<meta name=\"twitter:data1\" content=\"3 minutos\" \/>\n<script type=\"application\/ld+json\" class=\"yoast-schema-graph\">{\"@context\":\"https:\/\/schema.org\",\"@graph\":[{\"@type\":\"WebPage\",\"@id\":\"https:\/\/www.csiportal.com\/es\/su-sector-old\/dulces-y-golosinas\/\",\"url\":\"https:\/\/www.csiportal.com\/es\/su-sector-old\/dulces-y-golosinas\/\",\"name\":\"Dulces y golosinas | Su sector | CSi palletising y packaging\",\"isPartOf\":{\"@id\":\"https:\/\/www.csiportal.com\/es\/#website\"},\"datePublished\":\"2021-07-13T03:16:12+00:00\",\"dateModified\":\"2023-06-06T09:29:52+00:00\",\"description\":\"CSi conoce muy bien los requisitos concretos del sector de los dulces y las golosinas. Hemos llevado a cabo muchos proyectos en plantas de todo el mundo.\",\"breadcrumb\":{\"@id\":\"https:\/\/www.csiportal.com\/es\/su-sector-old\/dulces-y-golosinas\/#breadcrumb\"},\"inLanguage\":\"es\",\"potentialAction\":[{\"@type\":\"ReadAction\",\"target\":[\"https:\/\/www.csiportal.com\/es\/su-sector-old\/dulces-y-golosinas\/\"]}]},{\"@type\":\"BreadcrumbList\",\"@id\":\"https:\/\/www.csiportal.com\/es\/su-sector-old\/dulces-y-golosinas\/#breadcrumb\",\"itemListElement\":[{\"@type\":\"ListItem\",\"position\":1,\"name\":\"Home\",\"item\":\"https:\/\/www.csiportal.com\/es\/\"},{\"@type\":\"ListItem\",\"position\":2,\"name\":\"Su sector old\",\"item\":\"https:\/\/www.csiportal.com\/es\/?page_id=3451\"},{\"@type\":\"ListItem\",\"position\":3,\"name\":\"Dulces y golosinas\"}]},{\"@type\":\"WebSite\",\"@id\":\"https:\/\/www.csiportal.com\/es\/#website\",\"url\":\"https:\/\/www.csiportal.com\/es\/\",\"name\":\"CSi palletising\",\"description\":\"\",\"potentialAction\":[{\"@type\":\"SearchAction\",\"target\":{\"@type\":\"EntryPoint\",\"urlTemplate\":\"https:\/\/www.csiportal.com\/es\/?s={search_term_string}\"},\"query-input\":{\"@type\":\"PropertyValueSpecification\",\"valueRequired\":true,\"valueName\":\"search_term_string\"}}],\"inLanguage\":\"es\"}]}<\/script>\n<!-- \/ Yoast SEO plugin. -->","yoast_head_json":{"title":"Dulces y golosinas | Su sector | CSi palletising y packaging","description":"CSi conoce muy bien los requisitos concretos del sector de los dulces y las golosinas. Hemos llevado a cabo muchos proyectos en plantas de todo el mundo.","robots":{"index":"index","follow":"follow","max-snippet":"max-snippet:-1","max-image-preview":"max-image-preview:large","max-video-preview":"max-video-preview:-1"},"canonical":"https:\/\/www.csiportal.com\/es\/su-sector-old\/dulces-y-golosinas\/","og_locale":"es_ES","og_type":"article","og_title":"Dulces y golosinas | Su sector | CSi palletising y packaging","og_description":"CSi conoce muy bien los requisitos concretos del sector de los dulces y las golosinas. Hemos llevado a cabo muchos proyectos en plantas de todo el mundo.","og_url":"https:\/\/www.csiportal.com\/es\/su-sector-old\/dulces-y-golosinas\/","og_site_name":"CSi palletising","article_modified_time":"2023-06-06T09:29:52+00:00","twitter_card":"summary_large_image","twitter_misc":{"Tiempo de lectura":"3 minutos"},"schema":{"@context":"https:\/\/schema.org","@graph":[{"@type":"WebPage","@id":"https:\/\/www.csiportal.com\/es\/su-sector-old\/dulces-y-golosinas\/","url":"https:\/\/www.csiportal.com\/es\/su-sector-old\/dulces-y-golosinas\/","name":"Dulces y golosinas | Su sector | CSi palletising y packaging","isPartOf":{"@id":"https:\/\/www.csiportal.com\/es\/#website"},"datePublished":"2021-07-13T03:16:12+00:00","dateModified":"2023-06-06T09:29:52+00:00","description":"CSi conoce muy bien los requisitos concretos del sector de los dulces y las golosinas. Hemos llevado a cabo muchos proyectos en plantas de todo el mundo.","breadcrumb":{"@id":"https:\/\/www.csiportal.com\/es\/su-sector-old\/dulces-y-golosinas\/#breadcrumb"},"inLanguage":"es","potentialAction":[{"@type":"ReadAction","target":["https:\/\/www.csiportal.com\/es\/su-sector-old\/dulces-y-golosinas\/"]}]},{"@type":"BreadcrumbList","@id":"https:\/\/www.csiportal.com\/es\/su-sector-old\/dulces-y-golosinas\/#breadcrumb","itemListElement":[{"@type":"ListItem","position":1,"name":"Home","item":"https:\/\/www.csiportal.com\/es\/"},{"@type":"ListItem","position":2,"name":"Su sector old","item":"https:\/\/www.csiportal.com\/es\/?page_id=3451"},{"@type":"ListItem","position":3,"name":"Dulces y golosinas"}]},{"@type":"WebSite","@id":"https:\/\/www.csiportal.com\/es\/#website","url":"https:\/\/www.csiportal.com\/es\/","name":"CSi palletising","description":"","potentialAction":[{"@type":"SearchAction","target":{"@type":"EntryPoint","urlTemplate":"https:\/\/www.csiportal.com\/es\/?s={search_term_string}"},"query-input":{"@type":"PropertyValueSpecification","valueRequired":true,"valueName":"search_term_string"}}],"inLanguage":"es"}]}},"_links":{"self":[{"href":"https:\/\/www.csiportal.com\/es\/wp-json\/wp\/v2\/pages\/3547","targetHints":{"allow":["GET"]}}],"collection":[{"href":"https:\/\/www.csiportal.com\/es\/wp-json\/wp\/v2\/pages"}],"about":[{"href":"https:\/\/www.csiportal.com\/es\/wp-json\/wp\/v2\/types\/page"}],"author":[{"embeddable":true,"href":"https:\/\/www.csiportal.com\/es\/wp-json\/wp\/v2\/users\/1"}],"replies":[{"embeddable":true,"href":"https:\/\/www.csiportal.com\/es\/wp-json\/wp\/v2\/comments?post=3547"}],"version-history":[{"count":5,"href":"https:\/\/www.csiportal.com\/es\/wp-json\/wp\/v2\/pages\/3547\/revisions"}],"predecessor-version":[{"id":4593,"href":"https:\/\/www.csiportal.com\/es\/wp-json\/wp\/v2\/pages\/3547\/revisions\/4593"}],"up":[{"embeddable":true,"href":"https:\/\/www.csiportal.com\/es\/wp-json\/wp\/v2\/pages\/3451"}],"wp:attachment":[{"href":"https:\/\/www.csiportal.com\/es\/wp-json\/wp\/v2\/media?parent=3547"}],"curies":[{"name":"wp","href":"https:\/\/api.w.org\/{rel}","templated":true}]}}