{"id":3588,"date":"2021-07-13T06:58:08","date_gmt":"2021-07-13T06:58:08","guid":{"rendered":"https:\/\/www.csiportal.com\/su-sector\/cuidado-del-hogar\/"},"modified":"2023-06-06T09:30:55","modified_gmt":"2023-06-06T09:30:55","slug":"cuidado-del-hogar","status":"publish","type":"page","link":"https:\/\/www.csiportal.com\/es\/su-sector-old\/cuidado-del-hogar\/","title":{"rendered":"Cuidado del hogar"},"content":{"rendered":"<div class=\"wpb-content-wrapper\"><p>[vc_row css=\u00bb.vc_custom_1521044141128{margin-top: 50px !important;}\u00bb][vc_column width=\u00bb1\/4&#8243; el_class=\u00bbsolsidebar\u00bb][vc_widget_sidebar sidebar_id=\u00bbsidebar-your-industry\u00bb][\/vc_column][vc_column width=\u00bb3\/4&#8243; el_class=\u00bbsoldetailtext yourindus\u00bb][vc_row_inner][vc_column_inner width=\u00bb4\/6&#8243;][vc_custom_heading text=\u00bbCuidado del hogar\u00bb use_theme_fonts=\u00bbyes\u00bb el_class=\u00bbpuntend\u00bb][vc_custom_heading text=\u00bbNuestro sistema es capaz de manejar una amplia gama de tama\u00f1os, reduciendo el primer y segundo embalajes, y satisfaciendo los requisitos espec\u00edficos de los aparadores de las tiendas.\u00bb font_container=\u00bbtag:h3|font_size:18|text_align:left|line_height:22px\u00bb google_fonts=\u00bbfont_family:Open%20Sans%3A300%2C300italic%2Cregular%2Citalic%2C600%2C600italic%2C700%2C700italic%2C800%2C800italic|font_style:400%20italic%3A400%3Aitalic\u00bb el_class=\u00bbpuntend\u00bb][\/vc_column_inner][vc_column_inner width=\u00bb2\/6&#8243;][vc_btn title=\u00bbCont\u00e1ctenos\u00bb style=\u00bbflat\u00bb color=\u00bbdanger\u00bb align=\u00bbright\u00bb link=\u00bburl:https%3A%2F%2Fwww.csiportal.com%2Fes%2Fcontactenos-mexico%2F|title:Cont%C3%A1ctenos-Mexico\u00bb][\/vc_column_inner][\/vc_row_inner][vc_single_image image=\u00bb3460&#8243; img_size=\u00bbfull\u00bb style=\u00bbvc_box_rounded\u00bb][vc_column_text css=\u00bb.vc_custom_1620826156301{padding-bottom: 50px !important;}\u00bb]<\/p>\n<p class=\"p1\">Esto incluye, entre otros, limpiadores multiuso, limpiadores espec\u00edficos (limpiacristales, productos para moquetas, limpiadores para ba\u00f1os, etc.), servilletas de papel, toallitas antibacterianas, lej\u00eda, aerosoles llenos o vac\u00edos, lavavajillas, detergente para la ropa, bolsas de basura, ambientadores&#8230;<\/p>\n<p class=\"p1\">Para CSI, el sector del cuidado del hogar es tan importante como el del cuidado personal. Los mayores productores de este sector utilizan equipos CSi en varias de sus f\u00e1bricas de todo el mundo. Todos los sistemas son famosos por su elevad\u00edsima fiabilidad y sus bajos costes de mantenimiento. Una vez CSi ha instalado un sistema en una planta, el cliente ya no quiere ning\u00fan otro sistema.<\/p>\n<p class=\"p1\">La variedad de productos en el sector del cuidado del hogar es enorme. Desde productos individuales muy peque\u00f1os hasta packs de productos embalados o envueltos, sin olvidar todo lo que hay en medio. Gracias a los profundos conocimientos y a la experiencia de CSi, siempre encontraremos la mejor soluci\u00f3n en cada situaci\u00f3n. Dado que CSi dispone de toda la gama de posibles alternativas de paletizado y transporte en su propia empresa, puede dise\u00f1arse y llevarse a cabo cualquier soluci\u00f3n imaginable. Las soluciones no solo requieren una disposici\u00f3n inteligente y un equipamiento adecuado: los controles de software tambi\u00e9n son cruciales para el \u00e9xito.<\/p>\n<p>[\/vc_column_text][vc_row_inner disable_element=\u00bbyes\u00bb el_class=\u00bbbordertopdonker\u00bb][vc_column_inner width=\u00bb1\/2&#8243;][vc_custom_heading text=\u00bbUSP\u00bb use_theme_fonts=\u00bbyes\u00bb el_class=\u00bbpuntend\u00bb][vc_custom_heading text=\u00bbMauris rhoncus orci in imperdiet placerat. Vestibulum euismod nisl suscipit ligula volutpat, a feugiat urna maximus. Cras massa nibh, tincidunt ut eros a, vulputate consequat odio.\u00bb font_container=\u00bbtag:h3|font_size:18|text_align:left|line_height:22px\u00bb google_fonts=\u00bbfont_family:Open%20Sans%3A300%2C300italic%2Cregular%2Citalic%2C600%2C600italic%2C700%2C700italic%2C800%2C800italic|font_style:400%20italic%3A400%3Aitalic\u00bb el_class=\u00bbpuntend\u00bb][vc_column_text el_class=\u00bbvinkjeshome\u00bb]<i class=\"icon-check\" style=\"\" aria-hidden=\"true\"><\/i> \u00bfDesea incrementar la producci\u00f3n de su f\u00e1brica?<br \/>\n<i class=\"icon-check\" style=\"\" aria-hidden=\"true\"><\/i> \u00bfDesea reducir sus costes?<br \/>\n<i class=\"icon-check\" style=\"\" aria-hidden=\"true\"><\/i> \u00bfDesea m\u00e1s eficiencia y una velocidad \u00f3ptima de la m\u00e1quina?[\/vc_column_text][\/vc_column_inner][vc_column_inner width=\u00bb1\/2&#8243;][vc_column_text]Lorem ipsum dolor sit amet, consectetur adipisicing elit, sed do eiusmod tempor incididunt ut labore et dolore magna aliqua. Ut enim ad minim veniam, quis nostrud exercitation ullamco laboris nisi ut aliquip ex ea commodo consequat. Duis aute irure dolor in reprehenderit in voluptate velit esse cillum dolore eu fugiat nulla pariatur. Excepteur sint occaecat cupidatat non proident, sunt in culpa qui officia deserunt mollit anim id est laborum. Sed ut perspiciatis unde omnis iste natus error sit voluptatem accusantium doloremque laudantium, totam rem aperiam, eaque ipsa quae ab illo inventore veritatis et quasi architecto beatae vitae dicta sunt explicabo. Nemo enim ipsam voluptatem quia voluptas sit aspernatur aut odit aut fugit, sed quia consequuntur magni dolores eos qui ratione voluptatem sequi nesciunt. Neque porro quisqua[\/vc_column_text][\/vc_column_inner][\/vc_row_inner][vc_row_inner disable_element=\u00bbyes\u00bb el_class=\u00bbbordertopdonker\u00bb][vc_column_inner width=\u00bb1\/2&#8243;][vc_single_image image=\u00bb3622&#8243; img_size=\u00bbfull\u00bb style=\u00bbvc_box_rounded\u00bb][\/vc_column_inner][vc_column_inner width=\u00bb1\/2&#8243;][vc_custom_heading text=\u00bbCaja\u00bb use_theme_fonts=\u00bbyes\u00bb el_class=\u00bbpuntend\u00bb][vc_column_text]Lorem ipsum dolor sit amet, consectetur adipisicing elit, sed do eiusmod tempor incididunt ut labore et dolore magna aliqua. Ut enim ad minim veniam, quis nostrud exercitation ullamco laboris nisi ut aliquip ex ea commodo consequat. Duis aute irure dolor in reprehenderit in voluptate velit esse cillum dolore eu fugiat nulla pariatur. Excepteur sint occaecat cupidatat non proident, sunt in culpa qui officia deserunt mollit anim id est laborum. Sed ut perspiciatis unde omnis iste natus error sit voluptatem accusantium doloremque laudantium, totam rem aperiam, eaque ipsa quae ab illo inventore veritat[\/vc_column_text][vc_btn title=\u00bbLlamada a la acci\u00f3n\u00bb style=\u00bbflat\u00bb color=\u00bbdanger\u00bb align=\u00bbleft\u00bb el_class=\u00bbleftbutton\u00bb link=\u00bburl:https%3A%2F%2Fwww.csiportal.com%2Fes%2Fcontacto%2F|\u00bb][\/vc_column_inner][\/vc_row_inner][\/vc_column][\/vc_row][vc_row full_width=\u00bbstretch_row\u00bb el_class=\u00bbfooterslogan\u00bb css=\u00bb.vc_custom_1521044612966{background-color: #919dab !important;}\u00bb][vc_column][vc_column_text]<\/p>\n<p style=\"text-align: center;\">\u00bfDesea m\u00e1s informaci\u00f3n? <strong>\u00a1Ll\u00e1menos!<\/strong><\/p>\n<p>[\/vc_column_text][\/vc_column][\/vc_row]<\/p>\n<\/div>","protected":false},"excerpt":{"rendered":"<p>[vc_row css=\u00bb.vc_custom_1521044141128{margin-top: 50px !important;}\u00bb][vc_column width=\u00bb1\/4&#8243; el_class=\u00bbsolsidebar\u00bb][vc_widget_sidebar sidebar_id=\u00bbsidebar-your-industry\u00bb][\/vc_column][vc_column width=\u00bb3\/4&#8243; el_class=\u00bbsoldetailtext yourindus\u00bb][vc_row_inner][vc_column_inner width=\u00bb4\/6&#8243;][vc_custom_heading text=\u00bbCuidado del hogar\u00bb use_theme_fonts=\u00bbyes\u00bb el_class=\u00bbpuntend\u00bb][vc_custom_heading text=\u00bbNuestro sistema es capaz de manejar una amplia gama de<span class=\"excerpt-hellip\"> [\u2026]<\/span><\/p>\n","protected":false},"author":1,"featured_media":0,"parent":3451,"menu_order":0,"comment_status":"closed","ping_status":"closed","template":"","meta":{"om_disable_all_campaigns":false,"footnotes":""},"class_list":["post-3588","page","type-page","status-publish","hentry"],"yoast_head":"<!-- This site is optimized with the Yoast SEO plugin v26.6 - https:\/\/yoast.com\/wordpress\/plugins\/seo\/ -->\n<title>Cuidado del hogar | Su sector | CSi palletising y packaging<\/title>\n<meta name=\"description\" content=\"Nuestro sistema es capaz de manejar toda una gama de tama\u00f1os, reduciendo el primer y segundo embalajes, satisfaciendo los requisitos de los aparadores de las tiendas.\" \/>\n<meta name=\"robots\" content=\"index, follow, max-snippet:-1, max-image-preview:large, max-video-preview:-1\" \/>\n<link rel=\"canonical\" href=\"https:\/\/www.csiportal.com\/es\/su-sector-old\/cuidado-del-hogar\/\" \/>\n<meta property=\"og:locale\" content=\"es_ES\" \/>\n<meta property=\"og:type\" content=\"article\" \/>\n<meta property=\"og:title\" content=\"Cuidado del hogar | Su sector | CSi palletising y packaging\" \/>\n<meta property=\"og:description\" content=\"Nuestro sistema es capaz de manejar toda una gama de tama\u00f1os, reduciendo el primer y segundo embalajes, satisfaciendo los requisitos de los aparadores de las tiendas.\" \/>\n<meta property=\"og:url\" content=\"https:\/\/www.csiportal.com\/es\/su-sector-old\/cuidado-del-hogar\/\" \/>\n<meta property=\"og:site_name\" content=\"CSi palletising\" \/>\n<meta property=\"article:modified_time\" content=\"2023-06-06T09:30:55+00:00\" \/>\n<meta name=\"twitter:card\" content=\"summary_large_image\" \/>\n<meta name=\"twitter:label1\" content=\"Tiempo de lectura\" \/>\n\t<meta name=\"twitter:data1\" content=\"3 minutos\" \/>\n<script type=\"application\/ld+json\" class=\"yoast-schema-graph\">{\"@context\":\"https:\/\/schema.org\",\"@graph\":[{\"@type\":\"WebPage\",\"@id\":\"https:\/\/www.csiportal.com\/es\/su-sector-old\/cuidado-del-hogar\/\",\"url\":\"https:\/\/www.csiportal.com\/es\/su-sector-old\/cuidado-del-hogar\/\",\"name\":\"Cuidado del hogar | Su sector | CSi palletising y packaging\",\"isPartOf\":{\"@id\":\"https:\/\/www.csiportal.com\/es\/#website\"},\"datePublished\":\"2021-07-13T06:58:08+00:00\",\"dateModified\":\"2023-06-06T09:30:55+00:00\",\"description\":\"Nuestro sistema es capaz de manejar toda una gama de tama\u00f1os, reduciendo el primer y segundo embalajes, satisfaciendo los requisitos de los aparadores de las tiendas.\",\"breadcrumb\":{\"@id\":\"https:\/\/www.csiportal.com\/es\/su-sector-old\/cuidado-del-hogar\/#breadcrumb\"},\"inLanguage\":\"es\",\"potentialAction\":[{\"@type\":\"ReadAction\",\"target\":[\"https:\/\/www.csiportal.com\/es\/su-sector-old\/cuidado-del-hogar\/\"]}]},{\"@type\":\"BreadcrumbList\",\"@id\":\"https:\/\/www.csiportal.com\/es\/su-sector-old\/cuidado-del-hogar\/#breadcrumb\",\"itemListElement\":[{\"@type\":\"ListItem\",\"position\":1,\"name\":\"Home\",\"item\":\"https:\/\/www.csiportal.com\/es\/\"},{\"@type\":\"ListItem\",\"position\":2,\"name\":\"Su sector old\",\"item\":\"https:\/\/www.csiportal.com\/es\/?page_id=3451\"},{\"@type\":\"ListItem\",\"position\":3,\"name\":\"Cuidado del hogar\"}]},{\"@type\":\"WebSite\",\"@id\":\"https:\/\/www.csiportal.com\/es\/#website\",\"url\":\"https:\/\/www.csiportal.com\/es\/\",\"name\":\"CSi palletising\",\"description\":\"\",\"potentialAction\":[{\"@type\":\"SearchAction\",\"target\":{\"@type\":\"EntryPoint\",\"urlTemplate\":\"https:\/\/www.csiportal.com\/es\/?s={search_term_string}\"},\"query-input\":{\"@type\":\"PropertyValueSpecification\",\"valueRequired\":true,\"valueName\":\"search_term_string\"}}],\"inLanguage\":\"es\"}]}<\/script>\n<!-- \/ Yoast SEO plugin. -->","yoast_head_json":{"title":"Cuidado del hogar | Su sector | CSi palletising y packaging","description":"Nuestro sistema es capaz de manejar toda una gama de tama\u00f1os, reduciendo el primer y segundo embalajes, satisfaciendo los requisitos de los aparadores de las tiendas.","robots":{"index":"index","follow":"follow","max-snippet":"max-snippet:-1","max-image-preview":"max-image-preview:large","max-video-preview":"max-video-preview:-1"},"canonical":"https:\/\/www.csiportal.com\/es\/su-sector-old\/cuidado-del-hogar\/","og_locale":"es_ES","og_type":"article","og_title":"Cuidado del hogar | Su sector | CSi palletising y packaging","og_description":"Nuestro sistema es capaz de manejar toda una gama de tama\u00f1os, reduciendo el primer y segundo embalajes, satisfaciendo los requisitos de los aparadores de las tiendas.","og_url":"https:\/\/www.csiportal.com\/es\/su-sector-old\/cuidado-del-hogar\/","og_site_name":"CSi palletising","article_modified_time":"2023-06-06T09:30:55+00:00","twitter_card":"summary_large_image","twitter_misc":{"Tiempo de lectura":"3 minutos"},"schema":{"@context":"https:\/\/schema.org","@graph":[{"@type":"WebPage","@id":"https:\/\/www.csiportal.com\/es\/su-sector-old\/cuidado-del-hogar\/","url":"https:\/\/www.csiportal.com\/es\/su-sector-old\/cuidado-del-hogar\/","name":"Cuidado del hogar | Su sector | CSi palletising y packaging","isPartOf":{"@id":"https:\/\/www.csiportal.com\/es\/#website"},"datePublished":"2021-07-13T06:58:08+00:00","dateModified":"2023-06-06T09:30:55+00:00","description":"Nuestro sistema es capaz de manejar toda una gama de tama\u00f1os, reduciendo el primer y segundo embalajes, satisfaciendo los requisitos de los aparadores de las tiendas.","breadcrumb":{"@id":"https:\/\/www.csiportal.com\/es\/su-sector-old\/cuidado-del-hogar\/#breadcrumb"},"inLanguage":"es","potentialAction":[{"@type":"ReadAction","target":["https:\/\/www.csiportal.com\/es\/su-sector-old\/cuidado-del-hogar\/"]}]},{"@type":"BreadcrumbList","@id":"https:\/\/www.csiportal.com\/es\/su-sector-old\/cuidado-del-hogar\/#breadcrumb","itemListElement":[{"@type":"ListItem","position":1,"name":"Home","item":"https:\/\/www.csiportal.com\/es\/"},{"@type":"ListItem","position":2,"name":"Su sector old","item":"https:\/\/www.csiportal.com\/es\/?page_id=3451"},{"@type":"ListItem","position":3,"name":"Cuidado del hogar"}]},{"@type":"WebSite","@id":"https:\/\/www.csiportal.com\/es\/#website","url":"https:\/\/www.csiportal.com\/es\/","name":"CSi palletising","description":"","potentialAction":[{"@type":"SearchAction","target":{"@type":"EntryPoint","urlTemplate":"https:\/\/www.csiportal.com\/es\/?s={search_term_string}"},"query-input":{"@type":"PropertyValueSpecification","valueRequired":true,"valueName":"search_term_string"}}],"inLanguage":"es"}]}},"_links":{"self":[{"href":"https:\/\/www.csiportal.com\/es\/wp-json\/wp\/v2\/pages\/3588","targetHints":{"allow":["GET"]}}],"collection":[{"href":"https:\/\/www.csiportal.com\/es\/wp-json\/wp\/v2\/pages"}],"about":[{"href":"https:\/\/www.csiportal.com\/es\/wp-json\/wp\/v2\/types\/page"}],"author":[{"embeddable":true,"href":"https:\/\/www.csiportal.com\/es\/wp-json\/wp\/v2\/users\/1"}],"replies":[{"embeddable":true,"href":"https:\/\/www.csiportal.com\/es\/wp-json\/wp\/v2\/comments?post=3588"}],"version-history":[{"count":5,"href":"https:\/\/www.csiportal.com\/es\/wp-json\/wp\/v2\/pages\/3588\/revisions"}],"predecessor-version":[{"id":4595,"href":"https:\/\/www.csiportal.com\/es\/wp-json\/wp\/v2\/pages\/3588\/revisions\/4595"}],"up":[{"embeddable":true,"href":"https:\/\/www.csiportal.com\/es\/wp-json\/wp\/v2\/pages\/3451"}],"wp:attachment":[{"href":"https:\/\/www.csiportal.com\/es\/wp-json\/wp\/v2\/media?parent=3588"}],"curies":[{"name":"wp","href":"https:\/\/api.w.org\/{rel}","templated":true}]}}