{"id":5018,"date":"2024-01-12T13:26:37","date_gmt":"2024-01-12T13:26:37","guid":{"rendered":"https:\/\/www.csiportal.com\/?page_id=5018"},"modified":"2024-01-18T10:00:42","modified_gmt":"2024-01-18T10:00:42","slug":"comida-humeda-para-mascotas","status":"publish","type":"page","link":"https:\/\/www.csiportal.com\/es\/su-sector\/comida-para-mascotas\/comida-humeda-para-mascotas\/","title":{"rendered":"Comida h\u00fameda para mascotas"},"content":{"rendered":"<div class=\"wpb-content-wrapper\"><p>[vc_row css=\u00bb.vc_custom_1521044141128{margin-top: 50px !important;}\u00bb][vc_column width=\u00bb1\/4&#8243; el_class=\u00bbsolsidebar\u00bb][vc_widget_sidebar sidebar_id=\u00bbsidebar-pet-food\u00bb][\/vc_column][vc_column width=\u00bb3\/4&#8243; el_class=\u00bbsoldetailtext yourindus\u00bb][vc_row_inner][vc_column_inner width=\u00bb4\/6&#8243;][vc_custom_heading text=\u00bbComida h\u00fameda para mascotas\u00bb use_theme_fonts=\u00bbyes\u00bb el_class=\u00bbpuntend\u00bb][\/vc_column_inner][vc_column_inner width=\u00bb2\/6&#8243;][vc_btn title=\u00bbCont\u00e1ctenos\u00bb style=\u00bbflat\u00bb color=\u00bbdanger\u00bb align=\u00bbright\u00bb link=\u00bburl:https%3A%2F%2Fwww.csiportal.com%2Fes%2Fcontactenos-mexico%2F\u00bb el_class=\u00bbbtnleftmob\u00bb][\/vc_column_inner][\/vc_row_inner][vc_single_image image=\u00bb5023&#8243; img_size=\u00bbfull\u00bb style=\u00bbvc_box_rounded\u00bb el_class=\u00bbmobimgrmb\u00bb][vc_custom_heading text=\u00bbLa paletizaci\u00f3n tiene una enorme importancia en el sector de la comida tanto h\u00fameda como seca para mascotas. Si bien la comida h\u00fameda para mascotas tiene sus propias caracter\u00edsticas y retos que difieren con respecto a los de la comida seca, realizar la paletizaci\u00f3n de un modo eficaz sigue siendo esencial para los procesos de producci\u00f3n y distribuci\u00f3n\u00bb font_container=\u00bbtag:div|font_size:18px|text_align:left|color:%23cd2e32&#8243; google_fonts=\u00bbfont_family:Open%20Sans%3A300%2C300italic%2Cregular%2Citalic%2C600%2C600italic%2C700%2C700italic%2C800%2C800italic|font_style:400%20italic%3A400%3Aitalic\u00bb el_class=\u00bbpuntend\u00bb][vc_column_text css=\u00bb.vc_custom_1703157885044{padding-bottom: 50px !important;}\u00bb]<br \/>\nLa comida h\u00fameda para mascotas incluye, entre otros, pat\u00e9, mousse y trozos peque\u00f1os de carne en salsa. La comida h\u00fameda para mascotas se envasa en latas, bolsas o bandejas de aluminio que son m\u00e1s susceptibles de sufrir da\u00f1os si se realiza un mal apilamiento o manipulaci\u00f3n. Un correcto paletizado garantiza que el envase permanezca intacto, evitando que se produzcan fugas, abolladuras o pinchazos que puedan poner en peligro la calidad y seguridad del producto. Y aqu\u00ed es donde entra en juego CSi, que posee una amplia experiencia en paletizado que se remota a los a\u00f1os 60.<\/p>\n<p>Una paletizaci\u00f3n eficaz, que incluye el uso de sistemas automatizados, reduce la necesidad de mano de obra en los procesos de manipulaci\u00f3n y distribuci\u00f3n. Esto a la postre genera ahorros de costes y propicia unas operaciones m\u00e1s optimizadas. Tambi\u00e9n puede contribuir a las iniciativas de sostenibilidad gracias a la optimizaci\u00f3n del uso de materiales para el envasado y la reducci\u00f3n de los residuos, lo cual ayuda a reducir el impacto del sector en el medio ambiente.<\/p>\n<p>CSi ha suministrado una gran variedad de sistemas de carga m\u00faltiple, as\u00ed como sistemas de paletizado robotizados eficientes al sector de los bienes de consumo en todo el mundo y es consciente de que el paletizado desempe\u00f1a un papel fundamental en la industria de la comida h\u00fameda para mascotas ya que garantiza una manipulaci\u00f3n, un almacenamiento y una distribuci\u00f3n eficiente de los productos. El empleo de pr\u00e1cticas de paletizado efectivas hace posible que la industria mantenga la calidad de los productos, reduzca los costes y mejore la eficiencia operativa general, al mismo tiempo que se satisfacen las demandas seguridad y buena presentaci\u00f3n de los minoristas y consumidores de comida h\u00fameda para mascotas.<\/p>\n<p>[\/vc_column_text][vc_row_inner disable_element=\u00bbyes\u00bb el_class=\u00bbnewcasestoriestop\u00bb][vc_column_inner][vc_custom_heading text=\u00bbCaso pr\u00e1ctico\u00bb use_theme_fonts=\u00bbyes\u00bb el_class=\u00bbpuntend\u00bb][\/vc_column_inner][\/vc_row_inner][vc_row_inner disable_element=\u00bbyes\u00bb el_class=\u00bbnewcasestoriesitem\u00bb][vc_column_inner width=\u00bb1\/3&#8243;][vc_single_image image=\u00bb4970&#8243; img_size=\u00bblarge\u00bb el_class=\u00bbmobimgrmb\u00bb][\/vc_column_inner][vc_column_inner width=\u00bb2\/3&#8243;][vc_custom_heading text=\u00bbHier staat een titel\u00bb font_container=\u00bbtag:h3|font_size:20|text_align:left|line_height:26px\u00bb google_fonts=\u00bbfont_family:Open%20Sans%3A300%2C300italic%2Cregular%2Citalic%2C600%2C600italic%2C700%2C700italic%2C800%2C800italic|font_style:600%20bold%20regular%3A600%3Anormal\u00bb el_class=\u00bbpuntend\u00bb][vc_column_text]<em><strong>Lorem ipsum dolor sit amet, consectetur adipisicing. Lorem ipsum dolor sit amet, consectetur adipisicing.<\/strong><\/em><\/p>\n<p>Lorem ipsum dolor sit amet, consectetur adipisicing elit, sed do eiusmod tempor incididunt ut labore et. Lorem ipsum dolor sit amet, consectetur.[\/vc_column_text][vc_column_text el_class=\u00bbformdiv\u00bb]<p class=\"wpcf7-contact-form-not-found\"><strong>Error:<\/strong> Formulario de contacto no encontrado.<\/p>[\/vc_column_text][\/vc_column_inner][\/vc_row_inner][vc_row_inner disable_element=\u00bbyes\u00bb el_class=\u00bbnewcasestoriesitem\u00bb][vc_column_inner width=\u00bb2\/3&#8243;][vc_custom_heading text=\u00bbHier staat een titel\u00bb font_container=\u00bbtag:h3|font_size:20|text_align:left|line_height:26px\u00bb google_fonts=\u00bbfont_family:Open%20Sans%3A300%2C300italic%2Cregular%2Citalic%2C600%2C600italic%2C700%2C700italic%2C800%2C800italic|font_style:600%20bold%20regular%3A600%3Anormal\u00bb el_class=\u00bbpuntend\u00bb][vc_column_text]<em><strong>Lorem ipsum dolor sit amet, consectetur adipisicing. Lorem ipsum dolor sit amet, consectetur adipisicing.<\/strong><\/em><\/p>\n<p>Lorem ipsum dolor sit amet, consectetur adipisicing elit, sed do eiusmod tempor incididunt ut labore et. Lorem ipsum dolor sit amet, consectetur.[\/vc_column_text][vc_column_text el_class=\u00bbformdiv\u00bb]<p class=\"wpcf7-contact-form-not-found\"><strong>Error:<\/strong> Formulario de contacto no encontrado.<\/p>[\/vc_column_text][\/vc_column_inner][vc_column_inner width=\u00bb1\/3&#8243;][vc_single_image image=\u00bb4970&#8243; img_size=\u00bblarge\u00bb][\/vc_column_inner][\/vc_row_inner][\/vc_column][\/vc_row][vc_row full_width=\u00bbstretch_row\u00bb el_class=\u00bbfooterslogan\u00bb css=\u00bb.vc_custom_1521044612966{background-color: #919dab !important;}\u00bb][vc_column][vc_column_text]<\/p>\n<p style=\"text-align: center;\">\u00bfDesea m\u00e1s informaci\u00f3n? <strong>\u00a1Ll\u00e1menos!<\/strong><\/p>\n<p>[\/vc_column_text][\/vc_column][\/vc_row]<\/p>\n<\/div>","protected":false},"excerpt":{"rendered":"<p>[vc_row css=\u00bb.vc_custom_1521044141128{margin-top: 50px !important;}\u00bb][vc_column width=\u00bb1\/4&#8243; el_class=\u00bbsolsidebar\u00bb][vc_widget_sidebar sidebar_id=\u00bbsidebar-pet-food\u00bb][\/vc_column][vc_column width=\u00bb3\/4&#8243; el_class=\u00bbsoldetailtext yourindus\u00bb][vc_row_inner][vc_column_inner width=\u00bb4\/6&#8243;][vc_custom_heading text=\u00bbComida h\u00fameda para mascotas\u00bb use_theme_fonts=\u00bbyes\u00bb el_class=\u00bbpuntend\u00bb][\/vc_column_inner][vc_column_inner width=\u00bb2\/6&#8243;][vc_btn title=\u00bbCont\u00e1ctenos\u00bb style=\u00bbflat\u00bb color=\u00bbdanger\u00bb align=\u00bbright\u00bb link=\u00bburl:https%3A%2F%2Fwww.csiportal.com%2Fes%2Fcontactenos-mexico%2F\u00bb el_class=\u00bbbtnleftmob\u00bb][\/vc_column_inner][\/vc_row_inner][vc_single_image image=\u00bb5023&#8243; img_size=\u00bbfull\u00bb<span class=\"excerpt-hellip\"> [\u2026]<\/span><\/p>\n","protected":false},"author":9,"featured_media":0,"parent":4928,"menu_order":0,"comment_status":"closed","ping_status":"closed","template":"","meta":{"om_disable_all_campaigns":false,"footnotes":""},"class_list":["post-5018","page","type-page","status-publish","hentry"],"yoast_head":"<!-- This site is optimized with the Yoast SEO plugin v26.6 - https:\/\/yoast.com\/wordpress\/plugins\/seo\/ -->\n<title>Comida h\u00fameda para mascotas | Su sector | CSi palletising<\/title>\n<meta name=\"description\" content=\"La paletizaci\u00f3n tiene una enorme importancia en el sector de la comida tanto h\u00fameda como seca para mascotas. Si bien la comida h\u00fameda para mascotas tiene sus propias caracter\u00edsticas y retos que difieren con respecto a los de la comida seca, realizar la paletizaci\u00f3n de un modo eficaz sigue siendo esencial para los procesos de producci\u00f3n y distribuci\u00f3n\" \/>\n<meta name=\"robots\" content=\"index, follow, max-snippet:-1, max-image-preview:large, max-video-preview:-1\" \/>\n<link rel=\"canonical\" href=\"https:\/\/www.csiportal.com\/es\/su-sector\/comida-para-mascotas\/comida-humeda-para-mascotas\/\" \/>\n<meta property=\"og:locale\" content=\"es_ES\" \/>\n<meta property=\"og:type\" content=\"article\" \/>\n<meta property=\"og:title\" content=\"Comida h\u00fameda para mascotas | Su sector | CSi palletising\" \/>\n<meta property=\"og:description\" content=\"La paletizaci\u00f3n tiene una enorme importancia en el sector de la comida tanto h\u00fameda como seca para mascotas. Si bien la comida h\u00fameda para mascotas tiene sus propias caracter\u00edsticas y retos que difieren con respecto a los de la comida seca, realizar la paletizaci\u00f3n de un modo eficaz sigue siendo esencial para los procesos de producci\u00f3n y distribuci\u00f3n\" \/>\n<meta property=\"og:url\" content=\"https:\/\/www.csiportal.com\/es\/su-sector\/comida-para-mascotas\/comida-humeda-para-mascotas\/\" \/>\n<meta property=\"og:site_name\" content=\"CSi palletising\" \/>\n<meta property=\"article:modified_time\" content=\"2024-01-18T10:00:42+00:00\" \/>\n<meta name=\"twitter:card\" content=\"summary_large_image\" \/>\n<meta name=\"twitter:label1\" content=\"Tiempo de lectura\" \/>\n\t<meta name=\"twitter:data1\" content=\"3 minutos\" \/>\n<script type=\"application\/ld+json\" class=\"yoast-schema-graph\">{\"@context\":\"https:\/\/schema.org\",\"@graph\":[{\"@type\":\"WebPage\",\"@id\":\"https:\/\/www.csiportal.com\/es\/su-sector\/comida-para-mascotas\/comida-humeda-para-mascotas\/\",\"url\":\"https:\/\/www.csiportal.com\/es\/su-sector\/comida-para-mascotas\/comida-humeda-para-mascotas\/\",\"name\":\"Comida h\u00fameda para mascotas | Su sector | CSi palletising\",\"isPartOf\":{\"@id\":\"https:\/\/www.csiportal.com\/es\/#website\"},\"datePublished\":\"2024-01-12T13:26:37+00:00\",\"dateModified\":\"2024-01-18T10:00:42+00:00\",\"description\":\"La paletizaci\u00f3n tiene una enorme importancia en el sector de la comida tanto h\u00fameda como seca para mascotas. Si bien la comida h\u00fameda para mascotas tiene sus propias caracter\u00edsticas y retos que difieren con respecto a los de la comida seca, realizar la paletizaci\u00f3n de un modo eficaz sigue siendo esencial para los procesos de producci\u00f3n y distribuci\u00f3n\",\"breadcrumb\":{\"@id\":\"https:\/\/www.csiportal.com\/es\/su-sector\/comida-para-mascotas\/comida-humeda-para-mascotas\/#breadcrumb\"},\"inLanguage\":\"es\",\"potentialAction\":[{\"@type\":\"ReadAction\",\"target\":[\"https:\/\/www.csiportal.com\/es\/su-sector\/comida-para-mascotas\/comida-humeda-para-mascotas\/\"]}]},{\"@type\":\"BreadcrumbList\",\"@id\":\"https:\/\/www.csiportal.com\/es\/su-sector\/comida-para-mascotas\/comida-humeda-para-mascotas\/#breadcrumb\",\"itemListElement\":[{\"@type\":\"ListItem\",\"position\":1,\"name\":\"Home\",\"item\":\"https:\/\/www.csiportal.com\/es\/\"},{\"@type\":\"ListItem\",\"position\":2,\"name\":\"Su sector\",\"item\":\"https:\/\/www.csiportal.com\/es\/su-sector\/\"},{\"@type\":\"ListItem\",\"position\":3,\"name\":\"Comida para mascotas\",\"item\":\"https:\/\/www.csiportal.com\/es\/su-sector\/comida-para-mascotas\/\"},{\"@type\":\"ListItem\",\"position\":4,\"name\":\"Comida h\u00fameda para mascotas\"}]},{\"@type\":\"WebSite\",\"@id\":\"https:\/\/www.csiportal.com\/es\/#website\",\"url\":\"https:\/\/www.csiportal.com\/es\/\",\"name\":\"CSi palletising\",\"description\":\"\",\"potentialAction\":[{\"@type\":\"SearchAction\",\"target\":{\"@type\":\"EntryPoint\",\"urlTemplate\":\"https:\/\/www.csiportal.com\/es\/?s={search_term_string}\"},\"query-input\":{\"@type\":\"PropertyValueSpecification\",\"valueRequired\":true,\"valueName\":\"search_term_string\"}}],\"inLanguage\":\"es\"}]}<\/script>\n<!-- \/ Yoast SEO plugin. -->","yoast_head_json":{"title":"Comida h\u00fameda para mascotas | Su sector | CSi palletising","description":"La paletizaci\u00f3n tiene una enorme importancia en el sector de la comida tanto h\u00fameda como seca para mascotas. Si bien la comida h\u00fameda para mascotas tiene sus propias caracter\u00edsticas y retos que difieren con respecto a los de la comida seca, realizar la paletizaci\u00f3n de un modo eficaz sigue siendo esencial para los procesos de producci\u00f3n y distribuci\u00f3n","robots":{"index":"index","follow":"follow","max-snippet":"max-snippet:-1","max-image-preview":"max-image-preview:large","max-video-preview":"max-video-preview:-1"},"canonical":"https:\/\/www.csiportal.com\/es\/su-sector\/comida-para-mascotas\/comida-humeda-para-mascotas\/","og_locale":"es_ES","og_type":"article","og_title":"Comida h\u00fameda para mascotas | Su sector | CSi palletising","og_description":"La paletizaci\u00f3n tiene una enorme importancia en el sector de la comida tanto h\u00fameda como seca para mascotas. Si bien la comida h\u00fameda para mascotas tiene sus propias caracter\u00edsticas y retos que difieren con respecto a los de la comida seca, realizar la paletizaci\u00f3n de un modo eficaz sigue siendo esencial para los procesos de producci\u00f3n y distribuci\u00f3n","og_url":"https:\/\/www.csiportal.com\/es\/su-sector\/comida-para-mascotas\/comida-humeda-para-mascotas\/","og_site_name":"CSi palletising","article_modified_time":"2024-01-18T10:00:42+00:00","twitter_card":"summary_large_image","twitter_misc":{"Tiempo de lectura":"3 minutos"},"schema":{"@context":"https:\/\/schema.org","@graph":[{"@type":"WebPage","@id":"https:\/\/www.csiportal.com\/es\/su-sector\/comida-para-mascotas\/comida-humeda-para-mascotas\/","url":"https:\/\/www.csiportal.com\/es\/su-sector\/comida-para-mascotas\/comida-humeda-para-mascotas\/","name":"Comida h\u00fameda para mascotas | Su sector | CSi palletising","isPartOf":{"@id":"https:\/\/www.csiportal.com\/es\/#website"},"datePublished":"2024-01-12T13:26:37+00:00","dateModified":"2024-01-18T10:00:42+00:00","description":"La paletizaci\u00f3n tiene una enorme importancia en el sector de la comida tanto h\u00fameda como seca para mascotas. Si bien la comida h\u00fameda para mascotas tiene sus propias caracter\u00edsticas y retos que difieren con respecto a los de la comida seca, realizar la paletizaci\u00f3n de un modo eficaz sigue siendo esencial para los procesos de producci\u00f3n y distribuci\u00f3n","breadcrumb":{"@id":"https:\/\/www.csiportal.com\/es\/su-sector\/comida-para-mascotas\/comida-humeda-para-mascotas\/#breadcrumb"},"inLanguage":"es","potentialAction":[{"@type":"ReadAction","target":["https:\/\/www.csiportal.com\/es\/su-sector\/comida-para-mascotas\/comida-humeda-para-mascotas\/"]}]},{"@type":"BreadcrumbList","@id":"https:\/\/www.csiportal.com\/es\/su-sector\/comida-para-mascotas\/comida-humeda-para-mascotas\/#breadcrumb","itemListElement":[{"@type":"ListItem","position":1,"name":"Home","item":"https:\/\/www.csiportal.com\/es\/"},{"@type":"ListItem","position":2,"name":"Su sector","item":"https:\/\/www.csiportal.com\/es\/su-sector\/"},{"@type":"ListItem","position":3,"name":"Comida para mascotas","item":"https:\/\/www.csiportal.com\/es\/su-sector\/comida-para-mascotas\/"},{"@type":"ListItem","position":4,"name":"Comida h\u00fameda para mascotas"}]},{"@type":"WebSite","@id":"https:\/\/www.csiportal.com\/es\/#website","url":"https:\/\/www.csiportal.com\/es\/","name":"CSi palletising","description":"","potentialAction":[{"@type":"SearchAction","target":{"@type":"EntryPoint","urlTemplate":"https:\/\/www.csiportal.com\/es\/?s={search_term_string}"},"query-input":{"@type":"PropertyValueSpecification","valueRequired":true,"valueName":"search_term_string"}}],"inLanguage":"es"}]}},"_links":{"self":[{"href":"https:\/\/www.csiportal.com\/es\/wp-json\/wp\/v2\/pages\/5018","targetHints":{"allow":["GET"]}}],"collection":[{"href":"https:\/\/www.csiportal.com\/es\/wp-json\/wp\/v2\/pages"}],"about":[{"href":"https:\/\/www.csiportal.com\/es\/wp-json\/wp\/v2\/types\/page"}],"author":[{"embeddable":true,"href":"https:\/\/www.csiportal.com\/es\/wp-json\/wp\/v2\/users\/9"}],"replies":[{"embeddable":true,"href":"https:\/\/www.csiportal.com\/es\/wp-json\/wp\/v2\/comments?post=5018"}],"version-history":[{"count":10,"href":"https:\/\/www.csiportal.com\/es\/wp-json\/wp\/v2\/pages\/5018\/revisions"}],"predecessor-version":[{"id":5276,"href":"https:\/\/www.csiportal.com\/es\/wp-json\/wp\/v2\/pages\/5018\/revisions\/5276"}],"up":[{"embeddable":true,"href":"https:\/\/www.csiportal.com\/es\/wp-json\/wp\/v2\/pages\/4928"}],"wp:attachment":[{"href":"https:\/\/www.csiportal.com\/es\/wp-json\/wp\/v2\/media?parent=5018"}],"curies":[{"name":"wp","href":"https:\/\/api.w.org\/{rel}","templated":true}]}}