{"id":5535,"date":"2024-04-25T13:21:20","date_gmt":"2024-04-25T13:21:20","guid":{"rendered":"https:\/\/www.csiportal.com\/?page_id=5535"},"modified":"2024-04-25T13:59:12","modified_gmt":"2024-04-25T13:59:12","slug":"sostenibilidad-y-csi","status":"publish","type":"page","link":"https:\/\/www.csiportal.com\/es\/soluciones\/sostenibilidad-y-csi\/","title":{"rendered":"Sostenibilidad y CSi"},"content":{"rendered":"<div class=\"wpb-content-wrapper\"><p>[vc_row css=\u00bb.vc_custom_1521044141128{margin-top: 50px !important;}\u00bb][vc_column width=\u00bb1\/4&#8243; el_class=\u00bbsolsidebar\u00bb][vc_widget_sidebar sidebar_id=\u00bbsidebar-sustainability\u00bb][\/vc_column][vc_column width=\u00bb3\/4&#8243; el_class=\u00bbsoldetailtext\u00bb][vc_row_inner el_class=\u00bbbartoptitlefullbtndown\u00bb][vc_column_inner width=\u00bb4\/6&#8243;][vc_custom_heading text=\u00bbSostenibilidad y CSi\u00bb use_theme_fonts=\u00bbyes\u00bb el_class=\u00bbpuntend groenpunt\u00bb][vc_custom_heading text=\u00bbAdoptar la sostenibilidad para propiciar un futuro m\u00e1s verde\u00bb font_container=\u00bbtag:h3|font_size:18|text_align:left|line_height:22px\u00bb google_fonts=\u00bbfont_family:Open%20Sans%3A300%2C300italic%2Cregular%2Citalic%2C600%2C600italic%2C700%2C700italic%2C800%2C800italic|font_style:400%20italic%3A400%3Aitalic\u00bb el_class=\u00bbgroensubtitle\u00bb][\/vc_column_inner][vc_column_inner width=\u00bb2\/6&#8243;][vc_btn title=\u00bbContacto\u00bb style=\u00bbflat\u00bb color=\u00bbsuccess\u00bb align=\u00bbright\u00bb link=\u00bburl:https%3A%2F%2Fwww.csiportal.com%2Fes%2Fcontactenos%2F\u00bb][\/vc_column_inner][\/vc_row_inner][vc_row_inner equal_height=\u00bbyes\u00bb gap=\u00bb15&#8243; el_class=\u00bbnomargindiv soldetail2col\u00bb][vc_column_inner el_class=\u00bbimgcol imgfullwmob\u00bb][vc_single_image image=\u00bb5548&#8243; img_size=\u00bbfull\u00bb style=\u00bbvc_box_rounded\u00bb][\/vc_column_inner][\/vc_row_inner][vc_custom_heading text=\u00bbNuestro planeta\u00bb use_theme_fonts=\u00bbyes\u00bb el_class=\u00bbpuntend groenpunt\u00bb][vc_custom_heading text=\u00bbCSi Management aplica una pol\u00edtica activa de sostenibilidad apoyando los Objetivos de Desarrollo Sostenible de las Naciones Unidas. La misi\u00f3n de CSi es ayudar a nuestros clientes a destacar en el desarrollo y la optimizaci\u00f3n de la producci\u00f3n industrializada de alimentos y bienes de consumo. Los sistemas completos de paletizaci\u00f3n automatizada de CSi pueden ayudar a los clientes a mejorar su sostenibilidad ya que reducen el consumo de energ\u00eda, minimizan el desperdicio de productos y usan los materiales de embalaje de manera m\u00e1s eficiente a trav\u00e9s del apilamiento inteligente. Al reducir la necesidad de intervenci\u00f3n humana, estos sistemas tambi\u00e9n pueden mejorar la seguridad y disminuir el riesgo de lesiones en el lugar de trabajo.\u00bb font_container=\u00bbtag:div|font_size:18px|text_align:left|color:%2334974b\u00bb google_fonts=\u00bbfont_family:Open%20Sans%3A300%2C300italic%2Cregular%2Citalic%2C600%2C600italic%2C700%2C700italic%2C800%2C800italic|font_style:400%20italic%3A400%3Aitalic\u00bb][vc_column_text]Creemos que la transparencia y la rendici\u00f3n de cuentas son esenciales para alcanzar los objetivos del Acuerdo de Par\u00eds, y mantenemos comunicaciones peri\u00f3dicas con nuestros grupos de inter\u00e9s para profundizar en nuestro impacto medioambiental. Agradecemos las opiniones y aportaciones de nuestros empleados, clientes y las comunidades en las que operamos. En general, nos comprometemos a tener un impacto positivo en la sociedad y el medio ambiente a trav\u00e9s de pr\u00e1cticas \u00e9ticas y sostenibles.<\/p>\n<p>Buscamos continuamente soluciones para minimizar nuestro impacto medioambiental, nuestras emisiones de GEI, la eliminaci\u00f3n de residuos y el consumo de agua de nuestras propias instalaciones de producci\u00f3n, nuestras oficinas y nuestros viajes (es decir, alquiler de autom\u00f3viles, viajes internacionales, trabajo remoto o desde casa).[\/vc_column_text][vc_custom_heading text=\u00bbObjetivos de Desarrollo Sostenible de las Naciones Unidas\u00bb font_container=\u00bbtag:div|font_size:16px|text_align:left|color:%2334974b\u00bb google_fonts=\u00bbfont_family:Open%20Sans%3A300%2C300italic%2Cregular%2Citalic%2C600%2C600italic%2C700%2C700italic%2C800%2C800italic|font_style:600%20bold%20regular%3A600%3Anormal\u00bb el_class=\u00bbpuntend\u00bb css=\u00bb.vc_custom_1713268537862{margin-bottom: 15px !important;}\u00bb][vc_single_image image=\u00bb6948&#8243; img_size=\u00bbfull\u00bb onclick=\u00bbcustom_link\u00bb el_class=\u00bbsusplaatjes\u00bb link=\u00bbhttps:\/\/www.csiportal.com\/es\/soluciones\/objetivos-de-sostenibilidad\/\u00bb][vc_row_inner el_class=\u00bbbordertoprow ipadportfullrow\u00bb][vc_column_inner el_class=\u00bbplaatjesnaastelkaar\u00bb width=\u00bb1\/2&#8243;][vc_custom_heading text=\u00bbNuestros productos\u00bb use_theme_fonts=\u00bbyes\u00bb el_class=\u00bbpuntend groenpunt\u00bb][vc_custom_heading text=\u00bbAl reducir la necesidad de trabajo f\u00edsico y minimizar el riesgo de error humano, los sistemas de CSi pueden mejorar la seguridad y la calidad de la producci\u00f3n de alimentos, a la vez que aumentan la eficiencia y reducen los costes. Conseguimos que la producci\u00f3n de alimentos sea m\u00e1s fiable y rentable, y que pueda hacerse en todo el mundo.\u00bb font_container=\u00bbtag:div|font_size:18px|text_align:left|color:%2334974b\u00bb google_fonts=\u00bbfont_family:Open%20Sans%3A300%2C300italic%2Cregular%2Citalic%2C600%2C600italic%2C700%2C700italic%2C800%2C800italic|font_style:400%20italic%3A400%3Aitalic\u00bb][vc_column_text]El objetivo de CSi es lograr la productividad econ\u00f3mica a trav\u00e9s de la diversificaci\u00f3n, la actualizaci\u00f3n tecnol\u00f3gica y la innovaci\u00f3n, al mismo tiempo que se priorizan los entornos de trabajo seguros para todos. Esto se logra reemplazando el trabajo f\u00edsico pesado por la automatizaci\u00f3n, lo que no solo aumenta la productividad, sino que tambi\u00e9n garantiza el bienestar y la seguridad de los trabajadores.[\/vc_column_text][vc_custom_heading text=\u00bbObjetivos de Desarrollo Sostenible de las Naciones Unidas\u00bb font_container=\u00bbtag:div|font_size:16px|text_align:left|color:%2334974b\u00bb google_fonts=\u00bbfont_family:Open%20Sans%3A300%2C300italic%2Cregular%2Citalic%2C600%2C600italic%2C700%2C700italic%2C800%2C800italic|font_style:600%20bold%20regular%3A600%3Anormal\u00bb el_class=\u00bbpuntend\u00bb css=\u00bb.vc_custom_1713268648050{margin-bottom: 15px !important;}\u00bb][vc_single_image image=\u00bb6942&#8243; img_size=\u00bbfull\u00bb onclick=\u00bbcustom_link\u00bb el_class=\u00bbsusplaatjes\u00bb link=\u00bbhttps:\/\/www.csiportal.com\/es\/soluciones\/objetivos-de-sostenibilidad\/\u00bb][vc_single_image image=\u00bb6945&#8243; img_size=\u00bbfull\u00bb onclick=\u00bbcustom_link\u00bb el_class=\u00bbsusplaatjes\u00bb link=\u00bbhttps:\/\/www.csiportal.com\/es\/soluciones\/objetivos-de-sostenibilidad\/\u00bb][\/vc_column_inner][vc_column_inner el_class=\u00bbbtnsus images50prc\u00bb width=\u00bb1\/2&#8243;][vc_single_image image=\u00bb5560&#8243; img_size=\u00bbfull\u00bb el_class=\u00bbroundimg marginb15img\u00bb][vc_single_image image=\u00bb5562&#8243; img_size=\u00bbfull\u00bb el_class=\u00bbroundimg\u00bb][\/vc_column_inner][\/vc_row_inner][vc_row_inner el_class=\u00bbbordertoprow\u00bb][vc_column_inner el_class=\u00bbplaatjesnaastelkaar\u00bb][vc_custom_heading text=\u00bbNuestra empresa\u00bb use_theme_fonts=\u00bbyes\u00bb el_class=\u00bbpuntend groenpunt\u00bb][vc_custom_heading text=\u00bbLa responsabilidad social es un valor fundamental de nuestra empresa, y estamos comprometidos a tener un impacto positivo en la sociedad y el medio ambiente durante nuestras operaciones comerciales. Creemos que el buen gobierno se logra mediante la defensa de pr\u00e1cticas \u00e9ticas y sostenibles. De este modo podemos crear valor a largo plazo para todas nuestras partes interesadas y contribuir a un futuro mejor para las generaciones venideras.\u00bb font_container=\u00bbtag:div|font_size:18px|text_align:left|color:%2334974b\u00bb google_fonts=\u00bbfont_family:Open%20Sans%3A300%2C300italic%2Cregular%2Citalic%2C600%2C600italic%2C700%2C700italic%2C800%2C800italic|font_style:400%20italic%3A400%3Aitalic\u00bb][vc_column_text]CSi estimula iniciativas que apoyan la educaci\u00f3n y el desarrollo de las personas, especialmente si tienen alg\u00fan tipo de desventaja. Creamos entornos de trabajo saludables, seguros y positivos en Rumania, M\u00e9xico y Pa\u00edses Bajos con salarios conformes al mercado que superan los salarios dignos. La formaci\u00f3n y el desarrollo de nuestros empleados son prioritarios, en todas las partes del mundo.<\/p>\n<p>Adem\u00e1s, CSi valora la seguridad, la inclusi\u00f3n y los derechos humanos. Esto se refleja en nuestro C\u00f3digo de Conducta, que prioriza estos valores no solo para nuestros propios empleados sino tambi\u00e9n para los de nuestros clientes. CSi busca convertirse en una organizaci\u00f3n t\u00e9cnica en la que una parte sustancial de los puestos son desempe\u00f1ados por mujeres y personas pertenecientes a grupos minoritarios.<\/p>\n<p>La responsabilidad en materia de comportamiento \u00e9tico y profesional es un esfuerzo compartido entre la gerencia de CSi, nuestros empleados, nuestros proveedores y nuestros clientes. Las pautas de integridad para este comportamiento \u00e9tico y profesional est\u00e1n estipuladas en nuestro C\u00f3digo de Conducta, nuestra Carta de Proveedores, nuestra Carta de Compras interna y nuestro reglamento sobre denuncias internas.[\/vc_column_text][vc_btn title=\u00bbLeer m\u00e1s sobre nosotros\u00bb style=\u00bbflat\u00bb color=\u00bbsuccess\u00bb align=\u00bbleft\u00bb link=\u00bburl:https%3A%2F%2Fwww.csiportal.com%2Fabout-us%2F%3F_gl%3D1*jfhjob*_up*MQ..*_ga*Njk0NDkwNzU3LjE3MTIwNjMwMTc.*_ga_TD5S1J0JSJ*MTcxMjA2MzAxNS4xLjAuMTcxMjA2MzAxNS4wLjAuMA..*_ga_RQE7K8S899*MTcxMjA2MzAxNS4xLjAuMTcxMjA2MzAxNS4wLjAuMA..\u00bb][vc_custom_heading text=\u00bbObjetivos de Desarrollo Sostenible de las Naciones Unidas\u00bb font_container=\u00bbtag:div|font_size:16px|text_align:left|color:%2334974b\u00bb google_fonts=\u00bbfont_family:Open%20Sans%3A300%2C300italic%2Cregular%2Citalic%2C600%2C600italic%2C700%2C700italic%2C800%2C800italic|font_style:600%20bold%20regular%3A600%3Anormal\u00bb el_class=\u00bbpuntend\u00bb css=\u00bb.vc_custom_1713268798228{margin-bottom: 15px !important;}\u00bb][vc_single_image image=\u00bb6936&#8243; img_size=\u00bbfull\u00bb onclick=\u00bbcustom_link\u00bb el_class=\u00bbsusplaatjes\u00bb link=\u00bbhttps:\/\/www.csiportal.com\/es\/soluciones\/objetivos-de-sostenibilidad\/\u00bb][vc_single_image image=\u00bb6939&#8243; img_size=\u00bbfull\u00bb onclick=\u00bbcustom_link\u00bb el_class=\u00bbsusplaatjes\u00bb link=\u00bbhttps:\/\/www.csiportal.com\/es\/soluciones\/objetivos-de-sostenibilidad\/\u00bb][\/vc_column_inner][\/vc_row_inner][\/vc_column][\/vc_row][vc_row full_width=\u00bbstretch_row\u00bb el_class=\u00bbfooterslogan groenbg\u00bb css=\u00bb.vc_custom_1709560509798{background-color: #919dab !important;}\u00bb][vc_column][vc_column_text]<\/p>\n<p style=\"text-align: center;\">\u00bfQuiere m\u00e1s informaci\u00f3n? <strong>Ll\u00e1menos.<\/strong><\/p>\n<p>[\/vc_column_text][\/vc_column][\/vc_row]<\/p>\n<\/div>","protected":false},"excerpt":{"rendered":"<p>[vc_row css=\u00bb.vc_custom_1521044141128{margin-top: 50px !important;}\u00bb][vc_column width=\u00bb1\/4&#8243; el_class=\u00bbsolsidebar\u00bb][vc_widget_sidebar sidebar_id=\u00bbsidebar-sustainability\u00bb][\/vc_column][vc_column width=\u00bb3\/4&#8243; el_class=\u00bbsoldetailtext\u00bb][vc_row_inner el_class=\u00bbbartoptitlefullbtndown\u00bb][vc_column_inner width=\u00bb4\/6&#8243;][vc_custom_heading text=\u00bbSostenibilidad y CSi\u00bb use_theme_fonts=\u00bbyes\u00bb el_class=\u00bbpuntend groenpunt\u00bb][vc_custom_heading text=\u00bbAdoptar la sostenibilidad para propiciar un futuro m\u00e1s verde\u00bb<span class=\"excerpt-hellip\"> [\u2026]<\/span><\/p>\n","protected":false},"author":1,"featured_media":0,"parent":2750,"menu_order":0,"comment_status":"closed","ping_status":"closed","template":"","meta":{"om_disable_all_campaigns":false,"footnotes":""},"class_list":["post-5535","page","type-page","status-publish","hentry"],"yoast_head":"<!-- This site is optimized with the Yoast SEO plugin v26.6 - https:\/\/yoast.com\/wordpress\/plugins\/seo\/ -->\n<title>World&#039;s leading material handling and palletising system company CSi<\/title>\n<meta name=\"description\" content=\"Palletising systems save time and the need for manual palletising activities at the end of the packing line, therefore providing ROI.\" \/>\n<meta name=\"robots\" content=\"index, follow, max-snippet:-1, max-image-preview:large, max-video-preview:-1\" \/>\n<link rel=\"canonical\" href=\"https:\/\/www.csiportal.com\/es\/soluciones\/sostenibilidad-y-csi\/\" \/>\n<meta property=\"og:locale\" content=\"es_ES\" \/>\n<meta property=\"og:type\" content=\"article\" \/>\n<meta property=\"og:title\" content=\"World&#039;s leading material handling and palletising system company CSi\" \/>\n<meta property=\"og:description\" content=\"Palletising systems save time and the need for manual palletising activities at the end of the packing line, therefore providing ROI.\" \/>\n<meta property=\"og:url\" content=\"https:\/\/www.csiportal.com\/es\/soluciones\/sostenibilidad-y-csi\/\" \/>\n<meta property=\"og:site_name\" content=\"CSi palletising\" \/>\n<meta property=\"article:modified_time\" content=\"2024-04-25T13:59:12+00:00\" \/>\n<meta name=\"twitter:card\" content=\"summary_large_image\" \/>\n<meta name=\"twitter:label1\" content=\"Tiempo de lectura\" \/>\n\t<meta name=\"twitter:data1\" content=\"4 minutos\" \/>\n<script type=\"application\/ld+json\" class=\"yoast-schema-graph\">{\"@context\":\"https:\/\/schema.org\",\"@graph\":[{\"@type\":\"WebPage\",\"@id\":\"https:\/\/www.csiportal.com\/es\/soluciones\/sostenibilidad-y-csi\/\",\"url\":\"https:\/\/www.csiportal.com\/es\/soluciones\/sostenibilidad-y-csi\/\",\"name\":\"World's leading material handling and palletising system company CSi\",\"isPartOf\":{\"@id\":\"https:\/\/www.csiportal.com\/es\/#website\"},\"datePublished\":\"2024-04-25T13:21:20+00:00\",\"dateModified\":\"2024-04-25T13:59:12+00:00\",\"description\":\"Palletising systems save time and the need for manual palletising activities at the end of the packing line, therefore providing ROI.\",\"breadcrumb\":{\"@id\":\"https:\/\/www.csiportal.com\/es\/soluciones\/sostenibilidad-y-csi\/#breadcrumb\"},\"inLanguage\":\"es\",\"potentialAction\":[{\"@type\":\"ReadAction\",\"target\":[\"https:\/\/www.csiportal.com\/es\/soluciones\/sostenibilidad-y-csi\/\"]}]},{\"@type\":\"BreadcrumbList\",\"@id\":\"https:\/\/www.csiportal.com\/es\/soluciones\/sostenibilidad-y-csi\/#breadcrumb\",\"itemListElement\":[{\"@type\":\"ListItem\",\"position\":1,\"name\":\"Home\",\"item\":\"https:\/\/www.csiportal.com\/es\/\"},{\"@type\":\"ListItem\",\"position\":2,\"name\":\"Soluciones\",\"item\":\"https:\/\/www.csiportal.com\/es\/soluciones\/\"},{\"@type\":\"ListItem\",\"position\":3,\"name\":\"Sostenibilidad y CSi\"}]},{\"@type\":\"WebSite\",\"@id\":\"https:\/\/www.csiportal.com\/es\/#website\",\"url\":\"https:\/\/www.csiportal.com\/es\/\",\"name\":\"CSi palletising\",\"description\":\"\",\"potentialAction\":[{\"@type\":\"SearchAction\",\"target\":{\"@type\":\"EntryPoint\",\"urlTemplate\":\"https:\/\/www.csiportal.com\/es\/?s={search_term_string}\"},\"query-input\":{\"@type\":\"PropertyValueSpecification\",\"valueRequired\":true,\"valueName\":\"search_term_string\"}}],\"inLanguage\":\"es\"}]}<\/script>\n<!-- \/ Yoast SEO plugin. -->","yoast_head_json":{"title":"World's leading material handling and palletising system company CSi","description":"Palletising systems save time and the need for manual palletising activities at the end of the packing line, therefore providing ROI.","robots":{"index":"index","follow":"follow","max-snippet":"max-snippet:-1","max-image-preview":"max-image-preview:large","max-video-preview":"max-video-preview:-1"},"canonical":"https:\/\/www.csiportal.com\/es\/soluciones\/sostenibilidad-y-csi\/","og_locale":"es_ES","og_type":"article","og_title":"World's leading material handling and palletising system company CSi","og_description":"Palletising systems save time and the need for manual palletising activities at the end of the packing line, therefore providing ROI.","og_url":"https:\/\/www.csiportal.com\/es\/soluciones\/sostenibilidad-y-csi\/","og_site_name":"CSi palletising","article_modified_time":"2024-04-25T13:59:12+00:00","twitter_card":"summary_large_image","twitter_misc":{"Tiempo de lectura":"4 minutos"},"schema":{"@context":"https:\/\/schema.org","@graph":[{"@type":"WebPage","@id":"https:\/\/www.csiportal.com\/es\/soluciones\/sostenibilidad-y-csi\/","url":"https:\/\/www.csiportal.com\/es\/soluciones\/sostenibilidad-y-csi\/","name":"World's leading material handling and palletising system company CSi","isPartOf":{"@id":"https:\/\/www.csiportal.com\/es\/#website"},"datePublished":"2024-04-25T13:21:20+00:00","dateModified":"2024-04-25T13:59:12+00:00","description":"Palletising systems save time and the need for manual palletising activities at the end of the packing line, therefore providing ROI.","breadcrumb":{"@id":"https:\/\/www.csiportal.com\/es\/soluciones\/sostenibilidad-y-csi\/#breadcrumb"},"inLanguage":"es","potentialAction":[{"@type":"ReadAction","target":["https:\/\/www.csiportal.com\/es\/soluciones\/sostenibilidad-y-csi\/"]}]},{"@type":"BreadcrumbList","@id":"https:\/\/www.csiportal.com\/es\/soluciones\/sostenibilidad-y-csi\/#breadcrumb","itemListElement":[{"@type":"ListItem","position":1,"name":"Home","item":"https:\/\/www.csiportal.com\/es\/"},{"@type":"ListItem","position":2,"name":"Soluciones","item":"https:\/\/www.csiportal.com\/es\/soluciones\/"},{"@type":"ListItem","position":3,"name":"Sostenibilidad y CSi"}]},{"@type":"WebSite","@id":"https:\/\/www.csiportal.com\/es\/#website","url":"https:\/\/www.csiportal.com\/es\/","name":"CSi palletising","description":"","potentialAction":[{"@type":"SearchAction","target":{"@type":"EntryPoint","urlTemplate":"https:\/\/www.csiportal.com\/es\/?s={search_term_string}"},"query-input":{"@type":"PropertyValueSpecification","valueRequired":true,"valueName":"search_term_string"}}],"inLanguage":"es"}]}},"_links":{"self":[{"href":"https:\/\/www.csiportal.com\/es\/wp-json\/wp\/v2\/pages\/5535","targetHints":{"allow":["GET"]}}],"collection":[{"href":"https:\/\/www.csiportal.com\/es\/wp-json\/wp\/v2\/pages"}],"about":[{"href":"https:\/\/www.csiportal.com\/es\/wp-json\/wp\/v2\/types\/page"}],"author":[{"embeddable":true,"href":"https:\/\/www.csiportal.com\/es\/wp-json\/wp\/v2\/users\/1"}],"replies":[{"embeddable":true,"href":"https:\/\/www.csiportal.com\/es\/wp-json\/wp\/v2\/comments?post=5535"}],"version-history":[{"count":9,"href":"https:\/\/www.csiportal.com\/es\/wp-json\/wp\/v2\/pages\/5535\/revisions"}],"predecessor-version":[{"id":7075,"href":"https:\/\/www.csiportal.com\/es\/wp-json\/wp\/v2\/pages\/5535\/revisions\/7075"}],"up":[{"embeddable":true,"href":"https:\/\/www.csiportal.com\/es\/wp-json\/wp\/v2\/pages\/2750"}],"wp:attachment":[{"href":"https:\/\/www.csiportal.com\/es\/wp-json\/wp\/v2\/media?parent=5535"}],"curies":[{"name":"wp","href":"https:\/\/api.w.org\/{rel}","templated":true}]}}